{"id":13,"date":"2024-01-29T20:17:04","date_gmt":"2024-01-30T01:17:04","guid":{"rendered":"https:\/\/canada.wordcamp.org\/2024\/?page_id=13"},"modified":"2024-05-09T19:45:02","modified_gmt":"2024-05-09T23:45:02","slug":"billets","status":"publish","type":"page","link":"https:\/\/canada.wordcamp.org\/2024-fr\/billets\/","title":{"rendered":"Billets"},"content":{"rendered":"\n<p>Le WordCamp Canada 2024 aura lieu cette ann\u00e9e du 11 au 13 juillet 2024. Rejoignez-nous au <a href=\"https:\/\/canada.wordcamp.org\/2024\/location\/\">Centre des congr\u00e8s Infinity<\/a> \u00e0 Ottawa, en Ontario, pour le WordCamp Canada WCEH !<\/p>\n\n\n\n<p>WordCamp Canada est un \u00e9v\u00e9nement destin\u00e9 aux utilisateurs WordPress de tous les niveaux. Que vous d\u00e9butiez avec WordPress ou que vous soyez un expert chevronn\u00e9, WCEH ! 2024 promet une gamme compl\u00e8te de conf\u00e9rences, d&rsquo;ateliers et de s\u00e9ances de perfectionnement. Les billets r\u00e9guliers commencent \u00e0 seulement 75 $, un montant incroyable pour un \u00e9v\u00e9nement de ce calibre.<\/p>\n\n\n\n<p>Les participants de WordCamp Canada incluront un assortiment diversifi\u00e9 de pigistes, de propri\u00e9taires d&rsquo;agences, d&rsquo;auteurs de plugins et de th\u00e8mes, de d\u00e9veloppeurs backend et frontend, de professionnels d&rsquo;entreprise, de concepteurs, de sp\u00e9cialistes du marketing, et plus encore. Rejoignez ce groupe d&rsquo;expert et de passionn\u00e9 \u00e0 WCEH ! et partagez la passion pour la libert\u00e9, la flexibilit\u00e9 et l&rsquo;innovation que permet le CMS WordPress.<\/p>\n\n\n\n<p>En tant que participant \u00e0 WCEH !, vous aurez l&rsquo;occasion de d\u00e9couvrir de nouvelles fa\u00e7ons de tirer parti de votre WordPress, de d\u00e9velopper vos comp\u00e9tences et de nouer de pr\u00e9cieux liens.<\/p>\n\n\n\n<h2 class=\"wp-block-heading\" id=\"block-a9534627-58eb-4652-8698-d128e417d8a5\">Achetez vos billets d\u00e8s aujourd&rsquo;hui !<\/h2>\n\n\n\n<p id=\"block-601c7c13-11f3-4fe1-b0a0-fe55fbbd64ed\">Votre billet vous donne acc\u00e8s aux trois jours de WordCamp Canada, ce qui comprendra :<\/p>\n\n\n\n<ul class=\"wp-block-list\" id=\"block-51430b2d-3f17-4a31-b51d-9e01684241e8\">\n<li>De nombreuses sessions de conf\u00e9renciers captivants.<\/li>\n\n\n\n<li>La possibilit\u00e9s de r\u00e9seautage &#8211; des occasions inestimables d&rsquo;entrer en contact avec d&rsquo;autres professionnels du web.<\/li>\n\n\n\n<li>Des d\u00e9jeuners et collations.<\/li>\n\n\n\n<li>Des opportunit\u00e9s de rencontrer nos sponsors qui pourraient vous fournir de nombreuses choses dont vous pourriez avoir besoin pour votre site WordPress : plugins, th\u00e8mes, solutions d&rsquo;h\u00e9bergement, technologies de s\u00e9curit\u00e9, et plus encore.<\/li>\n\n\n\n<li>Un acc\u00e9s \u00e0 la journ\u00e9e des contributeurs, o\u00f9 les nouveaux contributeurs rencontrent les plus exp\u00e9riment\u00e9s pour se r\u00e9unir afin de faire avancer au projet le CMS open source WordPress.<\/li>\n\n\n\n<li>Un \u00e9v\u00e9nement social pour la journ\u00e9e de cl\u00f4ture.<\/li>\n\n\n\n<li>Tout en un seul lieu.<\/li>\n<\/ul>\n\n\n\n<h3 class=\"wp-block-heading\" id=\"block-87ad68d0-0811-4b92-bfc3-cf6d945c337a\">Remarque concernant les allergies<\/h3>\n\n\n\n<p>Sur le formulaire d&rsquo;enregistrement des billets, vous trouverez une option permettant d&rsquo;indiquer vos allergies graves. Apr\u00e8s avoir s\u00e9lectionn\u00e9 cette option et compl\u00e9t\u00e9 l&rsquo;achat de votre billet, un membre de notre \u00e9quipe d&rsquo;organisation vous contactera directement pour discuter de vos besoins en d\u00e9tail.<\/p>\n\n\n\n<h3 class=\"wp-block-heading\" id=\"block-22434a6c-99ab-4197-928a-a89cc983bd4d\">Lettres de visa<\/h3>\n\n\n\n<p id=\"block-51d5ab98-fb14-48a8-835d-f695935f130c\">Une fois que vous avez un billet, veuillez nous contacter \u00e0 l&rsquo;adresse <a href=\"mailto:canada@wordcamp.org\">canada@wordcamp.org<\/a> pour nous faire une demande de lettre de demande de visa.<\/p>\n\n\n\n<h2 class=\"wp-block-heading\">Nos billets<\/h2>\n\n\n\n<h3 class=\"wp-block-heading\">Billets \u00e0 plein tarif (Micro-parrainage fondateur)<\/h3>\n\n\n\n<p>Billets pour les micro-commanditaires : 210 $ CAD. Ces billets couvrent le <strong>co\u00fbt r\u00e9el<\/strong> de la participation \u00e0 WordCamp Canada. Les micro-commanditaires seront inscrits sur notre mur des parrainages pour leur contribution \u00e0 WordCamp Canada 2024.<\/p>\n\n\n\n<p>Veuillez acheter un billet \u00e0 plein tarif si vous ou votre entreprise en avez les moyens. Il s&rsquo;agit du co\u00fbt r\u00e9el par personne pour chaque participant \u00e0 l&rsquo;organisation d&rsquo;un WordCamp et cela aide \u00e0 couvrir le co\u00fbt du camp.<\/p>\n\n\n\n<h3 class=\"wp-block-heading\" id=\"the-tickets\">Billets r\u00e9guliers<\/h3>\n\n\n\n<p>Billets r\u00e9guliers: 75,00 $ CAD.<\/p>\n\n\n\n<h2 class=\"wp-block-heading\">Acheter des billets<\/h2>\n\n\n\n<p>Malheureusement, il n&rsquo;est pas possible de proposer les billets en fran\u00e7ais. Pour acheter des billets, veuillez utiliser la <a href=\"https:\/\/canada.wordcamp.org\/2024\/tickets\/#the-tickets\">page des billets<\/a> sur le site anglais.<\/p>\n\n\n\n<div class=\"wp-block-buttons is-content-justification-center is-layout-flex wp-container-core-buttons-is-layout-a89b3969 wp-block-buttons-is-layout-flex\">\n<div class=\"wp-block-button\"><a class=\"wp-block-button__link wp-element-button\" href=\"https:\/\/canada.wordcamp.org\/2024\/tickets\/#the-tickets\">Achat de billets ( sur le site anglais )<\/a><\/div>\n<\/div>\n\n\n\n<div style=\"height:55px\" aria-hidden=\"true\" class=\"wp-block-spacer\"><\/div>\n\n\n\n<div class=\"wp-block-buttons is-content-justification-center is-layout-flex wp-container-core-buttons-is-layout-a89b3969 wp-block-buttons-is-layout-flex\">\n<div class=\"wp-block-button\"><a class=\"wp-block-button__link wp-element-button\" href=\"https:\/\/canada.wordcamp.org\/2024-fr\/rassembler-votre-equipe\/\">Vous voulez amener votre \u00e9quipe \u00e0 WordCamp Canada ? Nous pouvons vous aider !<\/a><\/div>\n<\/div>\n\n\n\n<div style=\"height:100px\" aria-hidden=\"true\" class=\"wp-block-spacer\"><\/div>\n\n\n\n<div class=\"wp-block-group has-global-padding is-layout-constrained wp-block-group-is-layout-constrained\"><\/div>\n","protected":false},"excerpt":{"rendered":"<p>Le WordCamp Canada 2024 aura lieu cette ann\u00e9e du 11 au 13 juillet 2024. Rejoignez-nous au Centre des congr\u00e8s Infinity \u00e0 Ottawa, en Ontario, pour le WordCamp Canada WCEH ! WordCamp Canada est un \u00e9v\u00e9nement destin\u00e9 aux utilisateurs WordPress de tous les niveaux. Que vous d\u00e9butiez avec WordPress ou que vous soyez un expert chevronn\u00e9, [&hellip;]<\/p>\n","protected":false},"author":125013,"featured_media":279,"parent":0,"menu_order":0,"comment_status":"closed","ping_status":"closed","template":"full-wide-page","meta":{"jetpack_post_was_ever_published":false,"footnotes":""},"class_list":["post-13","page","type-page","status-publish","has-post-thumbnail","hentry"],"jetpack_sharing_enabled":true,"_links":{"self":[{"href":"https:\/\/canada.wordcamp.org\/2024-fr\/wp-json\/wp\/v2\/pages\/13","targetHints":{"allow":["GET"]}}],"collection":[{"href":"https:\/\/canada.wordcamp.org\/2024-fr\/wp-json\/wp\/v2\/pages"}],"about":[{"href":"https:\/\/canada.wordcamp.org\/2024-fr\/wp-json\/wp\/v2\/types\/page"}],"author":[{"embeddable":true,"href":"https:\/\/canada.wordcamp.org\/2024-fr\/wp-json\/wp\/v2\/users\/125013"}],"replies":[{"embeddable":true,"href":"https:\/\/canada.wordcamp.org\/2024-fr\/wp-json\/wp\/v2\/comments?post=13"}],"version-history":[{"count":7,"href":"https:\/\/canada.wordcamp.org\/2024-fr\/wp-json\/wp\/v2\/pages\/13\/revisions"}],"predecessor-version":[{"id":6279,"href":"https:\/\/canada.wordcamp.org\/2024-fr\/wp-json\/wp\/v2\/pages\/13\/revisions\/6279"}],"wp:featuredmedia":[{"embeddable":true,"href":"https:\/\/canada.wordcamp.org\/2024-fr\/wp-json\/wp\/v2\/media\/279"}],"wp:attachment":[{"href":"https:\/\/canada.wordcamp.org\/2024-fr\/wp-json\/wp\/v2\/media?parent=13"}],"curies":[{"name":"wp","href":"https:\/\/api.w.org\/{rel}","templated":true}]}}