{"id":19,"date":"2024-02-15T02:23:49","date_gmt":"2024-02-15T02:23:49","guid":{"rendered":"https:\/\/canada.wordcamp.org\/2024-fr\/?page_id=19"},"modified":"2024-07-02T23:44:14","modified_gmt":"2024-07-03T03:44:14","slug":"wordcamp-canada-2024","status":"publish","type":"page","link":"https:\/\/canada.wordcamp.org\/2024-fr\/","title":{"rendered":"WordCamp Canada 2024!"},"content":{"rendered":"\n<div id=\"home-callout\" class=\"wp-block-group has-base-2-background-color has-background has-global-padding is-layout-constrained wp-block-group-is-layout-constrained\">\n<p class=\"has-text-align-center has-large-font-size\"><strong><strong>11-13 juillet 2024<\/strong><br>Ottawa, ON Canada<\/strong><\/p>\n\n\n\n<ul class=\"wp-block-social-links is-content-justification-center is-layout-flex wp-container-core-social-links-is-layout-a89b3969 wp-block-social-links-is-layout-flex\"><li class=\"wp-social-link wp-social-link-facebook  wp-block-social-link\"><a href=\"https:\/\/www.facebook.com\/WordCampCanada\/\" class=\"wp-block-social-link-anchor\"><svg width=\"24\" height=\"24\" viewBox=\"0 0 24 24\" version=\"1.1\" xmlns=\"http:\/\/www.w3.org\/2000\/svg\" aria-hidden=\"true\" focusable=\"false\"><path d=\"M12 2C6.5 2 2 6.5 2 12c0 5 3.7 9.1 8.4 9.9v-7H7.9V12h2.5V9.8c0-2.5 1.5-3.9 3.8-3.9 1.1 0 2.2.2 2.2.2v2.5h-1.3c-1.2 0-1.6.8-1.6 1.6V12h2.8l-.4 2.9h-2.3v7C18.3 21.1 22 17 22 12c0-5.5-4.5-10-10-10z\"><\/path><\/svg><span class=\"wp-block-social-link-label screen-reader-text\">Facebook<\/span><\/a><\/li>\n\n<li class=\"wp-social-link wp-social-link-twitter  wp-block-social-link\"><a href=\"https:\/\/twitter.com\/WordCampCanada\" class=\"wp-block-social-link-anchor\"><svg width=\"24\" height=\"24\" viewBox=\"0 0 24 24\" version=\"1.1\" xmlns=\"http:\/\/www.w3.org\/2000\/svg\" aria-hidden=\"true\" focusable=\"false\"><path d=\"M22.23,5.924c-0.736,0.326-1.527,0.547-2.357,0.646c0.847-0.508,1.498-1.312,1.804-2.27 c-0.793,0.47-1.671,0.812-2.606,0.996C18.324,4.498,17.257,4,16.077,4c-2.266,0-4.103,1.837-4.103,4.103 c0,0.322,0.036,0.635,0.106,0.935C8.67,8.867,5.647,7.234,3.623,4.751C3.27,5.357,3.067,6.062,3.067,6.814 c0,1.424,0.724,2.679,1.825,3.415c-0.673-0.021-1.305-0.206-1.859-0.513c0,0.017,0,0.034,0,0.052c0,1.988,1.414,3.647,3.292,4.023 c-0.344,0.094-0.707,0.144-1.081,0.144c-0.264,0-0.521-0.026-0.772-0.074c0.522,1.63,2.038,2.816,3.833,2.85 c-1.404,1.1-3.174,1.756-5.096,1.756c-0.331,0-0.658-0.019-0.979-0.057c1.816,1.164,3.973,1.843,6.29,1.843 c7.547,0,11.675-6.252,11.675-11.675c0-0.178-0.004-0.355-0.012-0.531C20.985,7.47,21.68,6.747,22.23,5.924z\"><\/path><\/svg><span class=\"wp-block-social-link-label screen-reader-text\">Twitter<\/span><\/a><\/li><\/ul>\n\n\n\n<p class=\"has-text-align-center\"><a href=\"https:\/\/canada.wordcamp.org\/2024-fr\/billets\/\" data-type=\"page\" data-id=\"13\"><\/a><a href=\"https:\/\/canada.wordcamp.org\/2024-fr\/billets\/\">Billets<\/a> | <a href=\"https:\/\/canada.wordcamp.org\/2024-fr\/prospectus-de-parrainage\/\" data-type=\"page\" data-id=\"381\">Commanditer WordCamp Canada<\/a> | <a href=\"https:\/\/canada.wordcamp.org\/2024-fr\/rassembler-votre-equipe\/\" data-type=\"page\" data-id=\"690\">Faites venir votre \u00e9quipe<\/a><\/p>\n<\/div>\n\n\n\n<div class=\"wp-block-columns is-layout-flex wp-container-core-columns-is-layout-28f84493 wp-block-columns-is-layout-flex\">\n<div class=\"wp-block-column is-layout-flow wp-block-column-is-layout-flow\" style=\"flex-basis:33.33%\">\n<figure class=\"wp-block-image size-full has-custom-border is-style-rounded wp-duotone-unset-2 is-style-rounded--1\"><img loading=\"lazy\" decoding=\"async\" width=\"1024\" height=\"1024\" src=\"https:\/\/canada.wordcamp.org\/2024\/files\/2024\/01\/peeps.png\" alt=\"\" class=\"wp-image-466\" style=\"border-radius:10px;object-fit:cover\" srcset=\"https:\/\/canada.wordcamp.org\/2024-fr\/files\/2024\/01\/peeps.png 1024w, https:\/\/canada.wordcamp.org\/2024-fr\/files\/2024\/01\/peeps-300x300.png 300w, https:\/\/canada.wordcamp.org\/2024-fr\/files\/2024\/01\/peeps-150x150.png 150w, https:\/\/canada.wordcamp.org\/2024-fr\/files\/2024\/01\/peeps-768x768.png 768w\" sizes=\"auto, (max-width: 1024px) 100vw, 1024px\" \/><\/figure>\n<\/div>\n\n\n\n<div class=\"wp-block-column is-layout-flow wp-block-column-is-layout-flow\" style=\"flex-basis:66.66%\">\n<h2 class=\"wp-block-heading\">De la part des <a href=\"https:\/\/canada.wordcamp.org\/2024-fr\/organisateurs\/\">organisateurs<\/a><\/h2>\n\n\n\n<p>WordCamp Canada 2024 arrive ! <br>Marquez vos calendriers pour les journ\u00e9es du 11-12-13 juillet 2024 avec notamment la journ\u00e9e des contributeurs le 11 juillet !<\/p>\n\n\n\n<p>Nous sommes \u00e0 la recherche de <a href=\"https:\/\/canada.wordcamp.org\/2024-fr\/demande-de-volontaire\/\">b\u00e9n\u00e9voles<\/a> et de <a href=\"https:\/\/canada.wordcamp.org\/2024-fr\/prospectus-de-parrainage\/\">sponsors<\/a>, alors faites-nous savoir si vous \u00eates int\u00e9ress\u00e9s.<\/p>\n\n\n\n<p>Nous recherchons des organisateurs de WordCamps (pass\u00e9s et futurs) \u00e0 travers tout le pays pour nous aider \u00e0 organiser, contactez l&rsquo;un d&rsquo;entre nous d\u00e8s que possible !<\/p>\n\n\n\n<p><a href=\"https:\/\/canada.wordcamp.org\/2024-fr\/contact\/\" data-type=\"page\" data-id=\"17\">Contactez nous ici<\/a> !<\/p>\n<\/div>\n<\/div>\n\n\n\n<div style=\"height:71px\" aria-hidden=\"true\" class=\"wp-block-spacer\"><\/div>\n\n\n\n<h2 class=\"wp-block-heading\">Nouvelles<\/h2>\n\n\n\n<div class=\"wp-block-query is-layout-flow wp-block-query-is-layout-flow\"><ul class=\"wp-block-post-template is-layout-flow wp-block-post-template-is-layout-flow\"><li class=\"wp-block-post post-6082 post type-post status-publish format-standard hentry category-communiques category-les-orateurs\">\n<h3 class=\"wp-block-post-title\"><a href=\"https:\/\/canada.wordcamp.org\/2024-fr\/elargir-les-horizons-accueillir-plus-dexperts-a-wordcamp-canada\/\" target=\"_self\" >\u00c9largir les horizons : Accueillir plus d&rsquo;experts \u00e0 WordCamp Canada<\/a><\/h3>\n\n<div class=\"wp-block-post-date\"><time datetime=\"2024-04-10T08:00:00-04:00\">avril 10, 2024<\/time><\/div>\n\n<div class=\"wp-block-post-excerpt\"><p class=\"wp-block-post-excerpt__excerpt\">Nous sommes tr\u00e8s enthousiastes \u00e0 l&rsquo;id\u00e9e d&rsquo;annoncer la prochaine liste de conf\u00e9renciers qui seront pr\u00e9sents sur les sc\u00e8nes de WordCamp Canada. Chacun d&rsquo;entre eux apporte une richesse de connaissances et d&rsquo;exp\u00e9riences qui promet d&rsquo;enrichir notre apprentissage collectif et nos occasions de r\u00e9seautage. Qu&rsquo;il s&rsquo;agisse des derni\u00e8res technologies de d\u00e9veloppement Web ou de strat\u00e9gies r\u00e9volutionnaires en<\/p><p class=\"wp-block-post-excerpt__more-text\"><a class=\"wp-block-post-excerpt__more-link\" href=\"https:\/\/canada.wordcamp.org\/2024-fr\/elargir-les-horizons-accueillir-plus-dexperts-a-wordcamp-canada\/\">Lire la suite<\/a><\/p><\/div>\n<\/li><li class=\"wp-block-post post-6086 post type-post status-publish format-standard hentry category-communiques category-les-orateurs\">\n<h3 class=\"wp-block-post-title\"><a href=\"https:\/\/canada.wordcamp.org\/2024-fr\/nouvelles-perspectives-les-derniers-conferenciers-devoiles-pour-wordcamp-canada\/\" target=\"_self\" >Nouvelles perspectives : Les derniers conf\u00e9renciers d\u00e9voil\u00e9s pour WordCamp Canada<\/a><\/h3>\n\n<div class=\"wp-block-post-date\"><time datetime=\"2024-04-08T08:00:00-04:00\">avril 8, 2024<\/time><\/div>\n\n<div class=\"wp-block-post-excerpt\"><p class=\"wp-block-post-excerpt__excerpt\">Alors que WordCamp Canada se rapproche de plus en plus, nous sommes ravis de d\u00e9voiler un nouveau groupe de conf\u00e9renciers qui sont pr\u00eats \u00e0 partager leurs id\u00e9es et histoires avant-gardistes avec notre communaut\u00e9. Ce groupe diversifi\u00e9 de professionnels de WordPress, de cr\u00e9ateurs de contenu et de chefs de file de l&rsquo;industrie est pr\u00eat \u00e0 pr\u00e9senter<\/p><p class=\"wp-block-post-excerpt__more-text\"><a class=\"wp-block-post-excerpt__more-link\" href=\"https:\/\/canada.wordcamp.org\/2024-fr\/nouvelles-perspectives-les-derniers-conferenciers-devoiles-pour-wordcamp-canada\/\">Lire la suite<\/a><\/p><\/div>\n<\/li><li class=\"wp-block-post post-5951 post type-post status-publish format-standard hentry category-communiques category-les-orateurs\">\n<h3 class=\"wp-block-post-title\"><a href=\"https:\/\/canada.wordcamp.org\/2024-fr\/coup-de-projecteur-annonce-du-prochain-groupe-dorateurs\/\" target=\"_self\" >Coup de projecteur : Annonce du prochain groupe d&rsquo;orateurs<\/a><\/h3>\n\n<div class=\"wp-block-post-date\"><time datetime=\"2024-04-04T08:00:00-04:00\">avril 4, 2024<\/time><\/div>\n\n<div class=\"wp-block-post-excerpt\"><p class=\"wp-block-post-excerpt__excerpt\">Alors que l&rsquo;excitation monte pour WordCamp Canada, nous sommes ravis de d\u00e9voiler notre deuxi\u00e8me s\u00e9rie de conf\u00e9renciers, chacun apportant son point de vue unique et son expertise in\u00e9gal\u00e9e. Ce nouveau groupe d&rsquo;aficionados de WordPress, allant de concepteurs visionnaires \u00e0 des maestros du marketing, vient enrichir notre programme d\u00e9j\u00e0 tr\u00e8s diversifi\u00e9. Ils sont pr\u00eats \u00e0 enflammer<\/p><p class=\"wp-block-post-excerpt__more-text\"><a class=\"wp-block-post-excerpt__more-link\" href=\"https:\/\/canada.wordcamp.org\/2024-fr\/coup-de-projecteur-annonce-du-prochain-groupe-dorateurs\/\">Lire la suite<\/a><\/p><\/div>\n<\/li><\/ul>\n\n<nav class=\"wp-block-query-pagination is-layout-flex wp-block-query-pagination-is-layout-flex\" aria-label=\"Pagination\">\n\n\n<div class=\"wp-block-query-pagination-numbers\"><span aria-current=\"page\" class=\"page-numbers current\">1<\/span>\n<a class=\"page-numbers\" href=\"?query-0-page=2\">2<\/a>\n<a class=\"page-numbers\" href=\"?query-0-page=3\">3<\/a>\n<a class=\"page-numbers\" href=\"?query-0-page=4\">4<\/a><\/div>\n\n<a href=\"\/2024-fr\/wp-json\/wp\/v2\/pages\/19?query-0-page=2\" class=\"wp-block-query-pagination-next\">Page suivante<\/a>\n<\/nav>\n\n<\/div>\n","protected":false},"excerpt":{"rendered":"<p>11-13 juillet 2024Ottawa, ON Canada Billets | Commanditer WordCamp Canada | Faites venir votre \u00e9quipe De la part des organisateurs WordCamp Canada 2024 arrive ! Marquez vos calendriers pour les journ\u00e9es du 11-12-13 juillet 2024 avec notamment la journ\u00e9e des contributeurs le 11 juillet ! Nous sommes \u00e0 la recherche de b\u00e9n\u00e9voles et de sponsors, [&hellip;]<\/p>\n","protected":false},"author":14513750,"featured_media":279,"parent":0,"menu_order":0,"comment_status":"closed","ping_status":"closed","template":"full-wide-page","meta":{"jetpack_post_was_ever_published":false,"footnotes":""},"class_list":["post-19","page","type-page","status-publish","has-post-thumbnail","hentry"],"jetpack_sharing_enabled":true,"_links":{"self":[{"href":"https:\/\/canada.wordcamp.org\/2024-fr\/wp-json\/wp\/v2\/pages\/19","targetHints":{"allow":["GET"]}}],"collection":[{"href":"https:\/\/canada.wordcamp.org\/2024-fr\/wp-json\/wp\/v2\/pages"}],"about":[{"href":"https:\/\/canada.wordcamp.org\/2024-fr\/wp-json\/wp\/v2\/types\/page"}],"author":[{"embeddable":true,"href":"https:\/\/canada.wordcamp.org\/2024-fr\/wp-json\/wp\/v2\/users\/14513750"}],"replies":[{"embeddable":true,"href":"https:\/\/canada.wordcamp.org\/2024-fr\/wp-json\/wp\/v2\/comments?post=19"}],"version-history":[{"count":20,"href":"https:\/\/canada.wordcamp.org\/2024-fr\/wp-json\/wp\/v2\/pages\/19\/revisions"}],"predecessor-version":[{"id":6349,"href":"https:\/\/canada.wordcamp.org\/2024-fr\/wp-json\/wp\/v2\/pages\/19\/revisions\/6349"}],"wp:featuredmedia":[{"embeddable":true,"href":"https:\/\/canada.wordcamp.org\/2024-fr\/wp-json\/wp\/v2\/media\/279"}],"wp:attachment":[{"href":"https:\/\/canada.wordcamp.org\/2024-fr\/wp-json\/wp\/v2\/media?parent=19"}],"curies":[{"name":"wp","href":"https:\/\/api.w.org\/{rel}","templated":true}]}}