{"id":381,"date":"2024-01-25T20:21:21","date_gmt":"2024-01-26T01:21:21","guid":{"rendered":"https:\/\/canada.wordcamp.org\/2024\/?page_id=381"},"modified":"2025-04-01T18:51:55","modified_gmt":"2025-04-01T22:51:55","slug":"prospectus-de-parrainage","status":"publish","type":"page","link":"https:\/\/canada.wordcamp.org\/2024-fr\/prospectus-de-parrainage\/","title":{"rendered":"Demande de parrainage"},"content":{"rendered":"\n<p>WordCamp Canada est votre chance d&rsquo;atteindre les utilisateurs WordPress du Grand Nord Am\u00e9rique !<\/p>\n\n\n\n<p>Nous sommes heureux de vous inviter \u00e0 devenir un fier commanditaire de la prochaine conf\u00e9rence WordCamp au Canada. WordCamp est une conf\u00e9rence communautaire qui rassemble des passionn\u00e9s de WordPress, des d\u00e9veloppeurs, des concepteurs, des blogueurs et des propri\u00e9taires d&rsquo;entreprise pour discuter et apprendre sur le populaire syst\u00e8me de gestion de contenu.<\/p>\n\n\n\n<p>En tant que l&rsquo;un des rassemblements les plus influents de la communaut\u00e9 WordPress, WordCamp Canada attire un groupe diversifi\u00e9 de participants de tout le pays. La conf\u00e9rence offre une occasion unique de faire du r\u00e9seautage, de partager des id\u00e9es et d&rsquo;acqu\u00e9rir des connaissances aupr\u00e8s des principaux experts de l&rsquo;industrie. Avec ses diverses sessions, ateliers et tables rondes, WordCamp Canada promet d&rsquo;\u00eatre un \u00e9v\u00e9nement \u00e9ducatif et inspirant.<\/p>\n\n\n\n<p>Pour faire de WordCamp Canada un succ\u00e8s, nous comptons sur le soutien g\u00e9n\u00e9reux de commanditaires comme vous. En devenant commanditaire, vous gagnerez non seulement en visibilit\u00e9 aupr\u00e8s d&rsquo;un public tr\u00e8s cibl\u00e9, mais vous d\u00e9montrerez \u00e9galement votre engagement \u00e0 favoriser le partage des connaissances et l&rsquo;innovation au sein de la communaut\u00e9 WordPress.<\/p>\n\n\n\n<ul class=\"wp-block-list\">\n<li>Pr\u00e9senter votre produit\/service directement aux utilisateurs passionn\u00e9s de WordPress, aux entreprises partenaires et aux clients potentiels en personne.<\/li>\n\n\n\n<li>Rester en t\u00eate du march\u00e9 en d\u00e9couvrant les derni\u00e8res tendances et \u00e9volutions de l&rsquo;\u00e9cosyst\u00e8me WordPress<\/li>\n\n\n\n<li>Contribuer de mani\u00e8re significative \u00e0 la communaut\u00e9 open-source, en particulier \u00e0 la communaut\u00e9 WordPress<\/li>\n\n\n\n<li>Am\u00e9liorer la visibilit\u00e9 de la marque aupr\u00e8s d&rsquo;un public tr\u00e8s cibl\u00e9 de professionnels et d&rsquo;utilisateurs de WordPress<\/li>\n\n\n\n<li>Entrer en contact avec des membres actifs de la communaut\u00e9 qui peuvent \u00eatre des partenaires ou des employ\u00e9s potentiels ou futurs.<\/li>\n\n\n\n<li>S&rsquo;engager aupr\u00e8s de la communaut\u00e9 en envoyant votre \u00e9quipe \u00e0 la journ\u00e9e des contributeurs et en contribuant au CMS que vous utilisez quotidiennement.<\/li>\n\n\n\n<li>Une v\u00e9ritable exp\u00e9rience canadienne<\/li>\n\n\n\n<li>Le lieu a une capacit\u00e9 de 1 000 personnes.<\/li>\n<\/ul>\n\n\n\n<div class=\"wp-block-group alignfull has-global-padding is-layout-constrained wp-container-core-group-is-layout-669513ed wp-block-group-is-layout-constrained\" style=\"margin-top:0;margin-bottom:0;padding-top:var(--wp--preset--spacing--50);padding-right:var(--wp--preset--spacing--50);padding-bottom:var(--wp--preset--spacing--50);padding-left:var(--wp--preset--spacing--50)\">\n<div class=\"wp-block-group alignwide has-base-2-background-color has-background has-global-padding is-layout-constrained wp-container-core-group-is-layout-a151063b wp-block-group-is-layout-constrained\" style=\"border-radius:16px;padding-top:var(--wp--preset--spacing--50);padding-right:var(--wp--preset--spacing--40);padding-bottom:var(--wp--preset--spacing--50);padding-left:var(--wp--preset--spacing--40)\">\n<div class=\"wp-block-group alignwide is-vertical is-content-justification-stretch is-layout-flex wp-container-core-group-is-layout-353c4f5a wp-block-group-is-layout-flex\">\n<h2 class=\"wp-block-heading has-text-align-center\">\u00c0 partir de $1,000 CAD<\/h2>\n\n\n\n<p class=\"has-text-align-center\">Nous proposons des options de parrainage flexibles, que nous pouvons adapter \u00e0 vos diff\u00e9rents besoins.<br>Parlez-nous de la fa\u00e7on dont vous pouvez aider.<\/p>\n<\/div>\n\n\n\n<div style=\"height:var(--wp--preset--spacing--30)\" aria-hidden=\"true\" class=\"wp-block-spacer\"><\/div>\n\n\n\n<div class=\"wp-block-columns alignwide is-layout-flex wp-container-core-columns-is-layout-06670bbc wp-block-columns-is-layout-flex\">\n<div class=\"wp-block-column is-layout-flow wp-block-column-is-layout-flow\" style=\"border-top-color:var(--wp--preset--color--contrast-3);border-top-width:2px;padding-top:var(--wp--preset--spacing--30);padding-right:var(--wp--preset--spacing--30);padding-bottom:var(--wp--preset--spacing--10);padding-left:var(--wp--preset--spacing--30)\">\n<h4 class=\"wp-block-heading has-text-align-center has-large-font-size\" style=\"padding-top:1px\">Sirop d&rsquo;\u00e9rable<\/h4>\n\n\n\n<h5 class=\"wp-block-heading has-text-align-center has-x-large-font-size\">$15,000<\/h5>\n\n\n\n<div style=\"height:6px\" aria-hidden=\"true\" class=\"wp-block-spacer\"><\/div>\n\n\n\n<div class=\"wp-block-group is-vertical is-content-justification-stretch is-layout-flex wp-container-core-group-is-layout-353c4f5a wp-block-group-is-layout-flex\">\n<hr class=\"wp-block-separator has-text-color has-contrast-3-color has-alpha-channel-opacity has-contrast-3-background-color has-background is-style-wide\" \/>\n\n\n\n<p class=\"has-text-align-center has-contrast-2-color has-text-color has-link-color wp-elements-5231fb22529947ffdba4c0286f3dbde5\"><strong>Stand double.<\/strong><\/p>\n\n\n\n<hr class=\"wp-block-separator has-text-color has-contrast-3-color has-alpha-channel-opacity has-contrast-3-background-color has-background is-style-wide\" \/>\n\n\n\n<ul class=\"wp-block-list is-style-checkmark-list\">\n<li>1 bo\u00eete de sirop d&rsquo;\u00e9rable local<\/li>\n\n\n\n<li>4 billets d&rsquo;\u00e9v\u00e9nement<\/li>\n\n\n\n<li>Insertion de sac<\/li>\n\n\n\n<li>4 possibilit\u00e9s de parler<\/li>\n\n\n\n<li>4 billets \u00e0 offrir en guise de prix<\/li>\n\n\n\n<li>Description de 75 mots sur le site Web<\/li>\n<\/ul>\n<\/div>\n\n\n\n<div style=\"height:1px\" aria-hidden=\"true\" class=\"wp-block-spacer\"><\/div>\n\n\n\n<div class=\"wp-block-buttons is-content-justification-center is-layout-flex wp-container-core-buttons-is-layout-a89b3969 wp-block-buttons-is-layout-flex\">\n<div class=\"wp-block-button has-custom-width wp-block-button__width-100 is-style-outline is-style-outline--1\"><a class=\"wp-block-button__link wp-element-button\" href=\"#sponsor-form\">Commanditer<\/a><\/div>\n<\/div>\n<\/div>\n\n\n\n<div class=\"wp-block-column is-layout-flow wp-block-column-is-layout-flow\" style=\"border-top-color:var(--wp--preset--color--contrast);border-top-width:2px;padding-top:var(--wp--preset--spacing--30);padding-right:var(--wp--preset--spacing--30);padding-bottom:var(--wp--preset--spacing--10);padding-left:var(--wp--preset--spacing--30)\">\n<h4 class=\"wp-block-heading has-text-align-center has-large-font-size\">Poutine<\/h4>\n\n\n\n<h5 class=\"wp-block-heading has-text-align-center has-x-large-font-size\">$10,000<\/h5>\n\n\n\n<div style=\"height:7px\" aria-hidden=\"true\" class=\"wp-block-spacer\"><\/div>\n\n\n\n<div class=\"wp-block-group is-vertical is-content-justification-stretch is-layout-flex wp-container-core-group-is-layout-353c4f5a wp-block-group-is-layout-flex\">\n<hr class=\"wp-block-separator has-text-color has-contrast-3-color has-alpha-channel-opacity has-contrast-3-background-color has-background is-style-wide\" \/>\n\n\n\n<p class=\"has-text-align-center\">Stand simple.<\/p>\n\n\n\n<hr class=\"wp-block-separator has-text-color has-contrast-3-color has-alpha-channel-opacity has-contrast-3-background-color has-background is-style-wide\" \/>\n\n\n\n<ul class=\"wp-block-list is-style-checkmark-list\">\n<li>1 bo\u00eete de Poutine locale<\/li>\n\n\n\n<li>2 billets d&rsquo;\u00e9v\u00e9nement<\/li>\n\n\n\n<li>Insertion de sac<\/li>\n\n\n\n<li>2 possibilit\u00e9s de parler<\/li>\n\n\n\n<li>2 billets \u00e0 offrir en guise de prix<\/li>\n\n\n\n<li>Description de 50 mots sur le site Web<\/li>\n<\/ul>\n<\/div>\n\n\n\n<div style=\"height:1px\" aria-hidden=\"true\" class=\"wp-block-spacer\"><\/div>\n\n\n\n<div class=\"wp-block-buttons is-content-justification-center is-layout-flex wp-container-core-buttons-is-layout-a89b3969 wp-block-buttons-is-layout-flex\">\n<div class=\"wp-block-button has-custom-width wp-block-button__width-100 is-style-outline is-style-outline--2\"><a class=\"wp-block-button__link wp-element-button\" href=\"#sponsor-form\">Commanditer<\/a><\/div>\n<\/div>\n<\/div>\n\n\n\n<div class=\"wp-block-column is-layout-flow wp-block-column-is-layout-flow\" style=\"border-top-color:var(--wp--preset--color--contrast-3);border-top-width:2px;padding-top:var(--wp--preset--spacing--30);padding-right:var(--wp--preset--spacing--30);padding-bottom:var(--wp--preset--spacing--10);padding-left:var(--wp--preset--spacing--30)\">\n<h4 class=\"wp-block-heading has-text-align-center has-large-font-size\" style=\"padding-top:1px\">Tartelette au beurre<\/h4>\n\n\n\n<h5 class=\"wp-block-heading has-text-align-center has-x-large-font-size\">$5,000<\/h5>\n\n\n\n<div style=\"height:3px\" aria-hidden=\"true\" class=\"wp-block-spacer\"><\/div>\n\n\n\n<div class=\"wp-block-group is-vertical is-content-justification-stretch is-layout-flex wp-container-core-group-is-layout-353c4f5a wp-block-group-is-layout-flex\">\n<hr class=\"wp-block-separator has-text-color has-contrast-3-color has-alpha-channel-opacity has-contrast-3-background-color has-background is-style-wide\" \/>\n\n\n\n<p class=\"has-text-align-center\">Stand simple.<\/p>\n\n\n\n<hr class=\"wp-block-separator has-text-color has-contrast-3-color has-alpha-channel-opacity has-contrast-3-background-color has-background is-style-wide\" \/>\n\n\n\n<ul class=\"wp-block-list is-style-checkmark-list\">\n<li>2 tartelettes au beurre locale<\/li>\n\n\n\n<li>2 billets d&rsquo;\u00e9v\u00e9nement<\/li>\n\n\n\n<li>Description de 25 mots sur le site Web<\/li>\n\n\n\n<li>1 ticket \u00e0 offrir en guise de prix<\/li>\n<\/ul>\n<\/div>\n\n\n\n<div style=\"height:55px\" aria-hidden=\"true\" class=\"wp-block-spacer\"><\/div>\n\n\n\n<div class=\"wp-block-buttons is-content-justification-center is-layout-flex wp-container-core-buttons-is-layout-a89b3969 wp-block-buttons-is-layout-flex\">\n<div class=\"wp-block-button has-custom-width wp-block-button__width-100 is-style-outline is-style-outline--3\"><a class=\"wp-block-button__link wp-element-button\" href=\"#sponsor-form\">Commanditer<\/a><\/div>\n<\/div>\n<\/div>\n<\/div>\n\n\n\n<div style=\"height:49px\" aria-hidden=\"true\" class=\"wp-block-spacer\"><\/div>\n\n\n\n<div class=\"wp-block-columns alignwide is-layout-flex wp-container-core-columns-is-layout-28f84493 wp-block-columns-is-layout-flex\">\n<div class=\"wp-block-column is-layout-flow wp-block-column-is-layout-flow\" style=\"border-top-width:2px;padding-top:var(--wp--preset--spacing--20);padding-bottom:var(--wp--preset--spacing--20)\">\n<h4 class=\"wp-block-heading has-text-align-center\">Parrainage de la f\u00eate de fin<\/h4>\n\n\n\n<h5 class=\"wp-block-heading has-text-align-center\">$5,000<\/h5>\n\n\n\n<div class=\"wp-block-group is-vertical is-content-justification-stretch is-layout-flex wp-container-core-group-is-layout-353c4f5a wp-block-group-is-layout-flex\">\n<p class=\"has-text-align-center\">4 billets<\/p>\n\n\n\n<hr class=\"wp-block-separator has-text-color has-contrast-3-color has-alpha-channel-opacity has-contrast-3-background-color has-background is-style-wide\" \/>\n\n\n\n<p class=\"has-text-align-center\">Publicit\u00e9s sur les stations alimentaires.<\/p>\n\n\n\n<hr class=\"wp-block-separator has-text-color has-contrast-3-color has-alpha-channel-opacity has-contrast-3-background-color has-background is-style-wide\" \/>\n<\/div>\n\n\n\n<p class=\"has-text-align-center\">De plus, sponsorisez le DJ\/groupe au prix co\u00fbtant<\/p>\n\n\n\n<div style=\"height:39px\" aria-hidden=\"true\" class=\"wp-block-spacer\"><\/div>\n\n\n\n<div class=\"wp-block-buttons is-content-justification-center is-layout-flex wp-container-core-buttons-is-layout-a89b3969 wp-block-buttons-is-layout-flex\">\n<div class=\"wp-block-button has-custom-width wp-block-button__width-100 is-style-outline is-style-outline--4\"><a class=\"wp-block-button__link wp-element-button\" href=\"#sponsor-form\">Commanditer<\/a><\/div>\n<\/div>\n<\/div>\n\n\n\n<div class=\"wp-block-column is-layout-flow wp-block-column-is-layout-flow\" style=\"border-top-width:2px;padding-top:var(--wp--preset--spacing--20);padding-bottom:var(--wp--preset--spacing--20)\">\n<h4 class=\"wp-block-heading has-text-align-center\">Plein tarif<\/h4>\n\n\n\n<h5 class=\"wp-block-heading has-text-align-center\">$250<\/h5>\n\n\n\n<div class=\"wp-block-group is-vertical is-content-justification-stretch is-layout-flex wp-container-core-group-is-layout-353c4f5a wp-block-group-is-layout-flex\">\n<p class=\"has-text-align-center\">500 billets<\/p>\n\n\n\n<hr class=\"wp-block-separator has-text-color has-contrast-3-color has-alpha-channel-opacity has-contrast-3-background-color has-background is-style-wide\" \/>\n\n\n\n<p class=\"has-text-align-center\">Le co\u00fbt r\u00e9el du billet.<\/p>\n\n\n\n<hr class=\"wp-block-separator has-text-color has-contrast-3-color has-alpha-channel-opacity has-contrast-3-background-color has-background is-style-wide\" \/>\n<\/div>\n\n\n\n<p class=\"has-text-align-center\">Si vous pouvez vous le permettre<\/p>\n\n\n\n<div style=\"height:38px\" aria-hidden=\"true\" class=\"wp-block-spacer\"><\/div>\n\n\n\n<div class=\"wp-block-buttons is-content-justification-center is-layout-flex wp-container-core-buttons-is-layout-a89b3969 wp-block-buttons-is-layout-flex\">\n<div class=\"wp-block-button has-custom-width wp-block-button__width-100 is-style-outline is-style-outline--5\"><a class=\"wp-block-button__link wp-element-button\" href=\"\/2024\/tickets\">Obtenir des billets<\/a><\/div>\n<\/div>\n<\/div>\n\n\n\n<div class=\"wp-block-column is-layout-flow wp-block-column-is-layout-flow\" style=\"border-top-width:2px;padding-top:var(--wp--preset--spacing--20);padding-bottom:var(--wp--preset--spacing--20)\">\n<h4 class=\"wp-block-heading has-text-align-center\">Stand d&rsquo;exposant partag\u00e9<\/h4>\n\n\n\n<h5 class=\"wp-block-heading has-text-align-center\">$1,000<\/h5>\n\n\n\n<div class=\"wp-block-group is-vertical is-content-justification-stretch is-layout-flex wp-container-core-group-is-layout-353c4f5a wp-block-group-is-layout-flex\">\n<p class=\"has-text-align-center\">16 billets<\/p>\n\n\n\n<hr class=\"wp-block-separator has-text-color has-contrast-3-color has-alpha-channel-opacity has-contrast-3-background-color has-background is-style-wide\" \/>\n\n\n\n<p class=\"has-text-align-center\">Une place pour se tenir dans le hall d&rsquo;exposition.<\/p>\n\n\n\n<hr class=\"wp-block-separator has-text-color has-contrast-3-color has-alpha-channel-opacity has-contrast-3-background-color has-background is-style-wide\" \/>\n<\/div>\n\n\n\n<p class=\"has-text-align-center\">Logo\/nom unique sur un stand partag\u00e9.<br>Apportez votre propre logo.<\/p>\n\n\n\n<div style=\"height:12px\" aria-hidden=\"true\" class=\"wp-block-spacer\"><\/div>\n\n\n\n<div class=\"wp-block-buttons is-content-justification-center is-layout-flex wp-container-core-buttons-is-layout-a89b3969 wp-block-buttons-is-layout-flex\">\n<div class=\"wp-block-button has-custom-width wp-block-button__width-100 is-style-outline is-style-outline--6\"><a class=\"wp-block-button__link wp-element-button\" href=\"#sponsor-form\">Commanditer<\/a><\/div>\n<\/div>\n<\/div>\n<\/div>\n\n\n\n<p class=\"has-text-align-center\">Disponibilit\u00e9 des stands selon le premier arriv\u00e9, premier servi.<br>Prix en CAD.<\/p>\n<\/div>\n\n\n\n<h3 class=\"wp-block-heading alignwide\">Opportunit\u00e9s de parrainage :<\/h3>\n\n\n\n<div style=\"height:4px\" aria-hidden=\"true\" class=\"wp-block-spacer\"><\/div>\n\n\n\n<figure class=\"wp-block-table alignwide has-medium-font-size\"><table><thead><tr><th>Opportunit\u00e9s<\/th><th>Disponibilit\u00e9<\/th><th>Prix (CAD)<\/th><th>Notes<\/th><\/tr><\/thead><tbody><tr><td>Bouteilles d&rsquo;eau<\/td><td>1<\/td><td>15,000<\/td><td>Votre logo\/message imprim\u00e9 d&rsquo;un c\u00f4t\u00e9, Logo WordCamp de l&rsquo;autre<\/td><\/tr><tr><td>Sacs cadeaux<\/td><td>1<\/td><td>10,000<\/td><td>Votre logo\/message imprim\u00e9 d&rsquo;un c\u00f4t\u00e9, Logo WordCamp de l&rsquo;autre<\/td><\/tr><tr><td>Inserts de sac \u00e0 cadeaux<\/td><td>20<\/td><td>1,000<\/td><td>Article \u00e0 fournir par vous et livr\u00e9 vendredi avant le camp (Suppose un sac sponsoris\u00e9)<\/td><\/tr><tr><td>Commanditaire Wi-Fi<\/td><td>1<\/td><td>2,000<\/td><td>Vous pouvez d\u00e9finir le SID et le mot de passe WIFI<\/td><\/tr><tr><td>D\u00e9jeuner du Jour des Contributeurs<\/td><td>1<\/td><td>2,000<\/td><td>Votre logo partout sur la table de nourriture<\/td><\/tr><tr><td>Caf\u00e9 de la Journ\u00e9e des contributeurs<\/td><td>2<\/td><td>750<\/td><td>Votre logo partout sur la table de nourriture<\/td><\/tr><tr><td>D\u00e9jeuner du jour de la conf\u00e9rence<\/td><td>2<\/td><td>5,000<\/td><td>Votre logo partout sur la table de nourriture<\/td><\/tr><tr><td>Caf\u00e9 du jour de la conf\u00e9rence<\/td><td>4<\/td><td>1,500<\/td><td>Votre logo partout sur la table de nourriture<\/td><\/tr><tr><td>Petit-d\u00e9jeuner du jour de la conf\u00e9rence<\/td><td>2<\/td><td>10,000*<\/td><td>Votre logo partout sur la table de nourriture<\/td><\/tr><tr><td>Petit-d\u00e9jeuner du Jour des Contributeurs<\/td><td>1<\/td><td>5,000*<\/td><td>Votre logo partout sur la table de nourriture<\/td><\/tr><tr><td>Cordons<\/td><td>1<\/td><td>10,000<\/td><td>Marqu\u00e9 avec votre logo\/message, comprend des cordons <br>(parlez-nous si vous souhaitez les fournir)<\/td><\/tr><tr><td>Signalisation<\/td><td>10<\/td><td>1,000<\/td><td>Logo ajout\u00e9 \u00e0 plusieurs panneaux<\/td><\/tr><tr><td>Babillard parrainage<\/td><td>1<\/td><td>2,500<\/td><td>Ayez votre logo sur le panneau de recherche \/ proposition d&#8217;emploi<\/td><\/tr><tr><td>F\u00eate de la fiert\u00e9<\/td><td>2<\/td><td>10,000<\/td><td>Aidez-nous \u00e0 financer une f\u00eate pr\u00e9-\u00e9v\u00e9nement pour nous mettre dans l&rsquo;ambiance<\/td><\/tr><tr><td>Conf\u00e9rence &#8211; Pack<\/td><td>4<\/td><td>2,000<\/td><td>4 x 15&nbsp;minutes de pr\u00e9-d\u00e9bat dans la salle de conf\u00e9rence<\/td><\/tr><tr><td>Conf\u00e9rence &#8211; Unitaire<\/td><td>8<\/td><td>600<\/td><td>15&nbsp;minutes de pr\u00e9-d\u00e9bat dans la salle de conf\u00e9rence<\/td><\/tr><tr><td>Happiness Bar<\/td><td>1<\/td><td>2,000<\/td><td>Marquez le bureau de soutien technique<\/td><\/tr><\/tbody><\/table><figcaption class=\"wp-element-caption\">Toutes les marques et tous les messages doivent \u00eatre approuv\u00e9s<br>* Co\u00fbt de la nourriture<\/figcaption><\/figure>\n\n\n\n<div class=\"wp-block-group is-layout-flow wp-block-group-is-layout-flow\">\n<p>Merci d&rsquo;avoir consid\u00e9r\u00e9 cette opportunit\u00e9.<\/p>\n<\/div>\n\n\n\n<p>WordCamp Canada aura lieu dans la belle ville d&rsquo;Ottawa, connue pour son architecture \u00e9poustouflante, sa riche histoire et sa sc\u00e8ne culturelle dynamique. En tant que commanditaire, vous aurez l&rsquo;occasion d&rsquo;explorer les nombreuses attractions de la ville, notamment la Colline du Parlement, le canal Rideau et le Mus\u00e9e des beaux-arts du Canada. Ottawa offre \u00e9galement une sc\u00e8ne gastronomique florissante, avec de nombreux restaurants, caf\u00e9s et brasseries. En participant au WordCamp Canada \u00e0 Ottawa, vous pouvez allier travail et plaisir et d\u00e9couvrir tout ce que cette merveilleuse ville a \u00e0 offrir.<\/p>\n<\/div>\n","protected":false},"excerpt":{"rendered":"<p>WordCamp Canada est votre chance d&rsquo;atteindre les utilisateurs WordPress du Grand Nord Am\u00e9rique ! Nous sommes heureux de vous inviter \u00e0 devenir un fier commanditaire de la prochaine conf\u00e9rence WordCamp au Canada. WordCamp est une conf\u00e9rence communautaire qui rassemble des passionn\u00e9s de WordPress, des d\u00e9veloppeurs, des concepteurs, des blogueurs et des propri\u00e9taires d&rsquo;entreprise pour discuter [&hellip;]<\/p>\n","protected":false},"author":8356622,"featured_media":279,"parent":0,"menu_order":0,"comment_status":"closed","ping_status":"closed","template":"full-wide-page","meta":{"jetpack_post_was_ever_published":false,"footnotes":""},"class_list":["post-381","page","type-page","status-publish","has-post-thumbnail","hentry"],"jetpack_sharing_enabled":true,"_links":{"self":[{"href":"https:\/\/canada.wordcamp.org\/2024-fr\/wp-json\/wp\/v2\/pages\/381","targetHints":{"allow":["GET"]}}],"collection":[{"href":"https:\/\/canada.wordcamp.org\/2024-fr\/wp-json\/wp\/v2\/pages"}],"about":[{"href":"https:\/\/canada.wordcamp.org\/2024-fr\/wp-json\/wp\/v2\/types\/page"}],"author":[{"embeddable":true,"href":"https:\/\/canada.wordcamp.org\/2024-fr\/wp-json\/wp\/v2\/users\/8356622"}],"replies":[{"embeddable":true,"href":"https:\/\/canada.wordcamp.org\/2024-fr\/wp-json\/wp\/v2\/comments?post=381"}],"version-history":[{"count":8,"href":"https:\/\/canada.wordcamp.org\/2024-fr\/wp-json\/wp\/v2\/pages\/381\/revisions"}],"predecessor-version":[{"id":7291,"href":"https:\/\/canada.wordcamp.org\/2024-fr\/wp-json\/wp\/v2\/pages\/381\/revisions\/7291"}],"wp:featuredmedia":[{"embeddable":true,"href":"https:\/\/canada.wordcamp.org\/2024-fr\/wp-json\/wp\/v2\/media\/279"}],"wp:attachment":[{"href":"https:\/\/canada.wordcamp.org\/2024-fr\/wp-json\/wp\/v2\/media?parent=381"}],"curies":[{"name":"wp","href":"https:\/\/api.w.org\/{rel}","templated":true}]}}