{"id":452,"date":"2023-04-19T14:57:11","date_gmt":"2023-04-19T18:57:11","guid":{"rendered":"https:\/\/canada.wordcamp.org\/2024\/contact\/"},"modified":"2025-04-01T19:06:34","modified_gmt":"2025-04-01T23:06:34","slug":"contact","status":"publish","type":"page","link":"https:\/\/canada.wordcamp.org\/2024-fr\/contact\/","title":{"rendered":"Contacter notre \u00e9quipe"},"content":{"rendered":"\n<p>Pour toutes questions et demandes concernant le WordCamp Canada 2024, veuillez utiliser ce formulaire. Nous vous r\u00e9pondrons sous peu.<\/p>\n\n\n\n<p>WordCamp Canada 2024 est termin\u00e9. Nous tenons \u00e0 remercier tous ceux qui ont fait de cet \u00e9v\u00e9nement un tel succ\u00e8s ! Nous esp\u00e9rons que vous avez appr\u00e9ci\u00e9 les sessions, le r\u00e9seautage et l&rsquo;esprit communautaire dynamique.<\/p>\n\n\n\n<p>Si vous souhaitez participer au prochain WordCamp Canada 2025, veuillez consulter son site Web \u00e0 l&rsquo;adresse https:\/\/canada.wordcamp.org\/2025.<\/p>\n\n\n\n<p><\/p>\n","protected":false},"excerpt":{"rendered":"<p>Pour toutes questions et demandes concernant le WordCamp Canada 2024, veuillez utiliser ce formulaire. Nous vous r\u00e9pondrons sous peu. WordCamp Canada 2024 est termin\u00e9. Nous tenons \u00e0 remercier tous ceux qui ont fait de cet \u00e9v\u00e9nement un tel succ\u00e8s ! Nous esp\u00e9rons que vous avez appr\u00e9ci\u00e9 les sessions, le r\u00e9seautage et l&rsquo;esprit communautaire dynamique. Si [&hellip;]<\/p>\n","protected":false},"author":125013,"featured_media":279,"parent":0,"menu_order":0,"comment_status":"closed","ping_status":"closed","template":"full-wide-page","meta":{"jetpack_post_was_ever_published":false,"footnotes":""},"class_list":["post-452","page","type-page","status-publish","has-post-thumbnail","hentry"],"jetpack_sharing_enabled":true,"_links":{"self":[{"href":"https:\/\/canada.wordcamp.org\/2024-fr\/wp-json\/wp\/v2\/pages\/452","targetHints":{"allow":["GET"]}}],"collection":[{"href":"https:\/\/canada.wordcamp.org\/2024-fr\/wp-json\/wp\/v2\/pages"}],"about":[{"href":"https:\/\/canada.wordcamp.org\/2024-fr\/wp-json\/wp\/v2\/types\/page"}],"author":[{"embeddable":true,"href":"https:\/\/canada.wordcamp.org\/2024-fr\/wp-json\/wp\/v2\/users\/125013"}],"replies":[{"embeddable":true,"href":"https:\/\/canada.wordcamp.org\/2024-fr\/wp-json\/wp\/v2\/comments?post=452"}],"version-history":[{"count":6,"href":"https:\/\/canada.wordcamp.org\/2024-fr\/wp-json\/wp\/v2\/pages\/452\/revisions"}],"predecessor-version":[{"id":7294,"href":"https:\/\/canada.wordcamp.org\/2024-fr\/wp-json\/wp\/v2\/pages\/452\/revisions\/7294"}],"wp:featuredmedia":[{"embeddable":true,"href":"https:\/\/canada.wordcamp.org\/2024-fr\/wp-json\/wp\/v2\/media\/279"}],"wp:attachment":[{"href":"https:\/\/canada.wordcamp.org\/2024-fr\/wp-json\/wp\/v2\/media?parent=452"}],"curies":[{"name":"wp","href":"https:\/\/api.w.org\/{rel}","templated":true}]}}