{"id":6306,"date":"2024-06-23T15:04:41","date_gmt":"2024-06-23T19:04:41","guid":{"rendered":"https:\/\/canada.wordcamp.org\/2024-fr\/?page_id=6306"},"modified":"2024-07-13T11:36:29","modified_gmt":"2024-07-13T15:36:29","slug":"nos-sponsors","status":"publish","type":"page","link":"https:\/\/canada.wordcamp.org\/2024-fr\/nos-sponsors\/","title":{"rendered":"Nos sponsors"},"content":{"rendered":"\n<div class=\"wp-block-group alignwide has-global-padding is-layout-constrained wp-container-core-group-is-layout-e6f1036d wp-block-group-is-layout-constrained\" style=\"margin-top:0;margin-bottom:0;padding-top:0;padding-right:0;padding-bottom:0;padding-left:0\">\n<p>Merci \u00e0 tous nos formidables sponsors qui fournissent les ressources n\u00e9cessaires pour rendre ce WordCamp Canada 2024 possible. Nous appr\u00e9cions vos contributions \u00e0 WordPress et \u00e0 la communaut\u00e9 WordPress.<\/p>\n\n\n\n<p>Les contributions nous ont permis d&rsquo;organiser cet \u00e9v\u00e9nement \u00e0 un co\u00fbt remarquablement bas pour les participants. Tout simplement, sans nos sponsors, nous ne pourrions pas tenir WordCamp de la m\u00eame mani\u00e8re que nous le faisons maintenant. De plus, leur important soutien nous donne la confiance n\u00e9cessaire pour envisager l&rsquo;avenir, comme nous avons commenc\u00e9 \u00e0 le faire, et imaginer le prochain WordCamp Canada 2025.<\/p>\n\n\n\n<p>Pour plus d&rsquo;informations sur le parrainage de WordCamp Canada, veuillez consulter la page des <a href=\"https:\/\/canada.wordcamp.org\/2024-fr\/prospectus-de-parrainage\/\" data-type=\"link\" data-id=\"https:\/\/canada.wordcamp.org\/2024-fr\/prospectus-de-parrainage\/\">forfaits de parrainage<\/a>. Si vous souhaitez parrainer ce WordCamp Ottawa 2024, veuillez remplir le f<a href=\"https:\/\/canada.wordcamp.org\/2024-fr\/prospectus-de-parrainage\/#sponsor-form\" data-type=\"link\" data-id=\"https:\/\/canada.wordcamp.org\/2024-fr\/prospectus-de-parrainage\/\">ormulaire de parrainage<\/a>.<\/p>\n\n\n\n<h2 class=\"wp-block-heading has-text-align-center has-base-2-background-color has-background\" style=\"padding-top:var(--wp--preset--spacing--20);padding-bottom:var(--wp--preset--spacing--20)\">Sponsors globaux<\/h2>\n\n\n\n<div class=\"wp-block-columns is-layout-flex wp-container-core-columns-is-layout-28f84493 wp-block-columns-is-layout-flex\">\n<div class=\"wp-block-column is-layout-flow wp-block-column-is-layout-flow\">\n<figure class=\"wp-block-image size-full wp-duotone-unset-1\"><img loading=\"lazy\" decoding=\"async\" width=\"731\" height=\"187\" src=\"https:\/\/canada.wordcamp.org\/2024-fr\/files\/2024\/06\/image-1.png\" alt=\"\" class=\"wp-image-6307\" srcset=\"https:\/\/canada.wordcamp.org\/2024-fr\/files\/2024\/06\/image-1.png 731w, https:\/\/canada.wordcamp.org\/2024-fr\/files\/2024\/06\/image-1-300x77.png 300w, https:\/\/canada.wordcamp.org\/2024-fr\/files\/2024\/06\/image-1-500x128.png 500w\" sizes=\"auto, (max-width: 731px) 100vw, 731px\" \/><\/figure>\n\n\n\n<p>Depuis 2005, Bluehost, un partenaire WordPress de confiance, a propuls\u00e9 plus de 2 millions de sites web dans le monde gr\u00e2ce \u00e0 un h\u00e9bergement fiable et des conseils personnalis\u00e9s. Parfaitement int\u00e9gr\u00e9 \u00e0 WordPress, Bluehost acc\u00e9l\u00e8re la cr\u00e9ation de sites web en utilisant des outils intuitifs, id\u00e9aux pour lancer des boutiques en ligne, g\u00e9rer des sites clients ou d\u00e9marrer des blogs. Pour \u00e9lever encore plus cette exp\u00e9rience, nous vous pr\u00e9sentons notre derni\u00e8re version.<\/p>\n\n\n\n<p><strong><a href=\"https:\/\/canada.wordcamp.org\/2024\/sponsor\/bluehost\/\" target=\"_blank\" rel=\"noreferrer noopener\">En savoir plus sur ce sponsor<\/a><\/strong><\/p>\n<\/div>\n\n\n\n<div class=\"wp-block-column is-layout-flow wp-block-column-is-layout-flow\">\n<figure class=\"wp-block-image size-full wp-duotone-unset-2\"><img loading=\"lazy\" decoding=\"async\" width=\"731\" height=\"187\" src=\"https:\/\/canada.wordcamp.org\/2024-fr\/files\/2024\/06\/image.png\" alt=\"\" class=\"wp-image-6308\" srcset=\"https:\/\/canada.wordcamp.org\/2024-fr\/files\/2024\/06\/image.png 731w, https:\/\/canada.wordcamp.org\/2024-fr\/files\/2024\/06\/image-300x77.png 300w, https:\/\/canada.wordcamp.org\/2024-fr\/files\/2024\/06\/image-500x128.png 500w\" sizes=\"auto, (max-width: 731px) 100vw, 731px\" \/><\/figure>\n\n\n\n<p>Chez GoDaddy, notre mission est de donner les moyens \u00e0 une communaut\u00e9 mondiale d&rsquo;entrepreneurs en leur fournissant toute l&rsquo;aide et les outils n\u00e9cessaires pour se d\u00e9velopper en ligne, y compris une exp\u00e9rience WordPress plus simple et plus s\u00fbre. Nous soutenons nos Cr\u00e9ateurs du Web en offrant une gamme de solutions WordPress qui permettent une gestion rapide et\u2026<\/p>\n\n\n\n<p><strong><a href=\"https:\/\/canada.wordcamp.org\/2024\/sponsor\/godaddy\/\" target=\"_blank\" rel=\"noreferrer noopener\">En savoir plus sur ce sponsor<\/a><\/strong><\/p>\n<\/div>\n\n\n\n<div class=\"wp-block-column is-layout-flow wp-block-column-is-layout-flow\">\n<figure class=\"wp-block-image size-full wp-duotone-unset-3\"><img loading=\"lazy\" decoding=\"async\" width=\"731\" height=\"187\" src=\"https:\/\/canada.wordcamp.org\/2024-fr\/files\/2024\/06\/image-2.png\" alt=\"\" class=\"wp-image-6309\" srcset=\"https:\/\/canada.wordcamp.org\/2024-fr\/files\/2024\/06\/image-2.png 731w, https:\/\/canada.wordcamp.org\/2024-fr\/files\/2024\/06\/image-2-300x77.png 300w, https:\/\/canada.wordcamp.org\/2024-fr\/files\/2024\/06\/image-2-500x128.png 500w\" sizes=\"auto, (max-width: 731px) 100vw, 731px\" \/><\/figure>\n\n\n\n<p>Cr\u00e9ez votre propre Jetpack, maintenant avec des plugins individuels. Jetpack aide les sites WordPress en mati\u00e8re de s\u00e9curit\u00e9, de performance et de croissance d&rsquo;audience depuis plus de dix ans. D\u00e9sormais, vous pouvez non seulement personnaliser les fonctionnalit\u00e9s Jetpack \u00e0 charger sur votre site, mais aussi choisir les plugins individuels que vous souhaitez installer.<\/p>\n\n\n\n<p><strong><a href=\"https:\/\/canada.wordcamp.org\/2024\/sponsor\/jetpack\/\" target=\"_blank\" rel=\"noreferrer noopener\">En savoir plus sur ce sponsor<\/a><\/strong><\/p>\n<\/div>\n<\/div>\n\n\n\n<div class=\"wp-block-columns is-layout-flex wp-container-core-columns-is-layout-28f84493 wp-block-columns-is-layout-flex\">\n<div class=\"wp-block-column is-layout-flow wp-block-column-is-layout-flow\">\n<figure class=\"wp-block-image size-large wp-duotone-unset-4\"><img decoding=\"async\" src=\"https:\/\/canada.wordcamp.org\/2024\/files\/2023\/04\/WooCommerce-Logo.png\" alt=\"\" \/><\/figure>\n\n\n\n<p>Woo est la principale plateforme e-commerce open-source, alimentant 31,4 % des principaux millions de magasins en ligne.* Bas\u00e9 sur WordPress, Woo permet \u00e0 quiconque, partout dans le monde, de vendre n&rsquo;importe quoi avec une extensibilit\u00e9, une flexibilit\u00e9 et un contr\u00f4le vraiment illimit\u00e9s sur la mani\u00e8re dont ils construisent et font \u00e9voluer leur entreprise.<\/p>\n\n\n\n<p><strong><a href=\"https:\/\/canada.wordcamp.org\/2024\/sponsor\/woocommerce\/\" target=\"_blank\" rel=\"noreferrer noopener\">En savoir plus sur ce sponsor<\/a><\/strong><\/p>\n<\/div>\n\n\n\n<div class=\"wp-block-column is-layout-flow wp-block-column-is-layout-flow\">\n<figure class=\"wp-block-image size-large wp-duotone-unset-5\"><img decoding=\"async\" src=\"https:\/\/canada.wordcamp.org\/2024\/files\/2024\/04\/WPBeginner-Logo.png\" alt=\"\" \/><\/figure>\n\n\n\n<p>Chez WPBeginner, nous offrons des tutoriels WordPress de pointe et utiles, faciles \u00e0 comprendre pour les petites entreprises, les blogueurs et les propri\u00e9taires de sites WordPress non techniciens. Depuis 2009, nos cours vid\u00e9o et tutoriels WordPress gratuits ont \u00e9t\u00e9 visionn\u00e9s par plus de 56 millions d&rsquo;utilisateurs WordPress dans le monde. Que vous cherchiez \u00e0 apprendre comment construire un site WordPress\u2026<\/p>\n\n\n\n<p><strong><a href=\"https:\/\/canada.wordcamp.org\/2024\/sponsor\/wpbeginner\/\" data-type=\"link\" data-id=\"https:\/\/canada.wordcamp.org\/2024\/sponsor\/wpbeginner\/\" target=\"_blank\" rel=\"noreferrer noopener\">En savoir plus sur ce sponsor<\/a><\/strong><\/p>\n<\/div>\n\n\n\n<div class=\"wp-block-column is-layout-flow wp-block-column-is-layout-flow\"><\/div>\n<\/div>\n\n\n\n<hr class=\"wp-block-separator has-alpha-channel-opacity is-style-default\" style=\"margin-top:var(--wp--preset--spacing--40);margin-bottom:var(--wp--preset--spacing--40)\" \/>\n\n\n\n<h2 class=\"wp-block-heading has-text-align-center has-base-2-background-color has-background\" style=\"padding-top:var(--wp--preset--spacing--20);padding-bottom:var(--wp--preset--spacing--20)\">Sponsors Tartelette au beurre<\/h2>\n\n\n\n<div class=\"wp-block-columns is-layout-flex wp-container-core-columns-is-layout-28f84493 wp-block-columns-is-layout-flex\">\n<div class=\"wp-block-column is-layout-flow wp-block-column-is-layout-flow\">\n<figure class=\"wp-block-image size-large wp-duotone-unset-6\"><img decoding=\"async\" src=\"https:\/\/canada.wordcamp.org\/2024\/files\/2024\/07\/logo_cira.png\" alt=\"\" \/><\/figure>\n\n\n\n<p><strong><a href=\"https:\/\/canada.wordcamp.org\/2024\/sponsor\/cira\/\" target=\"_blank\" rel=\"noreferrer noopener\">En savoir plus sur ce sponsor<\/a><\/strong><\/p>\n<\/div>\n\n\n\n<div class=\"wp-block-column is-layout-flow wp-block-column-is-layout-flow\">\n<figure class=\"wp-block-image size-large wp-duotone-unset-7\"><img decoding=\"async\" src=\"https:\/\/canada.wordcamp.org\/2024\/files\/2024\/04\/Findstr-Logo.png\" alt=\"\" \/><\/figure>\n\n\n\n<p>Findstr, une solution Open Source bas\u00e9e sur l&rsquo;API ouverte de Meilisearch, am\u00e9liore la recherche interne de WordPress avec une vitesse fulgurante et une fonctionnalit\u00e9 sophistiqu\u00e9e, valid\u00e9e sur des sites prestigieux.<\/p>\n\n\n\n<p><strong><a href=\"https:\/\/canada.wordcamp.org\/2024\/sponsor\/findstr\/\" target=\"_blank\" rel=\"noreferrer noopener\">En savoir plus sur ce sponsor<\/a><\/strong><\/p>\n<\/div>\n\n\n\n<div class=\"wp-block-column is-layout-flow wp-block-column-is-layout-flow\">\n<figure class=\"wp-block-image size-large wp-duotone-unset-8\"><img decoding=\"async\" src=\"https:\/\/canada.wordcamp.org\/2024\/files\/2024\/07\/kestrel_logo_fresh.png\" alt=\"\" \/><\/figure>\n\n\n\n<p>Kestrel construit des extensions WooCommerce que les marchands et les d\u00e9veloppeurs aiment utiliser.<\/p>\n\n\n\n<p><strong><a href=\"https:\/\/canada.wordcamp.org\/2024\/sponsor\/kestrel\/\" target=\"_blank\" rel=\"noreferrer noopener\">En savoir plus sur ce sponsor<\/a><\/strong><\/p>\n<\/div>\n<\/div>\n\n\n\n<div class=\"wp-block-columns is-layout-flex wp-container-core-columns-is-layout-28f84493 wp-block-columns-is-layout-flex\">\n<div class=\"wp-block-column is-layout-flow wp-block-column-is-layout-flow\">\n<figure class=\"wp-block-image size-large wp-duotone-unset-9\"><img decoding=\"async\" src=\"https:\/\/canada.wordcamp.org\/2024\/files\/2024\/04\/logo_en-normal.png\" alt=\"\" \/><\/figure>\n\n\n\n<p>H\u00e9bergement Web Canada (HFC) est une entreprise priv\u00e9e canadienne de technologie et d&rsquo;infrastructure informatique bas\u00e9e \u00e0 Montr\u00e9al, au Qu\u00e9bec. Nous sommes une \u00e9quipe de professionnels du Web passionn\u00e9s qui fournissent aux entreprises canadiennes les moyens de r\u00e9ussir en ligne.<\/p>\n\n\n\n<p><strong><a href=\"https:\/\/canada.wordcamp.org\/2024\/sponsor\/web-hosting-canada\/\" target=\"_blank\" rel=\"noreferrer noopener\">En savoir plus sur ce sponsor<\/a><\/strong><\/p>\n<\/div>\n\n\n\n<div class=\"wp-block-column is-layout-flow wp-block-column-is-layout-flow\">\n<figure class=\"wp-block-image size-large wp-duotone-unset-10\"><img decoding=\"async\" src=\"https:\/\/canada.wordcamp.org\/2024\/files\/2023\/04\/Weglot-CPT-logo-940x198.png\" alt=\"\" \/><\/figure>\n\n\n\n<p>Weglot est un plugin WordPress multilingue qui permet de traduire et d&rsquo;afficher votre site web en plusieurs langues. Il offre une premi\u00e8re couche de traduction automatis\u00e9e rapide que vous pouvez facilement modifier vous-m\u00eame ou en ajoutant des co\u00e9quipiers, ou collaborer avec des traducteurs professionnels via le tableau de bord Weglot. Approuv\u00e9 par plus de 60 000 propri\u00e9taires de sites web et\u2026<\/p>\n\n\n\n<p><strong><a href=\"https:\/\/canada.wordcamp.org\/2024\/sponsor\/weglot\/\" target=\"_blank\" rel=\"noreferrer noopener\">En savoir plus sur ce sponsor<\/a><\/strong><\/p>\n<\/div>\n\n\n\n<div class=\"wp-block-column is-layout-flow wp-block-column-is-layout-flow\"><\/div>\n<\/div>\n\n\n\n<hr class=\"wp-block-separator has-alpha-channel-opacity is-style-default\" style=\"margin-top:var(--wp--preset--spacing--40);margin-bottom:var(--wp--preset--spacing--40)\" \/>\n\n\n\n<h2 class=\"wp-block-heading has-text-align-center has-base-2-background-color has-background\" style=\"padding-top:var(--wp--preset--spacing--20);padding-bottom:var(--wp--preset--spacing--20)\">Sponsors Stand d\u2019exposant<\/h2>\n\n\n\n<div class=\"wp-block-columns is-layout-flex wp-container-core-columns-is-layout-28f84493 wp-block-columns-is-layout-flex\">\n<div class=\"wp-block-column is-layout-flow wp-block-column-is-layout-flow\">\n<figure class=\"wp-block-image size-large wp-duotone-unset-11\"><img decoding=\"async\" src=\"https:\/\/canada.wordcamp.org\/2024\/files\/2024\/06\/a2hosting-768x203.png\" alt=\"\" \/><\/figure>\n\n\n\n<p><a href=\"http:\/\/www.a2hosting.com\/\" target=\"_blank\" rel=\"noreferrer noopener\">a2hosting.com<\/a><\/p>\n<\/div>\n\n\n\n<div class=\"wp-block-column is-layout-flow wp-block-column-is-layout-flow\">\n<figure class=\"wp-block-image size-large is-resized wp-duotone-unset-12\"><img decoding=\"async\" src=\"https:\/\/canada.wordcamp.org\/2024\/files\/2024\/07\/logo_FluentC.png\" alt=\"\" style=\"width:265px;height:auto\" \/><\/figure>\n\n\n\n<p><a href=\"https:\/\/www.fluentc.ai\" data-type=\"link\" data-id=\"https:\/\/www.machine-agency.com\/\" target=\"_blank\" rel=\"noreferrer noopener\">fluentc.ai<\/a><\/p>\n<\/div>\n\n\n\n<div class=\"wp-block-column is-layout-flow wp-block-column-is-layout-flow\">\n<figure class=\"wp-block-image size-large wp-duotone-unset-13\"><img decoding=\"async\" src=\"https:\/\/canada.wordcamp.org\/2024\/files\/2024\/04\/Logo-wpconnect-horizontal-couleur.png\" alt=\"\" \/><\/figure>\n\n\n\n<p><a href=\"http:\/\/wpconnect.co\/\" target=\"_blank\" rel=\"noreferrer noopener\">wpconnect.co<\/a><\/p>\n<\/div>\n<\/div>\n\n\n\n<hr class=\"wp-block-separator has-alpha-channel-opacity is-style-default\" style=\"margin-top:var(--wp--preset--spacing--40);margin-bottom:var(--wp--preset--spacing--40)\" \/>\n\n\n\n<h2 class=\"wp-block-heading has-text-align-center has-base-2-background-color has-background\" style=\"padding-top:var(--wp--preset--spacing--20);padding-bottom:var(--wp--preset--spacing--20)\">Sponsors Zones publicitaires<\/h2>\n\n\n\n<div class=\"wp-block-columns plugin-sponsors is-layout-flex wp-container-core-columns-is-layout-33233fb6 wp-block-columns-is-layout-flex\" style=\"margin-top:var(--wp--preset--spacing--20);margin-bottom:var(--wp--preset--spacing--20)\">\n<div class=\"wp-block-column is-layout-flow wp-block-column-is-layout-flow\">\n<figure class=\"wp-block-image size-large wp-duotone-unset-14\"><img decoding=\"async\" src=\"https:\/\/canada.wordcamp.org\/2024\/files\/2024\/04\/awesome-support-logo-12.png\" alt=\"\" \/><\/figure>\n\n\n\n<p><a href=\"https:\/\/getawesomesupport.com\/\" target=\"_blank\" rel=\"noreferrer noopener\">getawesomesupport.com<\/a><\/p>\n\n\n\n<div class=\"wp-block-buttons is-layout-flex wp-block-buttons-is-layout-flex\">\n<div class=\"wp-block-button has-custom-font-size has-small-font-size\"><a class=\"wp-block-button__link has-contrast-color has-base-2-background-color has-text-color has-background has-link-color wp-element-button\">Babillard<\/a><\/div>\n<\/div>\n<\/div>\n\n\n\n<div class=\"wp-block-column is-layout-flow wp-block-column-is-layout-flow\">\n<figure class=\"wp-block-image size-large wp-duotone-unset-15\"><img decoding=\"async\" src=\"https:\/\/canada.wordcamp.org\/2024\/files\/2024\/04\/Screenshot-2024-06-20-at-9.57.57%E2%80%AFPM.png\" alt=\"\" \/><\/figure>\n\n\n\n<p><a href=\"https:\/\/www.canspace.ca\/\" target=\"_blank\" rel=\"noreferrer noopener\">canspace.ca<\/a><\/p>\n\n\n\n<div class=\"wp-block-buttons is-layout-flex wp-block-buttons-is-layout-flex\">\n<div class=\"wp-block-button has-custom-font-size has-small-font-size\"><a class=\"wp-block-button__link has-contrast-color has-base-2-background-color has-text-color has-background has-link-color wp-element-button\">Inserts de sac \u00e0 cadeaux<\/a><\/div>\n<\/div>\n<\/div>\n\n\n\n<div class=\"wp-block-column is-layout-flow wp-block-column-is-layout-flow\">\n<figure class=\"wp-block-image size-large wp-duotone-unset-16\"><img decoding=\"async\" src=\"https:\/\/canada.wordcamp.org\/2024\/files\/2024\/04\/Elementor-Logo-Symbol-Black.png\" alt=\"\" \/><\/figure>\n\n\n\n<p><a href=\"https:\/\/elementor.com\/\" target=\"_blank\" rel=\"noreferrer noopener\">elementor.com<\/a><\/p>\n\n\n\n<div class=\"wp-block-buttons is-layout-flex wp-block-buttons-is-layout-flex\">\n<div class=\"wp-block-button has-custom-font-size has-small-font-size\"><a class=\"wp-block-button__link has-contrast-color has-base-2-background-color has-text-color has-background has-link-color wp-element-button\">Sac \u00e0 cadeaux<\/a><\/div>\n<\/div>\n<\/div>\n<\/div>\n\n\n\n<div class=\"wp-block-columns plugin-sponsors is-layout-flex wp-container-core-columns-is-layout-33233fb6 wp-block-columns-is-layout-flex\" style=\"margin-top:var(--wp--preset--spacing--20);margin-bottom:var(--wp--preset--spacing--20)\">\n<div class=\"wp-block-column is-layout-flow wp-block-column-is-layout-flow\">\n<figure class=\"wp-block-image size-large is-resized wp-duotone-unset-17\"><img decoding=\"async\" src=\"https:\/\/canada.wordcamp.org\/2024\/files\/2024\/07\/logo_FluentC.png\" alt=\"\" style=\"width:265px;height:auto\" \/><\/figure>\n\n\n\n<p><a href=\"https:\/\/www.fluentc.ai\" data-type=\"link\" data-id=\"https:\/\/www.machine-agency.com\/\" target=\"_blank\" rel=\"noreferrer noopener\">fluentc.ai<\/a><\/p>\n\n\n\n<div class=\"wp-block-buttons is-layout-flex wp-block-buttons-is-layout-flex\">\n<div class=\"wp-block-button has-custom-font-size has-small-font-size\"><a class=\"wp-block-button__link has-contrast-color has-base-2-background-color has-text-color has-background has-link-color wp-element-button\">Stand d&rsquo;exposant partag\u00e9<\/a><\/div>\n\n\n\n<div class=\"wp-block-button has-custom-font-size has-small-font-size\"><a class=\"wp-block-button__link has-contrast-color has-base-2-background-color has-text-color has-background has-link-color wp-element-button\">Inserts de sac \u00e0 cadeaux<\/a><\/div>\n<\/div>\n<\/div>\n\n\n\n<div class=\"wp-block-column is-layout-flow wp-block-column-is-layout-flow\">\n<figure class=\"wp-block-image size-large wp-duotone-unset-18\"><img decoding=\"async\" src=\"https:\/\/canada.wordcamp.org\/2024\/files\/2024\/06\/gravity-forms-logo-horizontal-2048x264.png\" alt=\"\" \/><\/figure>\n\n\n\n<p><a href=\"https:\/\/gravity.com\/\" target=\"_blank\" rel=\"noreferrer noopener\">gravity.com<\/a><\/p>\n\n\n\n<div class=\"wp-block-buttons is-layout-flex wp-block-buttons-is-layout-flex\">\n<div class=\"wp-block-button has-custom-font-size has-small-font-size\"><a class=\"wp-block-button__link has-contrast-color has-base-2-background-color has-text-color has-background has-link-color wp-element-button\">V\u00eatements<\/a><\/div>\n\n\n\n<div class=\"wp-block-button has-custom-font-size has-small-font-size\"><a class=\"wp-block-button__link has-contrast-color has-base-2-background-color has-text-color has-background has-link-color wp-element-button\">Pause caf\u00e9<\/a><\/div>\n<\/div>\n<\/div>\n\n\n\n<div class=\"wp-block-column is-layout-flow wp-block-column-is-layout-flow\">\n<figure class=\"wp-block-image size-large wp-duotone-unset-19\"><img decoding=\"async\" src=\"https:\/\/canada.wordcamp.org\/2024\/files\/2024\/04\/TK_logo-2048x360.png\" alt=\"\" \/><\/figure>\n\n\n\n<p><a href=\"https:\/\/trewknowledge.com\/\" target=\"_blank\" rel=\"noreferrer noopener\">trewknowledge.com<\/a><\/p>\n\n\n\n<div class=\"wp-block-buttons is-layout-flex wp-block-buttons-is-layout-flex\">\n<div class=\"wp-block-button has-custom-font-size has-small-font-size\"><a class=\"wp-block-button__link has-contrast-color has-base-2-background-color has-text-color has-background has-link-color wp-element-button\">After Party<\/a><\/div>\n<\/div>\n<\/div>\n<\/div>\n\n\n\n<div class=\"wp-block-columns plugin-sponsors is-layout-flex wp-container-core-columns-is-layout-33233fb6 wp-block-columns-is-layout-flex\" style=\"margin-top:var(--wp--preset--spacing--20);margin-bottom:var(--wp--preset--spacing--20)\">\n<div class=\"wp-block-column is-layout-flow wp-block-column-is-layout-flow\">\n<figure class=\"wp-block-image size-large wp-duotone-unset-20\"><img decoding=\"async\" src=\"https:\/\/canada.wordcamp.org\/2024\/files\/2024\/06\/LongForm_0Margin.png\" alt=\"\" \/><\/figure>\n\n\n\n<p><a href=\"https:\/\/utmgrabber.com\/\" target=\"_blank\" rel=\"noreferrer noopener\">utmgrabber.com<\/a><\/p>\n\n\n\n<div class=\"wp-block-buttons is-layout-flex wp-block-buttons-is-layout-flex\">\n<div class=\"wp-block-button has-custom-font-size has-small-font-size\"><a class=\"wp-block-button__link has-contrast-color has-base-2-background-color has-text-color has-background has-link-color wp-element-button\">Pause caf\u00e9<\/a><\/div>\n<\/div>\n<\/div>\n\n\n\n<div class=\"wp-block-column is-layout-flow wp-block-column-is-layout-flow\">\n<figure class=\"wp-block-image size-large wp-duotone-unset-21\"><img decoding=\"async\" src=\"https:\/\/canada.wordcamp.org\/2024\/files\/2024\/06\/Webinventix-Logo.png\" alt=\"\" \/><\/figure>\n\n\n\n<p><a href=\"https:\/\/www.webinventix.com\/\" target=\"_blank\" rel=\"noreferrer noopener\">webinventix.com<\/a><\/p>\n\n\n\n<div class=\"wp-block-buttons is-layout-flex wp-block-buttons-is-layout-flex\">\n<div class=\"wp-block-button has-custom-font-size has-small-font-size\"><a class=\"wp-block-button__link has-contrast-color has-base-2-background-color has-text-color has-background has-link-color wp-element-button\">Inserts de sac \u00e0 cadeaux<\/a><\/div>\n<\/div>\n<\/div>\n\n\n\n<div class=\"wp-block-column is-layout-flow wp-block-column-is-layout-flow\"><\/div>\n<\/div>\n\n\n\n<hr class=\"wp-block-separator has-alpha-channel-opacity is-style-default\" style=\"margin-top:var(--wp--preset--spacing--40);margin-bottom:var(--wp--preset--spacing--40)\" \/>\n\n\n\n<h2 class=\"wp-block-heading has-text-align-center has-base-2-background-color has-background\" style=\"padding-top:var(--wp--preset--spacing--20);padding-bottom:var(--wp--preset--spacing--20)\">Micro Sponsors<\/h2>\n<\/div>\n\n\n\n<div class=\"wp-block-group alignwide micro-sponsors is-layout-grid wp-container-core-group-is-layout-478b6e6b wp-block-group-is-layout-grid\">\n<h3 class=\"wp-block-heading\">Adrian Debi<\/h3>\n\n\n\n<h3 class=\"wp-block-heading wp-container-content-69bc4bdf\">Amor Kumar<\/h3>\n\n\n\n<h3 class=\"wp-block-heading wp-container-content-69bc4bdf\">Andy Pedersen<\/h3>\n\n\n\n<h3 class=\"wp-block-heading\">Arthur Cotton<\/h3>\n\n\n\n<h3 class=\"wp-block-heading\">Brent Kobayashi<\/h3>\n\n\n\n<h3 class=\"wp-block-heading wp-container-content-69bc4bdf\">Carol Tomalty<\/h3>\n\n\n\n<h3 class=\"wp-block-heading\">Corey Maass<\/h3>\n\n\n\n<h3 class=\"wp-block-heading wp-container-content-69bc4bdf\">Dan Knauss<\/h3>\n\n\n\n<h3 class=\"wp-block-heading\">Darryl Scott<\/h3>\n\n\n\n<h3 class=\"wp-block-heading wp-container-content-69bc4bdf\">James Giroux<\/h3>\n\n\n\n<h3 class=\"wp-block-heading\">Jennifer Bosch Gyuricska<\/h3>\n\n\n\n<h3 class=\"wp-block-heading wp-container-content-69bc4bdf\">Kent Tubman<\/h3>\n\n\n\n<h3 class=\"wp-block-heading wp-container-content-69bc4bdf\">Kunal Khullar<\/h3>\n\n\n\n<h3 class=\"wp-block-heading wp-container-content-69bc4bdf\">Marco Berrocal<\/h3>\n\n\n\n<h3 class=\"wp-block-heading\">Masud Hasan<\/h3>\n\n\n\n<h3 class=\"wp-block-heading wp-container-content-69bc4bdf\">Melissa Soulliere<\/h3>\n\n\n\n<h3 class=\"wp-block-heading wp-container-content-69bc4bdf\">Nicholas B\u00e9rub\u00e9<\/h3>\n\n\n\n<h3 class=\"wp-block-heading\">Richard Gauder<\/h3>\n\n\n\n<h3 class=\"wp-block-heading\">Robyn Derdall<\/h3>\n\n\n\n<h3 class=\"wp-block-heading\">Rodney Milburn<\/h3>\n\n\n\n<h3 class=\"wp-block-heading\">Sarah Jarvis-Deschamps<\/h3>\n\n\n\n<h3 class=\"wp-block-heading\">Shanta Nathwani<\/h3>\n<\/div>\n","protected":false},"excerpt":{"rendered":"<p>Merci \u00e0 tous nos formidables sponsors qui fournissent les ressources n\u00e9cessaires pour rendre ce WordCamp Canada 2024 possible. Nous appr\u00e9cions vos contributions \u00e0 WordPress et \u00e0 la communaut\u00e9 WordPress. Les contributions nous ont permis d&rsquo;organiser cet \u00e9v\u00e9nement \u00e0 un co\u00fbt remarquablement bas pour les participants. Tout simplement, sans nos sponsors, nous ne pourrions pas tenir [&hellip;]<\/p>\n","protected":false},"author":17134721,"featured_media":279,"parent":0,"menu_order":0,"comment_status":"closed","ping_status":"closed","template":"full-wide-page","meta":{"jetpack_post_was_ever_published":false,"footnotes":""},"class_list":["post-6306","page","type-page","status-publish","has-post-thumbnail","hentry"],"jetpack_sharing_enabled":true,"_links":{"self":[{"href":"https:\/\/canada.wordcamp.org\/2024-fr\/wp-json\/wp\/v2\/pages\/6306","targetHints":{"allow":["GET"]}}],"collection":[{"href":"https:\/\/canada.wordcamp.org\/2024-fr\/wp-json\/wp\/v2\/pages"}],"about":[{"href":"https:\/\/canada.wordcamp.org\/2024-fr\/wp-json\/wp\/v2\/types\/page"}],"author":[{"embeddable":true,"href":"https:\/\/canada.wordcamp.org\/2024-fr\/wp-json\/wp\/v2\/users\/17134721"}],"replies":[{"embeddable":true,"href":"https:\/\/canada.wordcamp.org\/2024-fr\/wp-json\/wp\/v2\/comments?post=6306"}],"version-history":[{"count":19,"href":"https:\/\/canada.wordcamp.org\/2024-fr\/wp-json\/wp\/v2\/pages\/6306\/revisions"}],"predecessor-version":[{"id":6366,"href":"https:\/\/canada.wordcamp.org\/2024-fr\/wp-json\/wp\/v2\/pages\/6306\/revisions\/6366"}],"wp:featuredmedia":[{"embeddable":true,"href":"https:\/\/canada.wordcamp.org\/2024-fr\/wp-json\/wp\/v2\/media\/279"}],"wp:attachment":[{"href":"https:\/\/canada.wordcamp.org\/2024-fr\/wp-json\/wp\/v2\/media?parent=6306"}],"curies":[{"name":"wp","href":"https:\/\/api.w.org\/{rel}","templated":true}]}}