{"id":6321,"date":"2024-06-23T16:27:02","date_gmt":"2024-06-23T20:27:02","guid":{"rendered":"https:\/\/canada.wordcamp.org\/2024-fr\/?page_id=6321"},"modified":"2025-04-01T19:11:20","modified_gmt":"2025-04-01T23:11:20","slug":"journee-dintroduction-a-wordpress","status":"publish","type":"page","link":"https:\/\/canada.wordcamp.org\/2024-fr\/journee-dintroduction-a-wordpress\/","title":{"rendered":"Journ\u00e9e d&rsquo;introduction \u00e0 WordPress"},"content":{"rendered":"\n<div class=\"wp-block-group alignwide has-global-padding is-layout-constrained wp-container-core-group-is-layout-12243e0f wp-block-group-is-layout-constrained\">\n<p>La journ\u00e9e d&rsquo;introduction \u00e0 WordPress lors du WordCamp Canada 2024 est une s\u00e9rie de sessions d&rsquo;une journ\u00e9e compl\u00e8te sur les bases de WordPress pour vous aider \u00e0 d\u00e9marrer votre site WordPress ou \u00e0 en faire plus sur le site que vous avez d\u00e9j\u00e0.<\/p>\n\n\n\n<p>La session du matin sera intitul\u00e9e \u00ab WordPress 101 \u00bb. Ce sera une introduction \u00e0 WordPress destin\u00e9e \u00e0 aider ceux qui sont d\u00e9butants ou nouveaux sur WordPress \u00e0 se familiariser avec WordPress, ses concepts et son vocabulaire avant les sessions principales du WordCamp. Durant cette session, nous commencerons par une vue d&rsquo;ensemble du tableau de bord, y compris les param\u00e8tres de WordPress, la gestion des utilisateurs et l&rsquo;ajout de th\u00e8mes et de plugins. Ensuite, nous apprendrons \u00e0 ajouter, publier, \u00e9diter et g\u00e9rer du contenu dans l&rsquo;\u00e9diteur de blocs. Enfin, nous ajouterons le contenu aux menus du site, ainsi que personnaliserons les en-t\u00eates et pieds de page dans l&rsquo;\u00e9diteur de site.<\/p>\n\n\n\n<p>Apr\u00e8s la pause d\u00e9jeuner \u2013 qui est incluse, nous pr\u00e9voyons d&rsquo;installer un \u00ab WordPress local \u00bb sur votre ordinateur portable. (Veuillez apporter vos ordinateurs portables !) Avec une installation locale de WordPress, vous pouvez cr\u00e9er un site que vous pouvez utiliser pour explorer WordPress, essayer des th\u00e8mes et des plugins, et cr\u00e9er votre site web. Vous pouvez copier votre site sur un serveur web public une fois qu&rsquo;il est pr\u00eat \u00e0 \u00eatre lanc\u00e9. Nous terminerons l&rsquo;apr\u00e8s-midi en vous aidant \u00e0 d\u00e9marrer la cr\u00e9ation de votre site.<\/p>\n<\/div>\n\n\n\n<h3 class=\"wp-block-heading\">Les journ\u00e9es Contrib Day et Intro Day sont COMPLETES !<\/h3>\n\n\n\n<p>Nous avons h\u00e2te de voir tous ceux qui se sont inscrits !<\/p>\n","protected":false},"excerpt":{"rendered":"<p>La journ\u00e9e d&rsquo;introduction \u00e0 WordPress lors du WordCamp Canada 2024 est une s\u00e9rie de sessions d&rsquo;une journ\u00e9e compl\u00e8te sur les bases de WordPress pour vous aider \u00e0 d\u00e9marrer votre site WordPress ou \u00e0 en faire plus sur le site que vous avez d\u00e9j\u00e0. La session du matin sera intitul\u00e9e \u00ab WordPress 101 \u00bb. Ce sera [&hellip;]<\/p>\n","protected":false},"author":17134721,"featured_media":279,"parent":0,"menu_order":0,"comment_status":"closed","ping_status":"closed","template":"full-wide-page","meta":{"jetpack_post_was_ever_published":false,"footnotes":""},"class_list":["post-6321","page","type-page","status-publish","has-post-thumbnail","hentry"],"jetpack_sharing_enabled":true,"_links":{"self":[{"href":"https:\/\/canada.wordcamp.org\/2024-fr\/wp-json\/wp\/v2\/pages\/6321","targetHints":{"allow":["GET"]}}],"collection":[{"href":"https:\/\/canada.wordcamp.org\/2024-fr\/wp-json\/wp\/v2\/pages"}],"about":[{"href":"https:\/\/canada.wordcamp.org\/2024-fr\/wp-json\/wp\/v2\/types\/page"}],"author":[{"embeddable":true,"href":"https:\/\/canada.wordcamp.org\/2024-fr\/wp-json\/wp\/v2\/users\/17134721"}],"replies":[{"embeddable":true,"href":"https:\/\/canada.wordcamp.org\/2024-fr\/wp-json\/wp\/v2\/comments?post=6321"}],"version-history":[{"count":6,"href":"https:\/\/canada.wordcamp.org\/2024-fr\/wp-json\/wp\/v2\/pages\/6321\/revisions"}],"predecessor-version":[{"id":7301,"href":"https:\/\/canada.wordcamp.org\/2024-fr\/wp-json\/wp\/v2\/pages\/6321\/revisions\/7301"}],"wp:featuredmedia":[{"embeddable":true,"href":"https:\/\/canada.wordcamp.org\/2024-fr\/wp-json\/wp\/v2\/media\/279"}],"wp:attachment":[{"href":"https:\/\/canada.wordcamp.org\/2024-fr\/wp-json\/wp\/v2\/media?parent=6321"}],"curies":[{"name":"wp","href":"https:\/\/api.w.org\/{rel}","templated":true}]}}