{"id":690,"date":"2024-01-29T20:50:49","date_gmt":"2024-01-30T01:50:49","guid":{"rendered":"https:\/\/canada.wordcamp.org\/2024\/?page_id=690"},"modified":"2025-04-01T19:07:36","modified_gmt":"2025-04-01T23:07:36","slug":"rassembler-votre-equipe","status":"publish","type":"page","link":"https:\/\/canada.wordcamp.org\/2024-fr\/rassembler-votre-equipe\/","title":{"rendered":"Emmener votre \u00e9quipe"},"content":{"rendered":"\n<p>Les WordCamps sont une occasion naturelle de rassembler les nombreuses entreprises qui contribuent \u00e0 WordPress, qui l&rsquo;utilisent, qui l&rsquo;h\u00e9bergent ou qui en d\u00e9pendent et qui fonctionnent principalement \u00e0 distance. En plus de profiter des trois jours de WordCamp en tant qu&rsquo;\u00e9quipe, nous explorons les fa\u00e7ons dont WordCamp Canada peut faire en sorte que la prolongation de votre voyage avant ou apr\u00e8s l&rsquo;\u00e9v\u00e9nement \u00e0 Ottawa soit une exp\u00e9rience enrichissante.<\/p>\n\n\n\n<p>Ce que nous vous proposons :<\/p>\n\n\n\n<ul class=\"wp-block-list\">\n<li>R\u00e9servation de salles de conf\u00e9rence sur place ou dans les h\u00f4tels voisins au tarif conf\u00e9rence.<\/li>\n\n\n\n<li>Acc\u00e8s aux ressources locales d&rsquo;Ottawa via Slack pour vous aider \u00e0 planifier des activit\u00e9s sociales.<\/li>\n\n\n\n<li>R\u00e9servation de billets pour votre \u00e9quipe avant la mise en vente des blocs de billets habituels.<\/li>\n<\/ul>\n\n\n\n<figure class=\"wp-block-gallery has-nested-images columns-2 is-cropped wp-block-gallery-5 is-layout-flex wp-block-gallery-is-layout-flex\">\n<figure class=\"wp-block-image size-large wp-duotone-unset-1\"><a href=\"https:\/\/canada.wordcamp.org\/2024-fr\/files\/2024\/01\/47986388862_2e1147272f_5k-scaled-1.jpg\"><img decoding=\"async\" data-id=\"718\" src=\"https:\/\/canada.wordcamp.org\/2024\/files\/2024\/01\/47986388862_2e1147272f_5k-1024x683.jpg\" alt=\"\" class=\"wp-image-718\" \/><\/a><\/figure>\n\n\n\n<figure class=\"wp-block-image size-large wp-duotone-unset-2\"><a href=\"https:\/\/canada.wordcamp.org\/2024-fr\/files\/2024\/01\/47986833268_ffe87b3ba7_5k-scaled-1.jpg\"><img decoding=\"async\" data-id=\"716\" src=\"https:\/\/canada.wordcamp.org\/2024\/files\/2024\/01\/47986833268_ffe87b3ba7_5k-1024x683.jpg\" alt=\"\" class=\"wp-image-716\" \/><\/a><\/figure>\n\n\n\n<figure class=\"wp-block-image size-large wp-duotone-unset-3\"><a href=\"https:\/\/canada.wordcamp.org\/2024-fr\/files\/2024\/01\/47986643832_e56b1c2e88_5k-scaled-1.jpg\"><img decoding=\"async\" data-id=\"715\" src=\"https:\/\/canada.wordcamp.org\/2024\/files\/2024\/01\/47986643832_e56b1c2e88_5k-1024x683.jpg\" alt=\"\" class=\"wp-image-715\" \/><\/a><\/figure>\n\n\n\n<figure class=\"wp-block-image size-large wp-duotone-unset-4\"><a href=\"https:\/\/canada.wordcamp.org\/2024-fr\/files\/2024\/01\/35712674214_0dd4fd210f_k.jpg\"><img loading=\"lazy\" decoding=\"async\" width=\"1024\" height=\"684\" data-id=\"721\" src=\"https:\/\/canada.wordcamp.org\/2024-fr\/files\/2024\/01\/35712674214_0dd4fd210f_k-1024x684.jpg\" alt=\"\" class=\"wp-image-721\" srcset=\"https:\/\/canada.wordcamp.org\/2024-fr\/files\/2024\/01\/35712674214_0dd4fd210f_k-1024x684.jpg 1024w, https:\/\/canada.wordcamp.org\/2024-fr\/files\/2024\/01\/35712674214_0dd4fd210f_k-300x200.jpg 300w, https:\/\/canada.wordcamp.org\/2024-fr\/files\/2024\/01\/35712674214_0dd4fd210f_k-768x513.jpg 768w, https:\/\/canada.wordcamp.org\/2024-fr\/files\/2024\/01\/35712674214_0dd4fd210f_k-449x300.jpg 449w, https:\/\/canada.wordcamp.org\/2024-fr\/files\/2024\/01\/35712674214_0dd4fd210f_k-1536x1025.jpg 1536w, https:\/\/canada.wordcamp.org\/2024-fr\/files\/2024\/01\/35712674214_0dd4fd210f_k.jpg 2048w\" sizes=\"auto, (max-width: 1024px) 100vw, 1024px\" \/><\/a><\/figure>\n<\/figure>\n\n\n\n<p>Nous annoncerons bient\u00f4t nos options de forfaits complets. S&rsquo;il y a des services, de la logistique ou d&rsquo;autres choses que vous aimeriez inclure dans votre exp\u00e9rience WordCamp Canada et que vous pensez que nous pourrions vous aider, faites-le nous savoir !<\/p>\n","protected":false},"excerpt":{"rendered":"<p>Les WordCamps sont une occasion naturelle de rassembler les nombreuses entreprises qui contribuent \u00e0 WordPress, qui l&rsquo;utilisent, qui l&rsquo;h\u00e9bergent ou qui en d\u00e9pendent et qui fonctionnent principalement \u00e0 distance. En plus de profiter des trois jours de WordCamp en tant qu&rsquo;\u00e9quipe, nous explorons les fa\u00e7ons dont WordCamp Canada peut faire en sorte que la prolongation [&hellip;]<\/p>\n","protected":false},"author":790368,"featured_media":279,"parent":0,"menu_order":0,"comment_status":"closed","ping_status":"closed","template":"full-wide-page","meta":{"jetpack_post_was_ever_published":false,"footnotes":""},"class_list":["post-690","page","type-page","status-publish","has-post-thumbnail","hentry"],"jetpack_sharing_enabled":true,"_links":{"self":[{"href":"https:\/\/canada.wordcamp.org\/2024-fr\/wp-json\/wp\/v2\/pages\/690","targetHints":{"allow":["GET"]}}],"collection":[{"href":"https:\/\/canada.wordcamp.org\/2024-fr\/wp-json\/wp\/v2\/pages"}],"about":[{"href":"https:\/\/canada.wordcamp.org\/2024-fr\/wp-json\/wp\/v2\/types\/page"}],"author":[{"embeddable":true,"href":"https:\/\/canada.wordcamp.org\/2024-fr\/wp-json\/wp\/v2\/users\/790368"}],"replies":[{"embeddable":true,"href":"https:\/\/canada.wordcamp.org\/2024-fr\/wp-json\/wp\/v2\/comments?post=690"}],"version-history":[{"count":6,"href":"https:\/\/canada.wordcamp.org\/2024-fr\/wp-json\/wp\/v2\/pages\/690\/revisions"}],"predecessor-version":[{"id":7296,"href":"https:\/\/canada.wordcamp.org\/2024-fr\/wp-json\/wp\/v2\/pages\/690\/revisions\/7296"}],"wp:featuredmedia":[{"embeddable":true,"href":"https:\/\/canada.wordcamp.org\/2024-fr\/wp-json\/wp\/v2\/media\/279"}],"wp:attachment":[{"href":"https:\/\/canada.wordcamp.org\/2024-fr\/wp-json\/wp\/v2\/media?parent=690"}],"curies":[{"name":"wp","href":"https:\/\/api.w.org\/{rel}","templated":true}]}}