{"id":12,"date":"2024-10-11T09:22:34","date_gmt":"2024-10-11T13:22:34","guid":{"rendered":"https:\/\/canada.wordcamp.org\/2025\/organisers\/"},"modified":"2025-04-22T02:42:38","modified_gmt":"2025-04-22T02:42:38","slug":"organisateurs","status":"publish","type":"page","link":"https:\/\/canada.wordcamp.org\/2025-fr\/organisateurs\/","title":{"rendered":"Organisateurs 2025"},"content":{"rendered":"\n<h2 class=\"wp-block-heading has-text-align-center\">Principaux organisateurs<\/h2>\n\n\n\n<div class=\"wp-block-query has-global-padding is-layout-constrained wp-block-query-is-layout-constrained\"><ul class=\"columns-2 alignwide wp-block-post-template is-layout-grid wp-container-core-post-template-is-layout-02493678 wp-block-post-template-is-layout-grid\"><li class=\"wp-block-post post-273 wcb_organizer type-wcb_organizer status-publish hentry wcb_organizer_team-comms-team wcb_organizer_team-operations-team wcb_organizer_team-sponsorships-team\">\n\n<div class=\"wp-block-columns is-style-section-3 has-tertiary-background-color has-background is-layout-flex wp-container-core-columns-is-layout-fb4494e8 wp-block-columns-is-layout-flex is-style-section-3--1\" style=\"border-radius:5px;border-left-style:none;border-left-width:0px;margin-top:0px;margin-bottom:0px;padding-top:20px;padding-right:var(--wp--preset--spacing--30);padding-bottom:20px;padding-left:var(--wp--preset--spacing--30)\">\n<div class=\"wp-block-column is-vertically-aligned-center is-layout-flow wp-block-column-is-layout-flow\" style=\"padding-right:0;padding-left:0;flex-basis:96px\"><figure style=\"width:96px;height:96px;\" class=\"is-style-default wp-block-wordcamp-avatar\"><a href=\"https:\/\/canada.wordcamp.org\/2025-fr\/organizer\/dan-knauss\/\"><img decoding=\"async\" src=\"https:\/\/secure.gravatar.com\/avatar\/3e78f487b817bc4d2e346731d508a3ec0595bd644ca0be7ea1d968a86e929206?s=96&amp;d=mm&amp;r=g\" alt=\"Dan Knauss\" \/><\/a><\/figure><\/div>\n\n\n\n<div class=\"wp-block-column is-vertically-aligned-center is-layout-flow wp-block-column-is-layout-flow\" style=\"flex-basis:66.66%\"><h2 class=\"has-text-align-left wp-block-post-title has-large-font-size\"><a href=\"https:\/\/canada.wordcamp.org\/2025-fr\/organizer\/dan-knauss\/\" target=\"_self\" >Dan Knauss<\/a><\/h2>\n\n<a style=\"padding-left:0;\" class=\"wp-block-read-more has-medium-font-size\" href=\"https:\/\/canada.wordcamp.org\/2025-fr\/organizer\/dan-knauss\/\" target=\"_self\">En savoir plus \u203a<span class=\"screen-reader-text\">\u00a0: Dan Knauss<\/span><\/a><\/div>\n<\/div>\n\n<\/li><li class=\"wp-block-post post-143 wcb_organizer type-wcb_organizer status-publish has-post-thumbnail hentry\">\n\n<div class=\"wp-block-columns is-style-section-3 has-tertiary-background-color has-background is-layout-flex wp-container-core-columns-is-layout-fb4494e8 wp-block-columns-is-layout-flex is-style-section-3--2\" style=\"border-radius:5px;border-left-style:none;border-left-width:0px;margin-top:0px;margin-bottom:0px;padding-top:20px;padding-right:var(--wp--preset--spacing--30);padding-bottom:20px;padding-left:var(--wp--preset--spacing--30)\">\n<div class=\"wp-block-column is-vertically-aligned-center is-layout-flow wp-block-column-is-layout-flow\" style=\"padding-right:0;padding-left:0;flex-basis:96px\"><figure style=\"width:96px;height:96px;\" class=\"is-style-default wp-block-wordcamp-avatar\"><a href=\"https:\/\/canada.wordcamp.org\/2025-fr\/organizer\/james-giroux\/\"><img loading=\"lazy\" decoding=\"async\" width=\"96\" height=\"96\" src=\"https:\/\/i0.wp.com\/canada.wordcamp.org\/2025-fr\/files\/2025\/01\/Facetune_23-10-2024-09-11-29-scaled-1.jpeg?fit=96%2C96&amp;ssl=1\" class=\"attachment-96x96 size-96x96 wp-post-image\" alt=\"James Giroux\" srcset=\"https:\/\/i0.wp.com\/canada.wordcamp.org\/2025-fr\/files\/2025\/01\/Facetune_23-10-2024-09-11-29-scaled-1.jpeg?w=2560&amp;ssl=1 2560w, https:\/\/i0.wp.com\/canada.wordcamp.org\/2025-fr\/files\/2025\/01\/Facetune_23-10-2024-09-11-29-scaled-1.jpeg?resize=300%2C300&amp;ssl=1 300w, https:\/\/i0.wp.com\/canada.wordcamp.org\/2025-fr\/files\/2025\/01\/Facetune_23-10-2024-09-11-29-scaled-1.jpeg?resize=1024%2C1024&amp;ssl=1 1024w, https:\/\/i0.wp.com\/canada.wordcamp.org\/2025-fr\/files\/2025\/01\/Facetune_23-10-2024-09-11-29-scaled-1.jpeg?resize=150%2C150&amp;ssl=1 150w, https:\/\/i0.wp.com\/canada.wordcamp.org\/2025-fr\/files\/2025\/01\/Facetune_23-10-2024-09-11-29-scaled-1.jpeg?resize=768%2C768&amp;ssl=1 768w, https:\/\/i0.wp.com\/canada.wordcamp.org\/2025-fr\/files\/2025\/01\/Facetune_23-10-2024-09-11-29-scaled-1.jpeg?resize=1536%2C1536&amp;ssl=1 1536w, https:\/\/i0.wp.com\/canada.wordcamp.org\/2025-fr\/files\/2025\/01\/Facetune_23-10-2024-09-11-29-scaled-1.jpeg?resize=2048%2C2048&amp;ssl=1 2048w\" sizes=\"auto, (max-width: 96px) 100vw, 96px\" data-attachment-id=\"144\" data-permalink=\"https:\/\/canada.wordcamp.org\/2025-fr\/organizer\/james-giroux\/facetune_23-10-2024-09-11-29\/\" data-orig-file=\"https:\/\/i0.wp.com\/canada.wordcamp.org\/2025-fr\/files\/2025\/01\/Facetune_23-10-2024-09-11-29-scaled-1.jpeg?fit=2560%2C2560&amp;ssl=1\" data-orig-size=\"2560,2560\" data-comments-opened=\"1\" data-image-meta=\"{&quot;aperture&quot;:&quot;0&quot;,&quot;credit&quot;:&quot;&quot;,&quot;camera&quot;:&quot;&quot;,&quot;caption&quot;:&quot;&quot;,&quot;created_timestamp&quot;:&quot;0&quot;,&quot;copyright&quot;:&quot;&quot;,&quot;focal_length&quot;:&quot;0&quot;,&quot;iso&quot;:&quot;0&quot;,&quot;shutter_speed&quot;:&quot;0&quot;,&quot;title&quot;:&quot;&quot;,&quot;orientation&quot;:&quot;0&quot;}\" data-image-title=\"James Giroux\" data-image-description=\"&lt;p&gt;James Giroux&lt;\/p&gt;\n\" data-image-caption=\"&lt;p&gt;James Giroux&lt;\/p&gt;\n\" data-medium-file=\"https:\/\/i0.wp.com\/canada.wordcamp.org\/2025-fr\/files\/2025\/01\/Facetune_23-10-2024-09-11-29-scaled-1.jpeg?fit=300%2C300&amp;ssl=1\" data-large-file=\"https:\/\/i0.wp.com\/canada.wordcamp.org\/2025-fr\/files\/2025\/01\/Facetune_23-10-2024-09-11-29-scaled-1.jpeg?fit=1024%2C1024&amp;ssl=1\" \/><\/a><\/figure><\/div>\n\n\n\n<div class=\"wp-block-column is-vertically-aligned-center is-layout-flow wp-block-column-is-layout-flow\" style=\"flex-basis:66.66%\"><h2 class=\"has-text-align-left wp-block-post-title has-large-font-size\"><a href=\"https:\/\/canada.wordcamp.org\/2025-fr\/organizer\/james-giroux\/\" target=\"_self\" >James Giroux<\/a><\/h2>\n\n<a style=\"padding-left:0;\" class=\"wp-block-read-more has-medium-font-size\" href=\"https:\/\/canada.wordcamp.org\/2025-fr\/organizer\/james-giroux\/\" target=\"_self\">En savoir plus \u203a<span class=\"screen-reader-text\">\u00a0: James Giroux<\/span><\/a><\/div>\n<\/div>\n\n<\/li><li class=\"wp-block-post post-694 wcb_organizer type-wcb_organizer status-publish hentry\">\n\n<div class=\"wp-block-columns is-style-section-3 has-tertiary-background-color has-background is-layout-flex wp-container-core-columns-is-layout-fb4494e8 wp-block-columns-is-layout-flex is-style-section-3--3\" style=\"border-radius:5px;border-left-style:none;border-left-width:0px;margin-top:0px;margin-bottom:0px;padding-top:20px;padding-right:var(--wp--preset--spacing--30);padding-bottom:20px;padding-left:var(--wp--preset--spacing--30)\">\n<div class=\"wp-block-column is-vertically-aligned-center is-layout-flow wp-block-column-is-layout-flow\" style=\"padding-right:0;padding-left:0;flex-basis:96px\"><figure style=\"width:96px;height:96px;\" class=\"is-style-default wp-block-wordcamp-avatar\"><a href=\"https:\/\/canada.wordcamp.org\/2025-fr\/organizer\/rick-radko\/\"><img decoding=\"async\" src=\"https:\/\/secure.gravatar.com\/avatar\/156988e05f579885182ec22b45ed68e728467b8d8c97be958e5579f74617f3dc?s=96&amp;d=mm&amp;r=g\" alt=\"Rick Radko\" \/><\/a><\/figure><\/div>\n\n\n\n<div class=\"wp-block-column is-vertically-aligned-center is-layout-flow wp-block-column-is-layout-flow\" style=\"flex-basis:66.66%\"><h2 class=\"has-text-align-left wp-block-post-title has-large-font-size\"><a href=\"https:\/\/canada.wordcamp.org\/2025-fr\/organizer\/rick-radko\/\" target=\"_self\" >Rick Radko<\/a><\/h2>\n\n<a style=\"padding-left:0;\" class=\"wp-block-read-more has-medium-font-size\" href=\"https:\/\/canada.wordcamp.org\/2025-fr\/organizer\/rick-radko\/\" target=\"_self\">En savoir plus \u203a<span class=\"screen-reader-text\">\u00a0: Rick Radko<\/span><\/a><\/div>\n<\/div>\n\n<\/li><li class=\"wp-block-post post-269 wcb_organizer type-wcb_organizer status-publish hentry\">\n\n<div class=\"wp-block-columns is-style-section-3 has-tertiary-background-color has-background is-layout-flex wp-container-core-columns-is-layout-fb4494e8 wp-block-columns-is-layout-flex is-style-section-3--4\" style=\"border-radius:5px;border-left-style:none;border-left-width:0px;margin-top:0px;margin-bottom:0px;padding-top:20px;padding-right:var(--wp--preset--spacing--30);padding-bottom:20px;padding-left:var(--wp--preset--spacing--30)\">\n<div class=\"wp-block-column is-vertically-aligned-center is-layout-flow wp-block-column-is-layout-flow\" style=\"padding-right:0;padding-left:0;flex-basis:96px\"><figure style=\"width:96px;height:96px;\" class=\"is-style-default wp-block-wordcamp-avatar\"><a href=\"https:\/\/canada.wordcamp.org\/2025-fr\/organizer\/troy-chaplin\/\"><img decoding=\"async\" src=\"https:\/\/secure.gravatar.com\/avatar\/fa03166fff0491864a56577a5a7315a6671cfb47eee98140b29d271fa1eb9322?s=96&amp;d=mm&amp;r=g\" alt=\"Troy Chaplin\" \/><\/a><\/figure><\/div>\n\n\n\n<div class=\"wp-block-column is-vertically-aligned-center is-layout-flow wp-block-column-is-layout-flow\" style=\"flex-basis:66.66%\"><h2 class=\"has-text-align-left wp-block-post-title has-large-font-size\"><a href=\"https:\/\/canada.wordcamp.org\/2025-fr\/organizer\/troy-chaplin\/\" target=\"_self\" >Troy Chaplin<\/a><\/h2>\n\n<a style=\"padding-left:0;\" class=\"wp-block-read-more has-medium-font-size\" href=\"https:\/\/canada.wordcamp.org\/2025-fr\/organizer\/troy-chaplin\/\" target=\"_self\">En savoir plus \u203a<span class=\"screen-reader-text\">\u00a0: Troy Chaplin<\/span><\/a><\/div>\n<\/div>\n\n<\/li><\/ul><\/div>\n\n\n\n<div class=\"wp-block-group has-global-padding is-layout-constrained wp-block-group-is-layout-constrained\" style=\"margin-top:48px;margin-bottom:48px;padding-top:5px;padding-bottom:5px\">\n<h3 class=\"wp-block-heading has-text-align-center\" style=\"margin-top:4px;margin-bottom:10px\">D\u00e9couvrez-en plus sur WordCamp Canada 2025<\/h3>\n\n\n\n<p class=\"has-text-align-center\" style=\"margin-top:4px;margin-bottom:0px;font-size:clamp(14px, 0.875rem + ((1vw - 3.2px) * 0.098), 15px);\">Abonnez-vous pour recevoir les derniers articles par e-mail.<\/p>\n\n\n\n<div class=\"wp-block-group has-global-padding is-layout-constrained wp-container-core-group-is-layout-b821fca1 wp-block-group-is-layout-constrained\"><div class=\"wp-block-jetpack-subscriptions__supports-newline wp-block-jetpack-subscriptions\">\n\t\t<div>\n\t\t\t<div>\n\t\t\t\t<div>\n\t\t\t\t\t<p >\n\t\t\t\t\t\t<a href=\"https:\/\/canada.wordcamp.org\/2025-fr\/?post_type=page&#038;p=12\" style=\"font-size: 16px;padding: 15px 23px 15px 23px;margin: 0; margin-left: 10px;border-radius: 0px;border-width: 1px; text-decoration: none; white-space: nowrap; margin-left: 0\">S&rsquo;abonner<\/a>\n\t\t\t\t\t<\/p>\n\t\t\t\t<\/div>\n\t\t\t<\/div>\n\t\t<\/div>\n\t<\/div><\/div>\n<\/div>\n","protected":false},"excerpt":{"rendered":"<p>Principaux organisateurs du WordCamp Canada 2025.<\/p>\n","protected":false},"author":8356622,"featured_media":1037,"parent":0,"menu_order":0,"comment_status":"closed","ping_status":"closed","template":"","meta":{"advanced_seo_description":"","jetpack_seo_html_title":"","jetpack_seo_noindex":false,"jetpack_post_was_ever_published":false,"footnotes":""},"class_list":["post-12","page","type-page","status-publish","has-post-thumbnail","hentry"],"jetpack-related-posts":[{"id":2421,"url":"https:\/\/canada.wordcamp.org\/2025-fr\/nos-commanditaires\/guide-de-commandite-wceh-2025\/","url_meta":{"origin":12,"position":0},"title":"Guide de commandite WCEH 2025","author":"Sofia Shendi","date":"20 septembre 2025","format":false,"excerpt":"Vue d\u2019ensemble Le parrainage \u00e0 WCEH 2025 offre aux entreprises une occasion de se connecter de fa\u00e7on significative avec la communaut\u00e9 WordPress. Nos commanditaires obtiennent une visibilit\u00e9 aupr\u00e8s d\u2019un public tr\u00e8s engag\u00e9 de d\u00e9veloppeurs, d\u2019agences et d\u2019entreprises, leur permettant de b\u00e2tir une reconnaissance de marque et d\u2019\u00e9tablir des relations pr\u00e9cieuses.\u2026","rel":"","context":"Similar post","block_context":{"text":"Similar post","link":""},"img":{"alt_text":"","src":"https:\/\/i0.wp.com\/canada.wordcamp.org\/2025-fr\/files\/2025\/09\/DSC5779-scaled-1.jpg?fit=1200%2C839&ssl=1&resize=350%2C200","width":350,"height":200,"srcset":"https:\/\/i0.wp.com\/canada.wordcamp.org\/2025-fr\/files\/2025\/09\/DSC5779-scaled-1.jpg?fit=1200%2C839&ssl=1&resize=350%2C200 1x, https:\/\/i0.wp.com\/canada.wordcamp.org\/2025-fr\/files\/2025\/09\/DSC5779-scaled-1.jpg?fit=1200%2C839&ssl=1&resize=525%2C300 1.5x, https:\/\/i0.wp.com\/canada.wordcamp.org\/2025-fr\/files\/2025\/09\/DSC5779-scaled-1.jpg?fit=1200%2C839&ssl=1&resize=700%2C400 2x, https:\/\/i0.wp.com\/canada.wordcamp.org\/2025-fr\/files\/2025\/09\/DSC5779-scaled-1.jpg?fit=1200%2C839&ssl=1&resize=1050%2C600 3x"},"classes":[]},{"id":1098,"url":"https:\/\/canada.wordcamp.org\/2025-fr\/appel-a-participation\/","url_meta":{"origin":12,"position":1},"title":"Appel \u00e0 participation","author":"Rick Radko","date":"17 mars 2025","format":false,"excerpt":"Avant WordCamp Canada 2025, trois \u00ab appels \u00bb seront lanc\u00e9s aux membres de la communaut\u00e9 WordPress pour qu'ils s'impliquent dans la planification, l'ex\u00e9cution et le soutien financier n\u00e9cessaires \u00e0 la r\u00e9ussite d'un \u00e9v\u00e9nement.","rel":"","context":"Similar post","block_context":{"text":"Similar post","link":""},"img":{"alt_text":"","src":"https:\/\/i0.wp.com\/canada.wordcamp.org\/2025-fr\/files\/2025\/03\/WCEH24-489-of-504-min.jpeg?fit=1200%2C800&ssl=1&resize=350%2C200","width":350,"height":200,"srcset":"https:\/\/i0.wp.com\/canada.wordcamp.org\/2025-fr\/files\/2025\/03\/WCEH24-489-of-504-min.jpeg?fit=1200%2C800&ssl=1&resize=350%2C200 1x, https:\/\/i0.wp.com\/canada.wordcamp.org\/2025-fr\/files\/2025\/03\/WCEH24-489-of-504-min.jpeg?fit=1200%2C800&ssl=1&resize=525%2C300 1.5x, https:\/\/i0.wp.com\/canada.wordcamp.org\/2025-fr\/files\/2025\/03\/WCEH24-489-of-504-min.jpeg?fit=1200%2C800&ssl=1&resize=700%2C400 2x, https:\/\/i0.wp.com\/canada.wordcamp.org\/2025-fr\/files\/2025\/03\/WCEH24-489-of-504-min.jpeg?fit=1200%2C800&ssl=1&resize=1050%2C600 3x"},"classes":[]},{"id":17,"url":"https:\/\/canada.wordcamp.org\/2025-fr\/contactez-nous\/","url_meta":{"origin":12,"position":2},"title":"Contactez-nous","author":"Rick Radko","date":"11 octobre 2024","format":false,"excerpt":"Veuillez utiliser ce formulaire de contact pour communiquer avec l'\u00e9quipe organisatrice de WordCamp Canada.","rel":"","context":"Similar post","block_context":{"text":"Similar post","link":""},"img":{"alt_text":"","src":"https:\/\/i0.wp.com\/canada.wordcamp.org\/2025-fr\/files\/2025\/03\/PXL_20240711_124951599.RAW-01.COVER_-scaled-1.jpg?fit=904%2C1200&ssl=1&resize=350%2C200","width":350,"height":200,"srcset":"https:\/\/i0.wp.com\/canada.wordcamp.org\/2025-fr\/files\/2025\/03\/PXL_20240711_124951599.RAW-01.COVER_-scaled-1.jpg?fit=904%2C1200&ssl=1&resize=350%2C200 1x, https:\/\/i0.wp.com\/canada.wordcamp.org\/2025-fr\/files\/2025\/03\/PXL_20240711_124951599.RAW-01.COVER_-scaled-1.jpg?fit=904%2C1200&ssl=1&resize=525%2C300 1.5x, https:\/\/i0.wp.com\/canada.wordcamp.org\/2025-fr\/files\/2025\/03\/PXL_20240711_124951599.RAW-01.COVER_-scaled-1.jpg?fit=904%2C1200&ssl=1&resize=700%2C400 2x"},"classes":[]},{"id":367,"url":"https:\/\/canada.wordcamp.org\/2025-fr\/mises-a-jour\/","url_meta":{"origin":12,"position":3},"title":"Derni\u00e8res mises \u00e0 jour","author":"Rick Radko","date":"10 mars 2025","format":false,"excerpt":"Les derni\u00e8res nouvelles de l'\u00e9quipe organisatrice du WCEH.","rel":"","context":"Similar post","block_context":{"text":"Similar post","link":""},"img":{"alt_text":"Parliament Hill","src":"https:\/\/i0.wp.com\/canada.wordcamp.org\/2025-fr\/files\/2025\/03\/kishore-uthamaraj-8tA7mFMPV_k-unsplash.jpg?fit=1200%2C800&ssl=1&resize=350%2C200","width":350,"height":200,"srcset":"https:\/\/i0.wp.com\/canada.wordcamp.org\/2025-fr\/files\/2025\/03\/kishore-uthamaraj-8tA7mFMPV_k-unsplash.jpg?fit=1200%2C800&ssl=1&resize=350%2C200 1x, https:\/\/i0.wp.com\/canada.wordcamp.org\/2025-fr\/files\/2025\/03\/kishore-uthamaraj-8tA7mFMPV_k-unsplash.jpg?fit=1200%2C800&ssl=1&resize=525%2C300 1.5x, https:\/\/i0.wp.com\/canada.wordcamp.org\/2025-fr\/files\/2025\/03\/kishore-uthamaraj-8tA7mFMPV_k-unsplash.jpg?fit=1200%2C800&ssl=1&resize=700%2C400 2x, https:\/\/i0.wp.com\/canada.wordcamp.org\/2025-fr\/files\/2025\/03\/kishore-uthamaraj-8tA7mFMPV_k-unsplash.jpg?fit=1200%2C800&ssl=1&resize=1050%2C600 3x"},"classes":[]},{"id":808,"url":"https:\/\/canada.wordcamp.org\/2025-fr\/communaute-wordpress-canadienne\/","url_meta":{"origin":12,"position":4},"title":"La communaut\u00e9 WordPress canadienne","author":"Rick Radko","date":"16 mars 2025","format":false,"excerpt":"Envie de rencontrer d'autres passionn\u00e9s de WordPress au Canada\u00a0? D\u00e9couvrez notre liste de groupes et d'\u00e9v\u00e9nements WordPress organis\u00e9s partout au pays\u00a0!","rel":"","context":"Similar post","block_context":{"text":"Similar post","link":""},"img":{"alt_text":"WordCamp 2024","src":"https:\/\/i0.wp.com\/canada.wordcamp.org\/2025-fr\/files\/2025\/03\/PXL_20240713_213641260.RAW-01.COVER_-scaled-1.jpg?fit=1200%2C900&ssl=1&resize=350%2C200","width":350,"height":200,"srcset":"https:\/\/i0.wp.com\/canada.wordcamp.org\/2025-fr\/files\/2025\/03\/PXL_20240713_213641260.RAW-01.COVER_-scaled-1.jpg?fit=1200%2C900&ssl=1&resize=350%2C200 1x, https:\/\/i0.wp.com\/canada.wordcamp.org\/2025-fr\/files\/2025\/03\/PXL_20240713_213641260.RAW-01.COVER_-scaled-1.jpg?fit=1200%2C900&ssl=1&resize=525%2C300 1.5x, https:\/\/i0.wp.com\/canada.wordcamp.org\/2025-fr\/files\/2025\/03\/PXL_20240713_213641260.RAW-01.COVER_-scaled-1.jpg?fit=1200%2C900&ssl=1&resize=700%2C400 2x, https:\/\/i0.wp.com\/canada.wordcamp.org\/2025-fr\/files\/2025\/03\/PXL_20240713_213641260.RAW-01.COVER_-scaled-1.jpg?fit=1200%2C900&ssl=1&resize=1050%2C600 3x"},"classes":[]},{"id":20,"url":"https:\/\/canada.wordcamp.org\/2025-fr\/code-de-conduite\/","url_meta":{"origin":12,"position":5},"title":"Code de conduite","author":"Rick Radko","date":"11 octobre 2024","format":false,"excerpt":"WordCamp Canada est une communaut\u00e9 ouverte \u2014 pour tous \u2014 et toutes les personnes impliqu\u00e9es dans WordCamp et ses \u00e9v\u00e9nements associ\u00e9s sont responsables de veiller \u00e0 ce qu'ils soient conviviaux, s\u00e9curitaires et accueillants \u2014 y compris, et surtout, vous.","rel":"","context":"Similar post","block_context":{"text":"Similar post","link":""},"img":{"alt_text":"","src":"https:\/\/i0.wp.com\/canada.wordcamp.org\/2025-fr\/files\/2025\/03\/WCEH24-504-of-504-min.jpeg?fit=900%2C1200&ssl=1&resize=350%2C200","width":350,"height":200,"srcset":"https:\/\/i0.wp.com\/canada.wordcamp.org\/2025-fr\/files\/2025\/03\/WCEH24-504-of-504-min.jpeg?fit=900%2C1200&ssl=1&resize=350%2C200 1x, https:\/\/i0.wp.com\/canada.wordcamp.org\/2025-fr\/files\/2025\/03\/WCEH24-504-of-504-min.jpeg?fit=900%2C1200&ssl=1&resize=525%2C300 1.5x, https:\/\/i0.wp.com\/canada.wordcamp.org\/2025-fr\/files\/2025\/03\/WCEH24-504-of-504-min.jpeg?fit=900%2C1200&ssl=1&resize=700%2C400 2x"},"classes":[]}],"jetpack_sharing_enabled":true,"_links":{"self":[{"href":"https:\/\/canada.wordcamp.org\/2025-fr\/wp-json\/wp\/v2\/pages\/12","targetHints":{"allow":["GET"]}}],"collection":[{"href":"https:\/\/canada.wordcamp.org\/2025-fr\/wp-json\/wp\/v2\/pages"}],"about":[{"href":"https:\/\/canada.wordcamp.org\/2025-fr\/wp-json\/wp\/v2\/types\/page"}],"author":[{"embeddable":true,"href":"https:\/\/canada.wordcamp.org\/2025-fr\/wp-json\/wp\/v2\/users\/8356622"}],"replies":[{"embeddable":true,"href":"https:\/\/canada.wordcamp.org\/2025-fr\/wp-json\/wp\/v2\/comments?post=12"}],"version-history":[{"count":4,"href":"https:\/\/canada.wordcamp.org\/2025-fr\/wp-json\/wp\/v2\/pages\/12\/revisions"}],"predecessor-version":[{"id":2188,"href":"https:\/\/canada.wordcamp.org\/2025-fr\/wp-json\/wp\/v2\/pages\/12\/revisions\/2188"}],"wp:featuredmedia":[{"embeddable":true,"href":"https:\/\/canada.wordcamp.org\/2025-fr\/wp-json\/wp\/v2\/media\/1037"}],"wp:attachment":[{"href":"https:\/\/canada.wordcamp.org\/2025-fr\/wp-json\/wp\/v2\/media?parent=12"}],"curies":[{"name":"wp","href":"https:\/\/api.w.org\/{rel}","templated":true}]}}