{"id":13,"date":"2025-06-12T00:06:50","date_gmt":"2025-06-12T00:06:50","guid":{"rendered":"https:\/\/canada.wordcamp.org\/2025\/?page_id=13"},"modified":"2025-08-08T07:08:01","modified_gmt":"2025-08-08T07:08:01","slug":"billets","status":"publish","type":"page","link":"https:\/\/canada.wordcamp.org\/2025-fr\/billets\/","title":{"rendered":"R\u00e9servez votre place \u00e0 WordCamp Canada 2025"},"content":{"rendered":"\n<div class=\"wp-block-wporg-notice is-alert-notice\"><div class=\"wp-block-wporg-notice__icon\"><\/div><div class=\"wp-block-wporg-notice__content\"><p><br><strong>Veuillez consulter les informations et la <a href=\"#ticket-details\">FAQ<\/a> ci-dessous avant de faire un achat, surtout si vous achetez plus d\u2019un billet\u202f!<\/strong><\/p><\/div><\/div>\n\n\n\n<div class=\"wp-block-columns is-style-section-3 has-border-color has-accent-6-border-color is-layout-flex wp-container-core-columns-is-layout-28f84493 wp-block-columns-is-layout-flex is-style-section-3--1\" style=\"border-style:dashed;border-width:7px;border-radius:30px\">\n<div class=\"wp-block-column is-layout-flow wp-block-column-is-layout-flow\" style=\"padding-top:var(--wp--preset--spacing--30);padding-right:var(--wp--preset--spacing--30);padding-bottom:var(--wp--preset--spacing--30);padding-left:var(--wp--preset--spacing--30)\">\n<h2 class=\"wp-block-heading\"><strong>D\u00e9tails de l\u2019\u00e9v\u00e9nement<\/strong><\/h2>\n\n\n\n<p><strong>Dates :<\/strong> 15 au 17 octobre 2025<br><strong>Emplacement :<\/strong> Pavillon Richcraft, <a href=\"https:\/\/canada.wordcamp.org\/2025-fr\/universite-carleton\/\" data-type=\"page\" data-id=\"11\">Universit\u00e9 Carleton<\/a>, Ottawa (ON)<br><strong>Site web :<\/strong> <a href=\"https:\/\/canada.wordcamp.org\/2025-fr\">canada.wordcamp.org\/2025-fr<\/a><\/p>\n<\/div>\n\n\n\n<div class=\"wp-block-column is-vertically-aligned-center is-layout-flow wp-block-column-is-layout-flow\">\n<div class=\"wp-block-buttons is-content-justification-center is-layout-flex wp-container-core-buttons-is-layout-e511ce0b wp-block-buttons-is-layout-flex\" style=\"margin-top:var(--wp--preset--spacing--30);margin-bottom:var(--wp--preset--spacing--30)\">\n<div class=\"wp-block-button is-style-fill\"><a class=\"wp-block-button__link has-custom-a-11-y-red-text-background-color has-background has-text-align-center wp-element-button\" href=\"#the-tickets\"><strong>OBTENEZ VOTRE BILLET ! &gt;<\/strong><\/a><\/div>\n<\/div>\n<\/div>\n<\/div>\n\n\n\n<p><strong><br><\/strong>WordCamp Canada est un \u00e9v\u00e9nement pour toutes les personnes int\u00e9ress\u00e9es par WordPress<strong>.<\/strong> Vous d\u00e9butez ou vous \u00eates simplement curieux\u00b7se d\u2019en apprendre davantage? Peut-\u00eatre \u00eates-vous designer ou cr\u00e9ateur de contenu. Peut-\u00eatre \u00eates-vous \u00e9diteur ou d\u00e9veloppeur. Peu importe votre parcours, vous rencontrerez des gens formidables comme vous, qui apprennent et cr\u00e9ent toutes sortes de choses passionnantes avec WordPress, ici m\u00eame au WordCamp Canada.<\/p>\n\n\n\n<p>Attendez-vous \u00e0 deux journ\u00e9es bien remplies : des ateliers pratiques, des conf\u00e9rences inspirantes donn\u00e9es par des experts, et plein de moments pour retrouver de vieux amis et \u00e9largir votre r\u00e9seau. Apprenez, \u00e9changez et \u00e9voluez dans un esprit de communaut\u00e9.<\/p>\n\n\n\n<h2 class=\"wp-block-heading\" id=\"block-a9534627-58eb-4652-8698-d128e417d8a5\">Procurez-vous votre billet d\u00e8s aujourd\u2019hui\u202f!<\/h2>\n\n\n\n<p>Votre billet vous donne acc\u00e8s \u00e0 tous les \u00e9v\u00e9nements du WordCamp Canada les 15 au 17 octobre, y compris :<\/p>\n\n\n\n<ul class=\"wp-block-list\">\n<li>Des dizaines de conf\u00e9rences captivantes,<\/li>\n\n\n\n<li>Des occasions de r\u00e9seautage avec d\u2019autres professionnel\u00b7le\u00b7s du web,<\/li>\n\n\n\n<li>Les d\u00eeners ainsi que des pauses-caf\u00e9 et collations,<\/li>\n\n\n\n<li>La chance de rencontrer nos commanditaires : agences num\u00e9riques, h\u00e9bergeurs, cr\u00e9ateur\u00b7trice\u00b7s de th\u00e8mes et d\u2019extensions, et autres fournisseurs de produits et services WordPress et webtech,<\/li>\n\n\n\n<li>Et bien s\u00fbr, la soir\u00e9e Afterparty.<\/li>\n<\/ul>\n\n\n\n<h3 class=\"wp-block-heading\" id=\"block-87ad68d0-0811-4b92-bfc3-cf6d945c337a\">Si vous avez des allergies s\u00e9v\u00e8res :<\/h3>\n\n\n\n<p>Le formulaire d\u2019inscription au billet contient une section pour indiquer toute allergie s\u00e9v\u00e8re. Une fois cette option s\u00e9lectionn\u00e9e et votre billet achet\u00e9, un\u00b7e membre de notre \u00e9quipe d\u2019organisation vous contactera directement pour discuter de vos besoins en d\u00e9tail.<\/p>\n\n\n\n<h3 class=\"wp-block-heading\" id=\"block-22434a6c-99ab-4197-928a-a89cc983bd4d\">Besoin d\u2019une lettre de visa\u202f?<\/h3>\n\n\n\n<p id=\"block-51d5ab98-fb14-48a8-835d-f695935f130c\">Une fois votre billet achet\u00e9, veuillez nous contacter \u00e0 l\u2019adresse <a href=\"mailto:canada@wordcamp.org\">canada@wordcamp.org<\/a> pour demander une lettre d\u2019appui \u00e0 votre demande de visa.<\/p>\n\n\n\n<h3 class=\"wp-block-heading\">Billets Micro-commanditaires<\/h3>\n\n\n\n<p>Les billets Micro-commanditaires couvrent le co\u00fbt r\u00e9el de participation. Si vous avez les moyens de contribuer un peu plus, envisagez d\u2019acheter un billet Micro-commanditaire pour soutenir la communaut\u00e9 WordPress. Les micro-commanditaires seront remerci\u00e9s sur notre mur des Micro-commanditaires pour leur contribution au WordCamp Canada 2025.<\/p>\n\n\n\n<p>Prix des billets Micro-commanditaires : 275\u202f$ CAD<\/p>\n\n\n\n<h3 class=\"wp-block-heading\" id=\"the-tickets\">Billets R\u00e9guliers (Voyageur\u00b7euse)<\/h3>\n\n\n\n<p>Les billets r\u00e9guliers sont offerts \u00e0 un tarif r\u00e9duit, en dessous du co\u00fbt r\u00e9el de participation, pour garder le WordCamp Canada accessible \u00e0 tous et toutes. Nos g\u00e9n\u00e9reux commanditaires couvrent une partie des frais afin de rendre cela possible.<\/p>\n\n\n\n<p><strong>Prix des billets r\u00e9guliers : 100\u202f$ CAD<\/strong><\/p>\n\n\n\n<h2 class=\"wp-block-heading\">Acheter des billets<\/h2>\n\n\n\n<p>Malheureusement, il n&rsquo;est pas possible de proposer les billets en fran\u00e7ais. Pour acheter des billets, veuillez utiliser la <a href=\"https:\/\/canada.wordcamp.org\/2025\/tickets\/\">page des billets<\/a> sur le site anglais.<\/p>\n\n\n\n<div class=\"wp-block-buttons is-content-justification-center is-layout-flex wp-container-core-buttons-is-layout-a89b3969 wp-block-buttons-is-layout-flex\">\n<div class=\"wp-block-button\"><a class=\"wp-block-button__link wp-element-button\" href=\"https:\/\/canada.wordcamp.org\/2025\/tickets\/#the-tickets\">Achat de billets ( sur le site anglais )<\/a><\/div>\n<\/div>\n\n\n\n<div class=\"wp-block-group is-style-default has-accent-1-background-color has-background is-layout-flow wp-block-group-is-layout-flow\" style=\"padding-top:var(--wp--preset--spacing--40);padding-right:var(--wp--preset--spacing--40);padding-bottom:var(--wp--preset--spacing--40);padding-left:var(--wp--preset--spacing--40)\">\n<h2 class=\"wp-block-heading\" id=\"ticket-details\">Foire aux questions<\/h2>\n\n\n\n<div class=\"wp-block-group faq-grid is-layout-grid wp-container-core-group-is-layout-b757edec wp-block-group-is-layout-grid\">\n<div class=\"wp-block-group has-global-padding is-layout-constrained wp-block-group-is-layout-constrained\">\n<h3 class=\"wp-block-heading\">Accessibilit\u00e9<\/h3>\n\n\n\n<p>Notre lieu de conf\u00e9rence est accessible aux personnes utilisant des aides \u00e0 la mobilit\u00e9 comme les fauteuils roulants et les scooters. Le Pavillon Richcraft comprend un amphith\u00e9\u00e2tre et des salles de classe dot\u00e9s de boutons d\u2019ouverture automatiques, de lutrins \u00e0 hauteur ajustable, de dispositifs d\u2019aide \u00e0 l\u2019\u00e9coute et d\u2019un am\u00e9nagement flexible des si\u00e8ges.<\/p>\n\n\n\n<p><strong>Ressources suppl\u00e9mentaires :<\/strong><\/p>\n\n\n\n<ul class=\"wp-block-list\">\n<li><a href=\"https:\/\/carleton.ca\/parking\/student-parking-permits\/accessible-parking\/\">Stationnement accessible<\/a><\/li>\n\n\n\n<li><a href=\"https:\/\/carleton.ca\/accessibility-institute\/para-transpo-map\/\">Carte Para Transpo<\/a><\/li>\n\n\n\n<li><a href=\"https:\/\/carleton.ca\/finance-admin\/campus-tunnel-map\/\">Plan des tunnels du campus<\/a><\/li>\n\n\n\n<li><a href=\"https:\/\/carleton.ca\/accessibility\/service-animals\/\">Animaux d\u2019assistance<\/a><\/li>\n<\/ul>\n<\/div>\n\n\n\n<div class=\"wp-block-group has-global-padding is-layout-constrained wp-block-group-is-layout-constrained\">\n<h3 class=\"wp-block-heading\">Liste des participants<\/h3>\n\n\n\n<p>Si vous avez choisi d\u2019appara\u00eetre sur la page des participants, les renseignements suivants y seront affich\u00e9s. Vous pouvez choisir de masquer ces informations en suivant le lien dans votre courriel de confirmation et en modifiant les param\u00e8tres d\u2019affichage :<\/p>\n\n\n\n<ul class=\"wp-block-list\">\n<li>Votre nom sur la page des participants<\/li>\n\n\n\n<li>Votre photo de profil provenant de Gravatar.com<\/li>\n<\/ul>\n<\/div>\n\n\n\n<div class=\"wp-block-group has-global-padding is-layout-constrained wp-block-group-is-layout-constrained\">\n<h3 class=\"wp-block-heading\">H\u00f4tels et h\u00e9bergement<\/h3>\n\n\n\n<p>Nous avons pr\u00e9par\u00e9 une liste d\u2019h\u00f4tels et d\u2019endroits o\u00f9 s\u00e9journer \u00e0 proximit\u00e9, y compris la prison locale. (Ancienne prison, en fait \u2014 aujourd\u2019hui transform\u00e9e en auberge de jeunesse.)<\/p>\n\n\n\n<figure class=\"wp-block-embed is-type-wp-embed is-provider-wordcamp-canada-2025 wp-block-embed-wordcamp-canada-2025\"><div class=\"wp-block-embed__wrapper\">\n<blockquote class=\"wp-embedded-content\" data-secret=\"2FNFLnF8xE\"><a href=\"https:\/\/canada.wordcamp.org\/2025-fr\/planifiez-votre-voyage-au-wordcamp-canada-2025\/\">Planifiez votre voyage au WordCamp Canada 2025<\/a><\/blockquote><iframe loading=\"lazy\" class=\"wp-embedded-content\" sandbox=\"allow-scripts\" security=\"restricted\" style=\"position: absolute; visibility: hidden;\" title=\"&laquo; Planifiez votre voyage au WordCamp Canada 2025 &raquo; &#8212; WordCamp Canada 2025\" src=\"https:\/\/canada.wordcamp.org\/2025-fr\/planifiez-votre-voyage-au-wordcamp-canada-2025\/embed\/#?secret=kDAZ6VHWOP#?secret=2FNFLnF8xE\" data-secret=\"2FNFLnF8xE\" width=\"500\" height=\"282\" frameborder=\"0\" marginwidth=\"0\" marginheight=\"0\" scrolling=\"no\"><\/iframe>\n<\/div><\/figure>\n<\/div>\n\n\n\n<div class=\"wp-block-group has-global-padding is-layout-constrained wp-block-group-is-layout-constrained\">\n<h3 class=\"wp-block-heading\">Achat de plusieurs billets<\/h3>\n\n\n\n<p>Chaque billet est valide pour une seule personne. Si vous venez avec un invit\u00e9, il devra avoir son propre billet.<\/p>\n\n\n\n<p>Lors de l\u2019achat de plusieurs billets en une seule transaction, vous devrez fournir le nom complet et l\u2019adresse courriel de chaque personne pour qui vous achetez un billet.<\/p>\n\n\n\n<p>Chaque participant recevra un courriel contenant un lien de confirmation afin d\u2019associer son billet \u00e0 son compte <a href=\"http:\/\/WordPress.org\">WordPress.org<\/a> pour v\u00e9rification.<\/p>\n<\/div>\n\n\n\n<div class=\"wp-block-group has-global-padding is-layout-constrained wp-block-group-is-layout-constrained\">\n<h3 class=\"wp-block-heading\">Enregistrement<\/h3>\n\n\n\n<p>Dans le but de favoriser l\u2019esprit de communaut\u00e9 et de promouvoir l\u2019\u00e9v\u00e9nement, des photographes et vid\u00e9astes b\u00e9n\u00e9voles ou professionnels seront pr\u00e9sents au WordCamp. En participant \u00e0 l\u2019\u00e9v\u00e9nement, vous consentez \u00e0 ce que votre image soit utilis\u00e9e dans les photos ou vid\u00e9os prises, lesquelles pourraient illustrer votre pr\u00e9sence au WordCamp.<\/p>\n<\/div>\n\n\n\n<div class=\"wp-block-group has-global-padding is-layout-constrained wp-block-group-is-layout-constrained\">\n<h3 class=\"wp-block-heading\">Remboursements<\/h3>\n\n\n\n<p>Les billets sont remboursables uniquement jusqu\u2019au 2 octobre 2025. Un lien de remboursement se trouve dans le courriel contenant votre billet.<\/p>\n<\/div>\n<\/div>\n<\/div>\n","protected":false},"excerpt":{"rendered":"<p>Billets pour WordCamp Canada 2025.<\/p>\n","protected":false},"author":8356622,"featured_media":1818,"parent":0,"menu_order":7,"comment_status":"closed","ping_status":"closed","template":"","meta":{"advanced_seo_description":"","jetpack_seo_html_title":"","jetpack_seo_noindex":false,"jetpack_post_was_ever_published":true,"footnotes":""},"class_list":["post-13","page","type-page","status-publish","has-post-thumbnail","hentry"],"jetpack-related-posts":[{"id":454,"url":"https:\/\/canada.wordcamp.org\/2025-fr\/a-propos\/","url_meta":{"origin":13,"position":0},"title":"\u00c0 propos de WordCamp Canada","author":"Rick Radko","date":"16 mars 2025","format":false,"excerpt":"Nous sommes ravis d\u2019accueillir WordCamp Canada dans la capitale nationale, Ottawa, sur le campus d\u2019un \u00e9tablissement d\u2019enseignement sup\u00e9rieur de premier plan reconnu pour son engagement envers la recherche, la collaboration et l\u2019apprentissage : l\u2019Universit\u00e9 Carleton.","rel":"","context":"Similar post","block_context":{"text":"Similar post","link":""},"img":{"alt_text":"Carleton campus aerial view","src":"https:\/\/i0.wp.com\/canada.wordcamp.org\/2025-fr\/files\/2025\/03\/sip-launch-event-1200w-10.jpg?fit=1200%2C680&ssl=1&resize=350%2C200","width":350,"height":200,"srcset":"https:\/\/i0.wp.com\/canada.wordcamp.org\/2025-fr\/files\/2025\/03\/sip-launch-event-1200w-10.jpg?fit=1200%2C680&ssl=1&resize=350%2C200 1x, https:\/\/i0.wp.com\/canada.wordcamp.org\/2025-fr\/files\/2025\/03\/sip-launch-event-1200w-10.jpg?fit=1200%2C680&ssl=1&resize=525%2C300 1.5x, https:\/\/i0.wp.com\/canada.wordcamp.org\/2025-fr\/files\/2025\/03\/sip-launch-event-1200w-10.jpg?fit=1200%2C680&ssl=1&resize=700%2C400 2x, https:\/\/i0.wp.com\/canada.wordcamp.org\/2025-fr\/files\/2025\/03\/sip-launch-event-1200w-10.jpg?fit=1200%2C680&ssl=1&resize=1050%2C600 3x"},"classes":[]},{"id":1098,"url":"https:\/\/canada.wordcamp.org\/2025-fr\/appel-a-participation\/","url_meta":{"origin":13,"position":1},"title":"Appel \u00e0 participation","author":"Rick Radko","date":"17 mars 2025","format":false,"excerpt":"Avant WordCamp Canada 2025, trois \u00ab appels \u00bb seront lanc\u00e9s aux membres de la communaut\u00e9 WordPress pour qu'ils s'impliquent dans la planification, l'ex\u00e9cution et le soutien financier n\u00e9cessaires \u00e0 la r\u00e9ussite d'un \u00e9v\u00e9nement.","rel":"","context":"Similar post","block_context":{"text":"Similar post","link":""},"img":{"alt_text":"","src":"https:\/\/i0.wp.com\/canada.wordcamp.org\/2025-fr\/files\/2025\/03\/WCEH24-489-of-504-min.jpeg?fit=1200%2C800&ssl=1&resize=350%2C200","width":350,"height":200,"srcset":"https:\/\/i0.wp.com\/canada.wordcamp.org\/2025-fr\/files\/2025\/03\/WCEH24-489-of-504-min.jpeg?fit=1200%2C800&ssl=1&resize=350%2C200 1x, https:\/\/i0.wp.com\/canada.wordcamp.org\/2025-fr\/files\/2025\/03\/WCEH24-489-of-504-min.jpeg?fit=1200%2C800&ssl=1&resize=525%2C300 1.5x, https:\/\/i0.wp.com\/canada.wordcamp.org\/2025-fr\/files\/2025\/03\/WCEH24-489-of-504-min.jpeg?fit=1200%2C800&ssl=1&resize=700%2C400 2x, https:\/\/i0.wp.com\/canada.wordcamp.org\/2025-fr\/files\/2025\/03\/WCEH24-489-of-504-min.jpeg?fit=1200%2C800&ssl=1&resize=1050%2C600 3x"},"classes":[]},{"id":12,"url":"https:\/\/canada.wordcamp.org\/2025-fr\/organisateurs\/","url_meta":{"origin":13,"position":2},"title":"Organisateurs 2025","author":"Rick Radko","date":"11 octobre 2024","format":false,"excerpt":"Principaux organisateurs du WordCamp Canada 2025.","rel":"","context":"Similar post","block_context":{"text":"Similar post","link":""},"img":{"alt_text":"","src":"https:\/\/i0.wp.com\/canada.wordcamp.org\/2025-fr\/files\/2025\/03\/PXL_20240713_201608390-scaled-1.jpg?fit=1200%2C904&ssl=1&resize=350%2C200","width":350,"height":200,"srcset":"https:\/\/i0.wp.com\/canada.wordcamp.org\/2025-fr\/files\/2025\/03\/PXL_20240713_201608390-scaled-1.jpg?fit=1200%2C904&ssl=1&resize=350%2C200 1x, https:\/\/i0.wp.com\/canada.wordcamp.org\/2025-fr\/files\/2025\/03\/PXL_20240713_201608390-scaled-1.jpg?fit=1200%2C904&ssl=1&resize=525%2C300 1.5x, https:\/\/i0.wp.com\/canada.wordcamp.org\/2025-fr\/files\/2025\/03\/PXL_20240713_201608390-scaled-1.jpg?fit=1200%2C904&ssl=1&resize=700%2C400 2x, https:\/\/i0.wp.com\/canada.wordcamp.org\/2025-fr\/files\/2025\/03\/PXL_20240713_201608390-scaled-1.jpg?fit=1200%2C904&ssl=1&resize=1050%2C600 3x"},"classes":[]},{"id":10,"url":"https:\/\/canada.wordcamp.org\/2025-fr\/nos-commanditaires\/","url_meta":{"origin":13,"position":3},"title":"Nos Commanditaires","author":"Rick Radko","date":"11 octobre 2024","format":false,"excerpt":"Consultez notre appel \u00e0 parrainages pour savoir comment contribuer \u00e0 la r\u00e9ussite du WordCamp de cette ann\u00e9e!","rel":"","context":"Similar post","block_context":{"text":"Similar post","link":""},"img":{"alt_text":"Parliament Hill","src":"https:\/\/i0.wp.com\/canada.wordcamp.org\/2025-fr\/files\/2025\/03\/getty-images-qkkSv6sH3aY-unsplash.jpg?fit=1200%2C781&ssl=1&resize=350%2C200","width":350,"height":200,"srcset":"https:\/\/i0.wp.com\/canada.wordcamp.org\/2025-fr\/files\/2025\/03\/getty-images-qkkSv6sH3aY-unsplash.jpg?fit=1200%2C781&ssl=1&resize=350%2C200 1x, https:\/\/i0.wp.com\/canada.wordcamp.org\/2025-fr\/files\/2025\/03\/getty-images-qkkSv6sH3aY-unsplash.jpg?fit=1200%2C781&ssl=1&resize=525%2C300 1.5x, https:\/\/i0.wp.com\/canada.wordcamp.org\/2025-fr\/files\/2025\/03\/getty-images-qkkSv6sH3aY-unsplash.jpg?fit=1200%2C781&ssl=1&resize=700%2C400 2x, https:\/\/i0.wp.com\/canada.wordcamp.org\/2025-fr\/files\/2025\/03\/getty-images-qkkSv6sH3aY-unsplash.jpg?fit=1200%2C781&ssl=1&resize=1050%2C600 3x"},"classes":[]},{"id":2421,"url":"https:\/\/canada.wordcamp.org\/2025-fr\/nos-commanditaires\/guide-de-commandite-wceh-2025\/","url_meta":{"origin":13,"position":4},"title":"Guide de commandite WCEH 2025","author":"Sofia Shendi","date":"20 septembre 2025","format":false,"excerpt":"Vue d\u2019ensemble Le parrainage \u00e0 WCEH 2025 offre aux entreprises une occasion de se connecter de fa\u00e7on significative avec la communaut\u00e9 WordPress. Nos commanditaires obtiennent une visibilit\u00e9 aupr\u00e8s d\u2019un public tr\u00e8s engag\u00e9 de d\u00e9veloppeurs, d\u2019agences et d\u2019entreprises, leur permettant de b\u00e2tir une reconnaissance de marque et d\u2019\u00e9tablir des relations pr\u00e9cieuses.\u2026","rel":"","context":"Similar post","block_context":{"text":"Similar post","link":""},"img":{"alt_text":"","src":"https:\/\/i0.wp.com\/canada.wordcamp.org\/2025-fr\/files\/2025\/09\/DSC5779-scaled-1.jpg?fit=1200%2C839&ssl=1&resize=350%2C200","width":350,"height":200,"srcset":"https:\/\/i0.wp.com\/canada.wordcamp.org\/2025-fr\/files\/2025\/09\/DSC5779-scaled-1.jpg?fit=1200%2C839&ssl=1&resize=350%2C200 1x, https:\/\/i0.wp.com\/canada.wordcamp.org\/2025-fr\/files\/2025\/09\/DSC5779-scaled-1.jpg?fit=1200%2C839&ssl=1&resize=525%2C300 1.5x, https:\/\/i0.wp.com\/canada.wordcamp.org\/2025-fr\/files\/2025\/09\/DSC5779-scaled-1.jpg?fit=1200%2C839&ssl=1&resize=700%2C400 2x, https:\/\/i0.wp.com\/canada.wordcamp.org\/2025-fr\/files\/2025\/09\/DSC5779-scaled-1.jpg?fit=1200%2C839&ssl=1&resize=1050%2C600 3x"},"classes":[]},{"id":808,"url":"https:\/\/canada.wordcamp.org\/2025-fr\/communaute-wordpress-canadienne\/","url_meta":{"origin":13,"position":5},"title":"La communaut\u00e9 WordPress canadienne","author":"Rick Radko","date":"16 mars 2025","format":false,"excerpt":"Envie de rencontrer d'autres passionn\u00e9s de WordPress au Canada\u00a0? D\u00e9couvrez notre liste de groupes et d'\u00e9v\u00e9nements WordPress organis\u00e9s partout au pays\u00a0!","rel":"","context":"Similar post","block_context":{"text":"Similar post","link":""},"img":{"alt_text":"WordCamp 2024","src":"https:\/\/i0.wp.com\/canada.wordcamp.org\/2025-fr\/files\/2025\/03\/PXL_20240713_213641260.RAW-01.COVER_-scaled-1.jpg?fit=1200%2C900&ssl=1&resize=350%2C200","width":350,"height":200,"srcset":"https:\/\/i0.wp.com\/canada.wordcamp.org\/2025-fr\/files\/2025\/03\/PXL_20240713_213641260.RAW-01.COVER_-scaled-1.jpg?fit=1200%2C900&ssl=1&resize=350%2C200 1x, https:\/\/i0.wp.com\/canada.wordcamp.org\/2025-fr\/files\/2025\/03\/PXL_20240713_213641260.RAW-01.COVER_-scaled-1.jpg?fit=1200%2C900&ssl=1&resize=525%2C300 1.5x, https:\/\/i0.wp.com\/canada.wordcamp.org\/2025-fr\/files\/2025\/03\/PXL_20240713_213641260.RAW-01.COVER_-scaled-1.jpg?fit=1200%2C900&ssl=1&resize=700%2C400 2x, https:\/\/i0.wp.com\/canada.wordcamp.org\/2025-fr\/files\/2025\/03\/PXL_20240713_213641260.RAW-01.COVER_-scaled-1.jpg?fit=1200%2C900&ssl=1&resize=1050%2C600 3x"},"classes":[]}],"jetpack_sharing_enabled":true,"_links":{"self":[{"href":"https:\/\/canada.wordcamp.org\/2025-fr\/wp-json\/wp\/v2\/pages\/13","targetHints":{"allow":["GET"]}}],"collection":[{"href":"https:\/\/canada.wordcamp.org\/2025-fr\/wp-json\/wp\/v2\/pages"}],"about":[{"href":"https:\/\/canada.wordcamp.org\/2025-fr\/wp-json\/wp\/v2\/types\/page"}],"author":[{"embeddable":true,"href":"https:\/\/canada.wordcamp.org\/2025-fr\/wp-json\/wp\/v2\/users\/8356622"}],"replies":[{"embeddable":true,"href":"https:\/\/canada.wordcamp.org\/2025-fr\/wp-json\/wp\/v2\/comments?post=13"}],"version-history":[{"count":12,"href":"https:\/\/canada.wordcamp.org\/2025-fr\/wp-json\/wp\/v2\/pages\/13\/revisions"}],"predecessor-version":[{"id":2366,"href":"https:\/\/canada.wordcamp.org\/2025-fr\/wp-json\/wp\/v2\/pages\/13\/revisions\/2366"}],"wp:featuredmedia":[{"embeddable":true,"href":"https:\/\/canada.wordcamp.org\/2025-fr\/wp-json\/wp\/v2\/media\/1818"}],"wp:attachment":[{"href":"https:\/\/canada.wordcamp.org\/2025-fr\/wp-json\/wp\/v2\/media?parent=13"}],"curies":[{"name":"wp","href":"https:\/\/api.w.org\/{rel}","templated":true}]}}