{"id":1855,"date":"2025-03-18T01:07:08","date_gmt":"2025-03-18T05:07:08","guid":{"rendered":"https:\/\/canada.wordcamp.org\/2025\/?page_id=1855"},"modified":"2025-04-18T22:11:00","modified_gmt":"2025-04-18T22:11:00","slug":"infolettre","status":"publish","type":"page","link":"https:\/\/canada.wordcamp.org\/2025-fr\/infolettre\/","title":{"rendered":"Infolettre"},"content":{"rendered":"\n<h2 class=\"wp-block-heading\">Ne manquez rien !<\/h2>\n\n\n\n<p>Recevez des nouvelles de l\u2019\u00e9quipe WCEH.<\/p>\n\n\n<div class=\"wp-block-jetpack-subscriptions__supports-newline wp-block-jetpack-subscriptions__use-newline wp-block-jetpack-subscriptions\">\n\t\t<div>\n\t\t\t<div>\n\t\t\t\t<div>\n\t\t\t\t\t<p >\n\t\t\t\t\t\t<a href=\"https:\/\/canada.wordcamp.org\/2025-fr\/?post_type=page&#038;p=1855\" style=\"font-size: 16px;padding: 15px 23px 15px 23px;margin-top: 10px;border-radius: 0px;border-width: 1px; text-decoration: none; white-space: nowrap; margin-left: 0\"><strong>S&rsquo;abonner \u203a<\/strong><\/a>\n\t\t\t\t\t<\/p>\n\t\t\t\t<\/div>\n\t\t\t<\/div>\n\t\t<\/div>\n\t<\/div>","protected":false},"excerpt":{"rendered":"<p>Recevez des nouvelles et des mises \u00e0 jour de l&rsquo;\u00e9quipe organisatrice du WCEH.<\/p>\n","protected":false},"author":8356622,"featured_media":1081,"parent":0,"menu_order":9,"comment_status":"closed","ping_status":"closed","template":"","meta":{"advanced_seo_description":"","jetpack_seo_html_title":"","jetpack_seo_noindex":false,"jetpack_post_was_ever_published":false,"footnotes":""},"class_list":["post-1855","page","type-page","status-publish","has-post-thumbnail","hentry"],"jetpack-related-posts":[{"id":367,"url":"https:\/\/canada.wordcamp.org\/2025-fr\/mises-a-jour\/","url_meta":{"origin":1855,"position":0},"title":"Derni\u00e8res mises \u00e0 jour","author":"Rick Radko","date":"10 mars 2025","format":false,"excerpt":"Les derni\u00e8res nouvelles de l'\u00e9quipe organisatrice du WCEH.","rel":"","context":"Similar post","block_context":{"text":"Similar post","link":""},"img":{"alt_text":"Parliament Hill","src":"https:\/\/i0.wp.com\/canada.wordcamp.org\/2025-fr\/files\/2025\/03\/kishore-uthamaraj-8tA7mFMPV_k-unsplash.jpg?fit=1200%2C800&ssl=1&resize=350%2C200","width":350,"height":200,"srcset":"https:\/\/i0.wp.com\/canada.wordcamp.org\/2025-fr\/files\/2025\/03\/kishore-uthamaraj-8tA7mFMPV_k-unsplash.jpg?fit=1200%2C800&ssl=1&resize=350%2C200 1x, https:\/\/i0.wp.com\/canada.wordcamp.org\/2025-fr\/files\/2025\/03\/kishore-uthamaraj-8tA7mFMPV_k-unsplash.jpg?fit=1200%2C800&ssl=1&resize=525%2C300 1.5x, https:\/\/i0.wp.com\/canada.wordcamp.org\/2025-fr\/files\/2025\/03\/kishore-uthamaraj-8tA7mFMPV_k-unsplash.jpg?fit=1200%2C800&ssl=1&resize=700%2C400 2x, https:\/\/i0.wp.com\/canada.wordcamp.org\/2025-fr\/files\/2025\/03\/kishore-uthamaraj-8tA7mFMPV_k-unsplash.jpg?fit=1200%2C800&ssl=1&resize=1050%2C600 3x"},"classes":[]},{"id":2421,"url":"https:\/\/canada.wordcamp.org\/2025-fr\/nos-commanditaires\/guide-de-commandite-wceh-2025\/","url_meta":{"origin":1855,"position":1},"title":"Guide de commandite WCEH 2025","author":"Sofia Shendi","date":"20 septembre 2025","format":false,"excerpt":"Vue d\u2019ensemble Le parrainage \u00e0 WCEH 2025 offre aux entreprises une occasion de se connecter de fa\u00e7on significative avec la communaut\u00e9 WordPress. Nos commanditaires obtiennent une visibilit\u00e9 aupr\u00e8s d\u2019un public tr\u00e8s engag\u00e9 de d\u00e9veloppeurs, d\u2019agences et d\u2019entreprises, leur permettant de b\u00e2tir une reconnaissance de marque et d\u2019\u00e9tablir des relations pr\u00e9cieuses.\u2026","rel":"","context":"Similar post","block_context":{"text":"Similar post","link":""},"img":{"alt_text":"","src":"https:\/\/i0.wp.com\/canada.wordcamp.org\/2025-fr\/files\/2025\/09\/DSC5779-scaled-1.jpg?fit=1200%2C839&ssl=1&resize=350%2C200","width":350,"height":200,"srcset":"https:\/\/i0.wp.com\/canada.wordcamp.org\/2025-fr\/files\/2025\/09\/DSC5779-scaled-1.jpg?fit=1200%2C839&ssl=1&resize=350%2C200 1x, https:\/\/i0.wp.com\/canada.wordcamp.org\/2025-fr\/files\/2025\/09\/DSC5779-scaled-1.jpg?fit=1200%2C839&ssl=1&resize=525%2C300 1.5x, https:\/\/i0.wp.com\/canada.wordcamp.org\/2025-fr\/files\/2025\/09\/DSC5779-scaled-1.jpg?fit=1200%2C839&ssl=1&resize=700%2C400 2x, https:\/\/i0.wp.com\/canada.wordcamp.org\/2025-fr\/files\/2025\/09\/DSC5779-scaled-1.jpg?fit=1200%2C839&ssl=1&resize=1050%2C600 3x"},"classes":[]},{"id":278,"url":"https:\/\/canada.wordcamp.org\/2025-fr\/dossier-de-commandites\/","url_meta":{"origin":1855,"position":2},"title":"Dossier de commandites","author":"Sofia Shendi","date":"10 mars 2025","format":false,"excerpt":"Sponsorship at WCEH 2025 offers you an opportunity to connect with the WordPress community in a meaningful way. Our sponsors gain exposure to a highly engaged audience of developers, agencies, and businesses, allowing them to build brand recognition and establish valuable relationships.","rel":"","context":"Similar post","block_context":{"text":"Similar post","link":""},"img":{"alt_text":"WordCamp Canada 2024","src":"https:\/\/i0.wp.com\/canada.wordcamp.org\/2025-fr\/files\/2025\/03\/wceh_venue2.jpg?fit=1000%2C750&ssl=1&resize=350%2C200","width":350,"height":200,"srcset":"https:\/\/i0.wp.com\/canada.wordcamp.org\/2025-fr\/files\/2025\/03\/wceh_venue2.jpg?fit=1000%2C750&ssl=1&resize=350%2C200 1x, https:\/\/i0.wp.com\/canada.wordcamp.org\/2025-fr\/files\/2025\/03\/wceh_venue2.jpg?fit=1000%2C750&ssl=1&resize=525%2C300 1.5x, https:\/\/i0.wp.com\/canada.wordcamp.org\/2025-fr\/files\/2025\/03\/wceh_venue2.jpg?fit=1000%2C750&ssl=1&resize=700%2C400 2x"},"classes":[]},{"id":454,"url":"https:\/\/canada.wordcamp.org\/2025-fr\/a-propos\/","url_meta":{"origin":1855,"position":3},"title":"\u00c0 propos de WordCamp Canada","author":"Rick Radko","date":"16 mars 2025","format":false,"excerpt":"Nous sommes ravis d\u2019accueillir WordCamp Canada dans la capitale nationale, Ottawa, sur le campus d\u2019un \u00e9tablissement d\u2019enseignement sup\u00e9rieur de premier plan reconnu pour son engagement envers la recherche, la collaboration et l\u2019apprentissage : l\u2019Universit\u00e9 Carleton.","rel":"","context":"Similar post","block_context":{"text":"Similar post","link":""},"img":{"alt_text":"Carleton campus aerial view","src":"https:\/\/i0.wp.com\/canada.wordcamp.org\/2025-fr\/files\/2025\/03\/sip-launch-event-1200w-10.jpg?fit=1200%2C680&ssl=1&resize=350%2C200","width":350,"height":200,"srcset":"https:\/\/i0.wp.com\/canada.wordcamp.org\/2025-fr\/files\/2025\/03\/sip-launch-event-1200w-10.jpg?fit=1200%2C680&ssl=1&resize=350%2C200 1x, https:\/\/i0.wp.com\/canada.wordcamp.org\/2025-fr\/files\/2025\/03\/sip-launch-event-1200w-10.jpg?fit=1200%2C680&ssl=1&resize=525%2C300 1.5x, https:\/\/i0.wp.com\/canada.wordcamp.org\/2025-fr\/files\/2025\/03\/sip-launch-event-1200w-10.jpg?fit=1200%2C680&ssl=1&resize=700%2C400 2x, https:\/\/i0.wp.com\/canada.wordcamp.org\/2025-fr\/files\/2025\/03\/sip-launch-event-1200w-10.jpg?fit=1200%2C680&ssl=1&resize=1050%2C600 3x"},"classes":[]},{"id":17,"url":"https:\/\/canada.wordcamp.org\/2025-fr\/contactez-nous\/","url_meta":{"origin":1855,"position":4},"title":"Contactez-nous","author":"Rick Radko","date":"11 octobre 2024","format":false,"excerpt":"Veuillez utiliser ce formulaire de contact pour communiquer avec l'\u00e9quipe organisatrice de WordCamp Canada.","rel":"","context":"Similar post","block_context":{"text":"Similar post","link":""},"img":{"alt_text":"","src":"https:\/\/i0.wp.com\/canada.wordcamp.org\/2025-fr\/files\/2025\/03\/PXL_20240711_124951599.RAW-01.COVER_-scaled-1.jpg?fit=904%2C1200&ssl=1&resize=350%2C200","width":350,"height":200,"srcset":"https:\/\/i0.wp.com\/canada.wordcamp.org\/2025-fr\/files\/2025\/03\/PXL_20240711_124951599.RAW-01.COVER_-scaled-1.jpg?fit=904%2C1200&ssl=1&resize=350%2C200 1x, https:\/\/i0.wp.com\/canada.wordcamp.org\/2025-fr\/files\/2025\/03\/PXL_20240711_124951599.RAW-01.COVER_-scaled-1.jpg?fit=904%2C1200&ssl=1&resize=525%2C300 1.5x, https:\/\/i0.wp.com\/canada.wordcamp.org\/2025-fr\/files\/2025\/03\/PXL_20240711_124951599.RAW-01.COVER_-scaled-1.jpg?fit=904%2C1200&ssl=1&resize=700%2C400 2x"},"classes":[]},{"id":1098,"url":"https:\/\/canada.wordcamp.org\/2025-fr\/appel-a-participation\/","url_meta":{"origin":1855,"position":5},"title":"Appel \u00e0 participation","author":"Rick Radko","date":"17 mars 2025","format":false,"excerpt":"Avant WordCamp Canada 2025, trois \u00ab appels \u00bb seront lanc\u00e9s aux membres de la communaut\u00e9 WordPress pour qu'ils s'impliquent dans la planification, l'ex\u00e9cution et le soutien financier n\u00e9cessaires \u00e0 la r\u00e9ussite d'un \u00e9v\u00e9nement.","rel":"","context":"Similar post","block_context":{"text":"Similar post","link":""},"img":{"alt_text":"","src":"https:\/\/i0.wp.com\/canada.wordcamp.org\/2025-fr\/files\/2025\/03\/WCEH24-489-of-504-min.jpeg?fit=1200%2C800&ssl=1&resize=350%2C200","width":350,"height":200,"srcset":"https:\/\/i0.wp.com\/canada.wordcamp.org\/2025-fr\/files\/2025\/03\/WCEH24-489-of-504-min.jpeg?fit=1200%2C800&ssl=1&resize=350%2C200 1x, https:\/\/i0.wp.com\/canada.wordcamp.org\/2025-fr\/files\/2025\/03\/WCEH24-489-of-504-min.jpeg?fit=1200%2C800&ssl=1&resize=525%2C300 1.5x, https:\/\/i0.wp.com\/canada.wordcamp.org\/2025-fr\/files\/2025\/03\/WCEH24-489-of-504-min.jpeg?fit=1200%2C800&ssl=1&resize=700%2C400 2x, https:\/\/i0.wp.com\/canada.wordcamp.org\/2025-fr\/files\/2025\/03\/WCEH24-489-of-504-min.jpeg?fit=1200%2C800&ssl=1&resize=1050%2C600 3x"},"classes":[]}],"jetpack_sharing_enabled":true,"_links":{"self":[{"href":"https:\/\/canada.wordcamp.org\/2025-fr\/wp-json\/wp\/v2\/pages\/1855","targetHints":{"allow":["GET"]}}],"collection":[{"href":"https:\/\/canada.wordcamp.org\/2025-fr\/wp-json\/wp\/v2\/pages"}],"about":[{"href":"https:\/\/canada.wordcamp.org\/2025-fr\/wp-json\/wp\/v2\/types\/page"}],"author":[{"embeddable":true,"href":"https:\/\/canada.wordcamp.org\/2025-fr\/wp-json\/wp\/v2\/users\/8356622"}],"replies":[{"embeddable":true,"href":"https:\/\/canada.wordcamp.org\/2025-fr\/wp-json\/wp\/v2\/comments?post=1855"}],"version-history":[{"count":4,"href":"https:\/\/canada.wordcamp.org\/2025-fr\/wp-json\/wp\/v2\/pages\/1855\/revisions"}],"predecessor-version":[{"id":2203,"href":"https:\/\/canada.wordcamp.org\/2025-fr\/wp-json\/wp\/v2\/pages\/1855\/revisions\/2203"}],"wp:featuredmedia":[{"embeddable":true,"href":"https:\/\/canada.wordcamp.org\/2025-fr\/wp-json\/wp\/v2\/media\/1081"}],"wp:attachment":[{"href":"https:\/\/canada.wordcamp.org\/2025-fr\/wp-json\/wp\/v2\/media?parent=1855"}],"curies":[{"name":"wp","href":"https:\/\/api.w.org\/{rel}","templated":true}]}}