{"id":20,"date":"2024-10-11T09:22:34","date_gmt":"2024-10-11T13:22:34","guid":{"rendered":"https:\/\/canada.wordcamp.org\/2025\/code-of-conduct\/"},"modified":"2025-04-26T15:04:27","modified_gmt":"2025-04-26T15:04:27","slug":"code-de-conduite","status":"publish","type":"page","link":"https:\/\/canada.wordcamp.org\/2025-fr\/code-de-conduite\/","title":{"rendered":"Code de conduite"},"content":{"rendered":"\n<div class=\"wp-block-group alignwide is-vertical is-layout-flex wp-container-core-group-is-layout-fe9cc265 wp-block-group-is-layout-flex\"><div class=\"wp-block-post-excerpt has-large-font-size\"><p class=\"wp-block-post-excerpt__excerpt\">WordCamp Canada est une communaut\u00e9 ouverte \u2014 pour tous \u2014 et toutes les personnes impliqu\u00e9es dans WordCamp et ses \u00e9v\u00e9nements associ\u00e9s sont responsables de veiller \u00e0 ce qu&rsquo;ils soient conviviaux, s\u00e9curitaires et accueillants \u2014 y compris, et surtout, vous. <\/p><\/div><\/div>\n\n\n\n<h2 class=\"wp-block-heading\"><strong>1. Pourquoi avoir un code de conduite ?<\/strong><\/h2>\n\n\n\n<p>WordCamp Canada est une communaut\u00e9 ouverte \u2014 <strong>pour tous.<\/strong><\/p>\n\n\n\n<p>Cela signifie que chaque WordCamp, chaque ann\u00e9e, et chaque \u00e9v\u00e9nement associ\u00e9 est un environnement convivial, s\u00e9curitaire et accueillant pour tous, sans distinction de genre, d&rsquo;orientation sexuelle, de limitation, d&rsquo;origine ethnique, de religion, d&rsquo;\u00e2ge, de caste, de classe sociale, de syst\u00e8me d&rsquo;exploitation pr\u00e9f\u00e9r\u00e9, de langage de programmation, d&rsquo;\u00e9diteur de texte ou de toute autre caract\u00e9ristique d&rsquo;identification.<\/p>\n\n\n\n<p>Cela signifie \u00e9galement que toutes les personnes impliqu\u00e9es s&rsquo;engagent \u00e0 contribuer \u00e0 rendre WordCamp et ses \u00e9v\u00e9nements connexes conviviaux, s\u00e9curitaires et accueillants, y compris et surtout vous. Quelle que soit la mani\u00e8re dont vous participez au WordCamp (en tant que commanditaire, b\u00e9n\u00e9vole, conf\u00e9rencier ou participant), vous avez la responsabilit\u00e9 de contribuer \u00e0 vous assurer que l&rsquo;\u00e9v\u00e9nement est conforme aux normes et aux valeurs de la communaut\u00e9 WordPress.<\/p>\n\n\n\n<p>C&rsquo;est pourquoi il existe un code de conduite, pour vous aider \u00e0 comprendre ce qui est acceptable et ce qui ne l&rsquo;est pas en mati\u00e8re de comportement et quelles sont les cons\u00e9quences d&rsquo;un comportement inacceptable.<\/p>\n\n\n\n<h2 class=\"wp-block-heading\"><strong>3. Quoi faire<\/strong><\/h2>\n\n\n\n<p><strong>Amusez-vous bien !<\/strong> Apprenez de nouvelles choses ! Enseignez quelque chose ! Faites-vous des amis ! Ou bien, r\u00e9fl\u00e9chissez et observez. Participez de la mani\u00e8re qui vous convient et faites de WordCamp Canada le v\u00f4tre.<\/p>\n\n\n\n<p><strong>Soyez pr\u00e9venant, respectueux et collaboratif.<\/strong><\/p>\n\n\n\n<p><strong>R\u00e9fl\u00e9chissez avant de parler :<\/strong> assurez-vous que la blague hilarante que vous venez d\u2019entendre (ou toute autre chose qui vous vient \u00e0 l\u2019esprit) est exempte de contenu d\u00e9gradant, discriminatoire ou harcelant avant de la partager.<\/p>\n\n\n\n<p><strong>Faites attention \u00e0 votre environnement et aux personnes qui vous entourent. <\/strong>Si vous remarquez une personne en d\u00e9tresse ou si une situation semble dangereuse, rendez-vous au bureau d\u2019inscription et demandez un organisateur.<\/p>\n\n\n\n<h2 class=\"wp-block-heading\"><strong>4. Ce qu&rsquo;il ne faut pas faire<\/strong><\/h2>\n\n\n\n<p>S\u00e9rieusement. Ne rien faire dans cette section. De pr\u00e9f\u00e9rence toujours, mais certainement pas au WordCamp Canada.<\/p>\n\n\n\n<p>N&rsquo;intimidez pas, ne harcelez pas, n&rsquo;abusez pas, ne discriminez pas, ne d\u00e9nigrez pas, n&rsquo;insultez pas, ne rabaissez pas et ne ridiculisez pas qui que ce soit, pour quelque raison que ce soit. Ne tol\u00e9rez pas que quelqu&rsquo;un d&rsquo;autre fasse l&rsquo;une de ces choses. Tous les lieux du WordCamp Canada pourraient inclure des membres du public; veuillez respecter tous les clients de ces lieux.<\/p>\n\n\n\n<p>Le harc\u00e8lement comprend : les commentaires verbaux offensants li\u00e9s au sexe, \u00e0 l\u2019orientation sexuelle, \u00e0 la race, \u00e0 la religion ou \u00e0 une limitation; utilisation inappropri\u00e9e de nudit\u00e9 et\/ou d\u2019images sexuelles dans les espaces publics (y compris les diapositives de pr\u00e9sentation); intimidation, harc\u00e8lement ou filature d\u00e9lib\u00e9r\u00e9s ; photographie ou enregistrement harcelant; perturbation prolong\u00e9e des pourparlers ou d\u2019autres \u00e9v\u00e9nements; contact physique inappropri\u00e9 et attention sexuelle non d\u00e9sir\u00e9e.<\/p>\n\n\n\n<h2 class=\"wp-block-heading\"><strong>5. Cons\u00e9quences d&rsquo;un comportement inacceptable<\/strong><\/h2>\n\n\n\n<p>Aucun comportement inacceptable ne sera tol\u00e9r\u00e9, quelle que soit son origine. Ni des autres participants, organisateurs, personnel du lieu, commanditaires, ni des autres clients des lieux de WordCamp Canada.<\/p>\n\n\n\n<p>Si quelqu&rsquo;un vous demande d&rsquo;arr\u00eater de faire quelque chose, que vous pensiez que votre comportement \u00e9tait inacceptable ou non, arr\u00eatez. Imm\u00e9diatement.<\/p>\n\n\n\n<p>Sinon, les organisateurs de la conf\u00e9rence peuvent prendre toute mesure qu\u2019ils jugent appropri\u00e9e, pouvant aller jusqu\u2019\u00e0 vous expulser de la conf\u00e9rence sans avertissement ni remboursement.<\/p>\n\n\n\n<h2 class=\"wp-block-heading\"><strong>6. Si vous \u00eates t\u00e9moin ou victime d&rsquo;un comportement inacceptable<\/strong><\/h2>\n\n\n\n<p>Si vous \u00eates victime d\u2019un comportement inacceptable, si vous remarquez que quelqu\u2019un d\u2019autre est victime d\u2019un comportement inacceptable ou si vous avez d\u2019autres pr\u00e9occupations, veuillez vous rendre imm\u00e9diatement au bureau d\u2019inscription, ou d\u00e8s que possible, et demander un organisateur.<\/p>\n\n\n\n<p>Selon la situation, les organisateurs et le reste de l&rsquo;\u00e9quipe WordCamp feront ce qu&rsquo;il faut pour am\u00e9liorer la situation et pour vous aider \u00e0 vous sentir en s\u00e9curit\u00e9.<\/p>\n\n\n\n<p>Cela pourrait inclure de vous aider ou d&rsquo;aider le participant concern\u00e9 :<\/p>\n\n\n\n<ul class=\"wp-block-list\">\n<li>Communiquez avec la s\u00e9curit\u00e9 locale ou les forces de l&rsquo;ordre locales,<\/li>\n\n\n\n<li>Trouvez des escortes pour vous d\u00e9placer d&rsquo;un endroit \u00e0 un autre,<\/li>\n\n\n\n<li>Isolez la personne du probl\u00e8me.<\/li>\n<\/ul>\n\n\n\n<p>Encore une fois, pour obtenir de l&rsquo;aide concernant l&rsquo;un des points ci-dessus, rendez-vous au bureau d&rsquo;inscription dans le hall et demandez aux organisateurs.<\/p>\n\n\n\n<h2 class=\"wp-block-heading\"><strong>7. Qui \u00e7a concerne<\/strong><\/h2>\n\n\n\n<p>Nous nous attendons \u00e0 ce que chaque participant \u00e0 la conf\u00e9rence (commanditaires, b\u00e9n\u00e9voles, conf\u00e9renciers, participants et autres invit\u00e9s) respecte ce code de conduite dans chaque lieu de conf\u00e9rence et \u00e9v\u00e9nement social li\u00e9 \u00e0 la conf\u00e9rence. \u00c7a veut dire vous.<\/p>\n\n\n\n<h2 class=\"wp-block-heading\"><strong>8. Coordonn\u00e9es<\/strong><\/h2>\n\n\n\n<p><a href=\"https:\/\/canada.wordcamp.org\/2025-fr\/contactez-nous\/\">Contactez-nous par le formulaire sur notre page de contact<\/a>.<\/p>\n\n\n\n<p>Si vous n&rsquo;\u00eates pas en mesure de rencontrer physiquement un organisateur pendant que vous \u00eates \u00e0 la conf\u00e9rence, vous \u00eates plus que bienvenu \u00e0 appeler les services de s\u00e9curit\u00e9 du campus de Carleton (au 613-520-4444) ou \u00e0 appeler le 911 (si ce n&rsquo;est pas une urgence, veuillez appeler la police d&rsquo;Ottawa au 613-236-1222, poste 7300).<\/p>\n\n\n\n<h2 class=\"wp-block-heading\"><strong>9. Licence et attribution<\/strong><\/h2>\n\n\n\n<p>Ce code de conduite est bas\u00e9 sur le travail remarquable d&rsquo;Open Source Bridge, mais avec quelques modifications pour plus de lisibilit\u00e9 et de clart\u00e9, et avec nos informations sur les \u00e9v\u00e9nements remplac\u00e9es. L&rsquo;original est <a href=\"http:\/\/web.archive.org\/web\/20191206083557\/http:\/\/opensourcebridge.org\/about\/code-of-conduct\/\">Open Source Bridge 2018 [archiv\u00e9]<\/a> et b\u00e9n\u00e9ficie d&rsquo;une licence <a href=\"http:\/\/creativecommons.org\/licenses\/by-sa\/3.0\/\">Creative Commons Attribution-ShareAlike<\/a>.<\/p>\n\n\n\n<h3 class=\"wp-block-heading\"><strong>D\u00e9claration concernant les activit\u00e9s sociales ou les \u00e9v\u00e9nements suppl\u00e9mentaires (le cas \u00e9ch\u00e9ant)<\/strong><\/h3>\n\n\n\n<p>Les \u00e9v\u00e9nements sociaux et compl\u00e9mentaires en dehors des \u00e9v\u00e9nements et du lieu principaux du WordCamp sont cens\u00e9s vous donner l&rsquo;occasion de rencontrer des gens, de r\u00e9seauter, de poser des questions, de continuer \u00e0 apprendre et de vous d\u00e9tendre apr\u00e8s un WordCamp complet.<\/p>\n\n\n\n<h4 class=\"wp-block-heading has-large-font-size\" style=\"font-style:normal;font-weight:700\">Ils devraient \u00eatre amusants.<\/h4>\n\n\n\n<p>Et ils devraient \u00eatre des endroits o\u00f9 vous et tout le monde pouvez vous sentir en s\u00e9curit\u00e9.<\/p>\n\n\n\n<p>Si vous \u00eates victime d&rsquo;une violation du Code de conduite, constatez une violation, \u00eates pr\u00e9occup\u00e9 par le bien-\u00eatre, la s\u00e9curit\u00e9 ou le comportement d&rsquo;un autre participant, ou si vous avez une question g\u00e9n\u00e9rale (les violations ne sont pas toujours \u00e9videntes !), vous pouvez obtenir de l&rsquo;aide imm\u00e9diatement : informez un organisateur du WordCamp ou envoyez un courriel \u00e0 <a href=\"mailto:report@wordcamp.org\">report@wordcamp.org<\/a>.<\/p>\n\n\n\n<p>Lors d&rsquo;\u00e9v\u00e9nements en personne, si vous avez besoin d&rsquo;aide pour vous sortir confortablement ou en toute s\u00e9curit\u00e9 d&rsquo;une situation dans laquelle vous ne voulez pas vous retrouver, les organisateurs se feront un devoir de vous aider imm\u00e9diatement et discr\u00e8tement.<\/p>\n\n\n\n<p>Voici quelques situations pour lesquelles vous pourriez avoir besoin d&rsquo;aide :<\/p>\n\n\n\n<ul class=\"wp-block-list\">\n<li>Tu ne te sens pas bien.<\/li>\n\n\n\n<li>Vos dispositions de transport \u00e9chouent.<\/li>\n\n\n\n<li>Toi ou les autres personnes avec qui tu es en \u00e9tat d\u2019\u00e9bri\u00e9t\u00e9.<\/li>\n\n\n\n<li>Vous \u00eates seul ou avec quelqu&rsquo;un en qui vous n&rsquo;avez pas confiance.<\/li>\n\n\n\n<li>Vous \u00eates d\u00e9pass\u00e9.<\/li>\n\n\n\n<li>Vous avez \u00e9t\u00e9 victime ou t\u00e9moin d\u2019une violation du Code de conduite.<\/li>\n<\/ul>\n\n\n\n<p>Veuillez demander \u00e0 un b\u00e9n\u00e9vole ou \u00e0 un organisateur d\u2019\u00e9v\u00e9nement \u00e0 proximit\u00e9 de vous aider si vous vous trouvez dans l\u2019une de ces situations.<\/p>\n\n\n\n<p>N&rsquo;oubliez pas que toutes les personnes impliqu\u00e9es dans WordCamp et ses \u00e9v\u00e9nements associ\u00e9s sont responsables de veiller \u00e0 ce qu&rsquo;ils soient conviviaux, s\u00e9curitaires et accueillants, y compris et surtout vous.<\/p>\n","protected":false},"excerpt":{"rendered":"<p>WordCamp Canada est une communaut\u00e9 ouverte \u2014 <strong>pour tous<\/strong> \u2014 et toutes les personnes impliqu\u00e9es dans WordCamp et ses \u00e9v\u00e9nements associ\u00e9s sont responsables de veiller \u00e0 ce qu&rsquo;ils soient conviviaux, s\u00e9curitaires et accueillants \u2014 y compris, et surtout, vous.<\/p>\n","protected":false},"author":8356622,"featured_media":1077,"parent":0,"menu_order":4,"comment_status":"closed","ping_status":"closed","template":"","meta":{"advanced_seo_description":"","jetpack_seo_html_title":"","jetpack_seo_noindex":false,"jetpack_post_was_ever_published":true,"footnotes":""},"class_list":["post-20","page","type-page","status-publish","has-post-thumbnail","hentry"],"jetpack-related-posts":[{"id":1098,"url":"https:\/\/canada.wordcamp.org\/2025-fr\/appel-a-participation\/","url_meta":{"origin":20,"position":0},"title":"Appel \u00e0 participation","author":"Rick Radko","date":"17 mars 2025","format":false,"excerpt":"Avant WordCamp Canada 2025, trois \u00ab appels \u00bb seront lanc\u00e9s aux membres de la communaut\u00e9 WordPress pour qu'ils s'impliquent dans la planification, l'ex\u00e9cution et le soutien financier n\u00e9cessaires \u00e0 la r\u00e9ussite d'un \u00e9v\u00e9nement.","rel":"","context":"Similar post","block_context":{"text":"Similar post","link":""},"img":{"alt_text":"","src":"https:\/\/i0.wp.com\/canada.wordcamp.org\/2025-fr\/files\/2025\/03\/WCEH24-489-of-504-min.jpeg?fit=1200%2C800&ssl=1&resize=350%2C200","width":350,"height":200,"srcset":"https:\/\/i0.wp.com\/canada.wordcamp.org\/2025-fr\/files\/2025\/03\/WCEH24-489-of-504-min.jpeg?fit=1200%2C800&ssl=1&resize=350%2C200 1x, https:\/\/i0.wp.com\/canada.wordcamp.org\/2025-fr\/files\/2025\/03\/WCEH24-489-of-504-min.jpeg?fit=1200%2C800&ssl=1&resize=525%2C300 1.5x, https:\/\/i0.wp.com\/canada.wordcamp.org\/2025-fr\/files\/2025\/03\/WCEH24-489-of-504-min.jpeg?fit=1200%2C800&ssl=1&resize=700%2C400 2x, https:\/\/i0.wp.com\/canada.wordcamp.org\/2025-fr\/files\/2025\/03\/WCEH24-489-of-504-min.jpeg?fit=1200%2C800&ssl=1&resize=1050%2C600 3x"},"classes":[]},{"id":13,"url":"https:\/\/canada.wordcamp.org\/2025-fr\/billets\/","url_meta":{"origin":20,"position":1},"title":"R\u00e9servez votre place \u00e0 WordCamp Canada 2025","author":"Rick Radko","date":"12 juin 2025","format":false,"excerpt":"Billets pour WordCamp Canada 2025.","rel":"","context":"Similar post","block_context":{"text":"Similar post","link":""},"img":{"alt_text":"","src":"https:\/\/i0.wp.com\/canada.wordcamp.org\/2025-fr\/files\/2025\/03\/ticket-2974645_1280.jpg?fit=1200%2C800&ssl=1&resize=350%2C200","width":350,"height":200,"srcset":"https:\/\/i0.wp.com\/canada.wordcamp.org\/2025-fr\/files\/2025\/03\/ticket-2974645_1280.jpg?fit=1200%2C800&ssl=1&resize=350%2C200 1x, https:\/\/i0.wp.com\/canada.wordcamp.org\/2025-fr\/files\/2025\/03\/ticket-2974645_1280.jpg?fit=1200%2C800&ssl=1&resize=525%2C300 1.5x, https:\/\/i0.wp.com\/canada.wordcamp.org\/2025-fr\/files\/2025\/03\/ticket-2974645_1280.jpg?fit=1200%2C800&ssl=1&resize=700%2C400 2x, https:\/\/i0.wp.com\/canada.wordcamp.org\/2025-fr\/files\/2025\/03\/ticket-2974645_1280.jpg?fit=1200%2C800&ssl=1&resize=1050%2C600 3x"},"classes":[]},{"id":2421,"url":"https:\/\/canada.wordcamp.org\/2025-fr\/nos-commanditaires\/guide-de-commandite-wceh-2025\/","url_meta":{"origin":20,"position":2},"title":"Guide de commandite WCEH 2025","author":"Sofia Shendi","date":"20 septembre 2025","format":false,"excerpt":"Vue d\u2019ensemble Le parrainage \u00e0 WCEH 2025 offre aux entreprises une occasion de se connecter de fa\u00e7on significative avec la communaut\u00e9 WordPress. Nos commanditaires obtiennent une visibilit\u00e9 aupr\u00e8s d\u2019un public tr\u00e8s engag\u00e9 de d\u00e9veloppeurs, d\u2019agences et d\u2019entreprises, leur permettant de b\u00e2tir une reconnaissance de marque et d\u2019\u00e9tablir des relations pr\u00e9cieuses.\u2026","rel":"","context":"Similar post","block_context":{"text":"Similar post","link":""},"img":{"alt_text":"","src":"https:\/\/i0.wp.com\/canada.wordcamp.org\/2025-fr\/files\/2025\/09\/DSC5779-scaled-1.jpg?fit=1200%2C839&ssl=1&resize=350%2C200","width":350,"height":200,"srcset":"https:\/\/i0.wp.com\/canada.wordcamp.org\/2025-fr\/files\/2025\/09\/DSC5779-scaled-1.jpg?fit=1200%2C839&ssl=1&resize=350%2C200 1x, https:\/\/i0.wp.com\/canada.wordcamp.org\/2025-fr\/files\/2025\/09\/DSC5779-scaled-1.jpg?fit=1200%2C839&ssl=1&resize=525%2C300 1.5x, https:\/\/i0.wp.com\/canada.wordcamp.org\/2025-fr\/files\/2025\/09\/DSC5779-scaled-1.jpg?fit=1200%2C839&ssl=1&resize=700%2C400 2x, https:\/\/i0.wp.com\/canada.wordcamp.org\/2025-fr\/files\/2025\/09\/DSC5779-scaled-1.jpg?fit=1200%2C839&ssl=1&resize=1050%2C600 3x"},"classes":[]},{"id":454,"url":"https:\/\/canada.wordcamp.org\/2025-fr\/a-propos\/","url_meta":{"origin":20,"position":3},"title":"\u00c0 propos de WordCamp Canada","author":"Rick Radko","date":"16 mars 2025","format":false,"excerpt":"Nous sommes ravis d\u2019accueillir WordCamp Canada dans la capitale nationale, Ottawa, sur le campus d\u2019un \u00e9tablissement d\u2019enseignement sup\u00e9rieur de premier plan reconnu pour son engagement envers la recherche, la collaboration et l\u2019apprentissage : l\u2019Universit\u00e9 Carleton.","rel":"","context":"Similar post","block_context":{"text":"Similar post","link":""},"img":{"alt_text":"Carleton campus aerial view","src":"https:\/\/i0.wp.com\/canada.wordcamp.org\/2025-fr\/files\/2025\/03\/sip-launch-event-1200w-10.jpg?fit=1200%2C680&ssl=1&resize=350%2C200","width":350,"height":200,"srcset":"https:\/\/i0.wp.com\/canada.wordcamp.org\/2025-fr\/files\/2025\/03\/sip-launch-event-1200w-10.jpg?fit=1200%2C680&ssl=1&resize=350%2C200 1x, https:\/\/i0.wp.com\/canada.wordcamp.org\/2025-fr\/files\/2025\/03\/sip-launch-event-1200w-10.jpg?fit=1200%2C680&ssl=1&resize=525%2C300 1.5x, https:\/\/i0.wp.com\/canada.wordcamp.org\/2025-fr\/files\/2025\/03\/sip-launch-event-1200w-10.jpg?fit=1200%2C680&ssl=1&resize=700%2C400 2x, https:\/\/i0.wp.com\/canada.wordcamp.org\/2025-fr\/files\/2025\/03\/sip-launch-event-1200w-10.jpg?fit=1200%2C680&ssl=1&resize=1050%2C600 3x"},"classes":[]},{"id":10,"url":"https:\/\/canada.wordcamp.org\/2025-fr\/nos-commanditaires\/","url_meta":{"origin":20,"position":4},"title":"Nos Commanditaires","author":"Rick Radko","date":"11 octobre 2024","format":false,"excerpt":"Consultez notre appel \u00e0 parrainages pour savoir comment contribuer \u00e0 la r\u00e9ussite du WordCamp de cette ann\u00e9e!","rel":"","context":"Similar post","block_context":{"text":"Similar post","link":""},"img":{"alt_text":"Parliament Hill","src":"https:\/\/i0.wp.com\/canada.wordcamp.org\/2025-fr\/files\/2025\/03\/getty-images-qkkSv6sH3aY-unsplash.jpg?fit=1200%2C781&ssl=1&resize=350%2C200","width":350,"height":200,"srcset":"https:\/\/i0.wp.com\/canada.wordcamp.org\/2025-fr\/files\/2025\/03\/getty-images-qkkSv6sH3aY-unsplash.jpg?fit=1200%2C781&ssl=1&resize=350%2C200 1x, https:\/\/i0.wp.com\/canada.wordcamp.org\/2025-fr\/files\/2025\/03\/getty-images-qkkSv6sH3aY-unsplash.jpg?fit=1200%2C781&ssl=1&resize=525%2C300 1.5x, https:\/\/i0.wp.com\/canada.wordcamp.org\/2025-fr\/files\/2025\/03\/getty-images-qkkSv6sH3aY-unsplash.jpg?fit=1200%2C781&ssl=1&resize=700%2C400 2x, https:\/\/i0.wp.com\/canada.wordcamp.org\/2025-fr\/files\/2025\/03\/getty-images-qkkSv6sH3aY-unsplash.jpg?fit=1200%2C781&ssl=1&resize=1050%2C600 3x"},"classes":[]},{"id":808,"url":"https:\/\/canada.wordcamp.org\/2025-fr\/communaute-wordpress-canadienne\/","url_meta":{"origin":20,"position":5},"title":"La communaut\u00e9 WordPress canadienne","author":"Rick Radko","date":"16 mars 2025","format":false,"excerpt":"Envie de rencontrer d'autres passionn\u00e9s de WordPress au Canada\u00a0? D\u00e9couvrez notre liste de groupes et d'\u00e9v\u00e9nements WordPress organis\u00e9s partout au pays\u00a0!","rel":"","context":"Similar post","block_context":{"text":"Similar post","link":""},"img":{"alt_text":"WordCamp 2024","src":"https:\/\/i0.wp.com\/canada.wordcamp.org\/2025-fr\/files\/2025\/03\/PXL_20240713_213641260.RAW-01.COVER_-scaled-1.jpg?fit=1200%2C900&ssl=1&resize=350%2C200","width":350,"height":200,"srcset":"https:\/\/i0.wp.com\/canada.wordcamp.org\/2025-fr\/files\/2025\/03\/PXL_20240713_213641260.RAW-01.COVER_-scaled-1.jpg?fit=1200%2C900&ssl=1&resize=350%2C200 1x, https:\/\/i0.wp.com\/canada.wordcamp.org\/2025-fr\/files\/2025\/03\/PXL_20240713_213641260.RAW-01.COVER_-scaled-1.jpg?fit=1200%2C900&ssl=1&resize=525%2C300 1.5x, https:\/\/i0.wp.com\/canada.wordcamp.org\/2025-fr\/files\/2025\/03\/PXL_20240713_213641260.RAW-01.COVER_-scaled-1.jpg?fit=1200%2C900&ssl=1&resize=700%2C400 2x, https:\/\/i0.wp.com\/canada.wordcamp.org\/2025-fr\/files\/2025\/03\/PXL_20240713_213641260.RAW-01.COVER_-scaled-1.jpg?fit=1200%2C900&ssl=1&resize=1050%2C600 3x"},"classes":[]}],"jetpack_sharing_enabled":true,"_links":{"self":[{"href":"https:\/\/canada.wordcamp.org\/2025-fr\/wp-json\/wp\/v2\/pages\/20","targetHints":{"allow":["GET"]}}],"collection":[{"href":"https:\/\/canada.wordcamp.org\/2025-fr\/wp-json\/wp\/v2\/pages"}],"about":[{"href":"https:\/\/canada.wordcamp.org\/2025-fr\/wp-json\/wp\/v2\/types\/page"}],"author":[{"embeddable":true,"href":"https:\/\/canada.wordcamp.org\/2025-fr\/wp-json\/wp\/v2\/users\/8356622"}],"replies":[{"embeddable":true,"href":"https:\/\/canada.wordcamp.org\/2025-fr\/wp-json\/wp\/v2\/comments?post=20"}],"version-history":[{"count":8,"href":"https:\/\/canada.wordcamp.org\/2025-fr\/wp-json\/wp\/v2\/pages\/20\/revisions"}],"predecessor-version":[{"id":2257,"href":"https:\/\/canada.wordcamp.org\/2025-fr\/wp-json\/wp\/v2\/pages\/20\/revisions\/2257"}],"wp:featuredmedia":[{"embeddable":true,"href":"https:\/\/canada.wordcamp.org\/2025-fr\/wp-json\/wp\/v2\/media\/1077"}],"wp:attachment":[{"href":"https:\/\/canada.wordcamp.org\/2025-fr\/wp-json\/wp\/v2\/media?parent=20"}],"curies":[{"name":"wp","href":"https:\/\/api.w.org\/{rel}","templated":true}]}}