{"id":2421,"date":"2025-09-20T16:47:40","date_gmt":"2025-09-20T16:47:40","guid":{"rendered":"https:\/\/canada.wordcamp.org\/2025-fr\/?page_id=2421"},"modified":"2025-09-20T16:50:42","modified_gmt":"2025-09-20T16:50:42","slug":"guide-de-commandite-wceh-2025","status":"publish","type":"page","link":"https:\/\/canada.wordcamp.org\/2025-fr\/nos-commanditaires\/guide-de-commandite-wceh-2025\/","title":{"rendered":"Guide de commandite WCEH 2025"},"content":{"rendered":"\n<h2 class=\"wp-block-heading\"><strong>Vue d\u2019ensemble<\/strong><a href=\"https:\/\/github.com\/WordCamp-Canada\/2025-planning-documentation\/blob\/main\/sponsorships\/sponsorship-sales\/readme.md#overview\"><\/a><\/h2>\n\n\n\n<p>Le parrainage \u00e0 WCEH 2025 offre aux entreprises une occasion de se connecter de fa\u00e7on significative avec la communaut\u00e9 WordPress. Nos commanditaires obtiennent une visibilit\u00e9 aupr\u00e8s d\u2019un public tr\u00e8s engag\u00e9 de d\u00e9veloppeurs, d\u2019agences et d\u2019entreprises, leur permettant de b\u00e2tir une reconnaissance de marque et d\u2019\u00e9tablir des relations pr\u00e9cieuses. Le guide suivant compl\u00e8te notre <a href=\"https:\/\/canada.wordcamp.org\/2025-fr\/dossier-de-commandites\/\" data-type=\"page\" data-id=\"278\"><strong>prospectus de commandite<\/strong><\/a> et notre <a href=\"https:\/\/canada.wordcamp.org\/2025-fr\/appel-aux-commandites\/\" data-type=\"post\" data-id=\"1311\">appel \u00e0 commanditaires<\/a>, qui pr\u00e9sentent les niveaux de commandite offerts et les avantages de chacun. Nous fournissons aussi ici <strong>les principaux d\u00e9tails logistiques pour les commanditaires confirm\u00e9s.<\/strong><\/p>\n\n\n\n<h2 class=\"wp-block-heading\"><strong>Foire aux questions (FAQ)<\/strong><\/h2>\n\n\n\n<details class=\"wp-block-details has-accent-5-background-color has-background is-layout-flow wp-container-core-details-is-layout-4ccfc4ab wp-block-details-is-layout-flow\" style=\"padding-top:var(--wp--preset--spacing--20);padding-right:var(--wp--preset--spacing--20);padding-bottom:var(--wp--preset--spacing--20);padding-left:var(--wp--preset--spacing--20)\" open><summary><strong>Combien de personnes assisteront \u00e0 WordCamp Canada 2025 ?<\/strong><\/summary>\n<p style=\"padding-top:var(--wp--preset--spacing--20);padding-bottom:var(--wp--preset--spacing--20)\"><a href=\"https:\/\/central.wordcamp.org\/reports\/ticket-revenue-report\/?report-year=2024&amp;period=all&amp;wordcamp-id=3163044&amp;action=Show+results\">L\u2019an dernier<\/a>, WordCamp Canada a vendu 300 billets. Nous avons un total de 300 billets \u00e0 vendre et nous sommes <a href=\"https:\/\/central.wordcamp.org\/reports\/ticket-revenue-report\/?report-year=2025&amp;period=all&amp;wordcamp-id=8389625&amp;action=Show+results\">en voie<\/a> de tous les vendre encore une fois. Typiquement, la moiti\u00e9 des ventes de billets survient dans les 30 derniers jours avant l\u2019\u00e9v\u00e9nement. Vous pouvez nous aider en diffusant l\u2019information dans vos r\u00e9seaux ! <a href=\"https:\/\/canada.wordcamp.org\/2025\/files\/2025\/06\/Press-Kit.pdf\" data-type=\"attachment\" data-id=\"6686\">Utilisez notre trousse m\u00e9dia<\/a> (anglais).<\/p>\n<\/details>\n\n\n\n<details class=\"wp-block-details has-accent-5-background-color has-background is-layout-flow wp-container-core-details-is-layout-4ccfc4ab wp-block-details-is-layout-flow\" style=\"padding-top:var(--wp--preset--spacing--20);padding-right:var(--wp--preset--spacing--20);padding-bottom:var(--wp--preset--spacing--20);padding-left:var(--wp--preset--spacing--20)\" open><summary><strong>Quel type de personnes et d\u2019organisations assisteront \u00e0 WordCamp Canada 2025 ?<\/strong><\/summary>\n<p style=\"padding-top:var(--wp--preset--spacing--20);padding-bottom:var(--wp--preset--spacing--20)\">Des responsables et employ\u00e9s d\u2019entreprises d\u2019h\u00e9bergement, d\u2019agences de toutes tailles et de boutiques de modules. Des designers, d\u00e9veloppeurs, propri\u00e9taires de petites entreprises, cr\u00e9ateurs, organismes \u00e0 but non lucratif et institutions acad\u00e9miques. Tous sont repr\u00e9sent\u00e9s dans <a href=\"https:\/\/canada.wordcamp.org\/2025\/about\/attendees\/\">nos participants<\/a> (anglais), <a href=\"https:\/\/canada.wordcamp.org\/2025\/about\/speakers\/\">conf\u00e9renciers<\/a> (anglais) et <a href=\"https:\/\/canada.wordcamp.org\/2025-fr\/nos-commanditaires\/\" data-type=\"page\" data-id=\"10\">commanditaires<\/a> cette ann\u00e9e. Vous pouvez aussi consulter les <a href=\"https:\/\/canada.wordcamp.org\/2024\/attendees\/\">participants<\/a> (anglais), <a href=\"https:\/\/canada.wordcamp.org\/2024\/speakers\/\">conf\u00e9renciers<\/a> (anglais) et <a href=\"https:\/\/canada.wordcamp.org\/2024\/our-sponsors\/\">commanditaires<\/a> (anglais) de l\u2019an dernier pour vous faire une id\u00e9e des gens qui assistent \u00e0 WordCamp Canada. Voyez aussi le <a href=\"https:\/\/jamesgiroux.ca\/wordcamp-canada-recap\/\">compte rendu de WCEH24 par James Giroux<\/a> (anglais).<\/p>\n<\/details>\n\n\n\n<details class=\"wp-block-details has-accent-5-background-color has-background is-layout-flow wp-container-core-details-is-layout-4ccfc4ab wp-block-details-is-layout-flow\" style=\"padding-top:var(--wp--preset--spacing--20);padding-right:var(--wp--preset--spacing--20);padding-bottom:var(--wp--preset--spacing--20);padding-left:var(--wp--preset--spacing--20)\" open><summary><strong>Quel est le rendement attendu sur l\u2019investissement (ROI) pour les commanditaires de WordCamp ?<\/strong><\/summary>\n<p style=\"padding-top:var(--wp--preset--spacing--20);padding-bottom:var(--wp--preset--spacing--20)\">Si vous souhaitez un chiffre pr\u00e9cis, entrez vos variables dans le <a href=\"https:\/\/calculator.hirecorey.com\/\">calculateur de ROI d\u2019\u00e9v\u00e9nement de Corey Weddington<\/a> (anglais). Ce calculateur a \u00e9t\u00e9 inspir\u00e9 par James Giroux, organisateur principal de WCEH25, dans &laquo;<a href=\"https:\/\/jamesgiroux.ca\/the-secret-world-of-wordcamps\/\">Le monde secret des WordCamps<\/a>&raquo; (anglais).<\/p>\n<\/details>\n\n\n<p>&#8230;<\/p>","protected":false},"excerpt":{"rendered":"<p>Vue d\u2019ensemble Le parrainage \u00e0 WCEH 2025 offre aux entreprises une occasion de se connecter de fa\u00e7on significative avec la communaut\u00e9 WordPress. Nos commanditaires obtiennent une visibilit\u00e9 aupr\u00e8s d\u2019un public tr\u00e8s engag\u00e9 de d\u00e9veloppeurs, d\u2019agences et d\u2019entreprises, leur permettant de b\u00e2tir une reconnaissance de marque et d\u2019\u00e9tablir des relations pr\u00e9cieuses. Le guide suivant compl\u00e8te notre [&hellip;]<\/p>\n","protected":false},"author":13103557,"featured_media":2423,"parent":10,"menu_order":0,"comment_status":"closed","ping_status":"closed","template":"","meta":{"advanced_seo_description":"","jetpack_seo_html_title":"","jetpack_seo_noindex":false,"jetpack_post_was_ever_published":false,"footnotes":""},"class_list":["post-2421","page","type-page","status-publish","has-post-thumbnail","hentry"],"jetpack-related-posts":[{"id":278,"url":"https:\/\/canada.wordcamp.org\/2025-fr\/dossier-de-commandites\/","url_meta":{"origin":2421,"position":0},"title":"Dossier de commandites","author":"Sofia Shendi","date":"10 mars 2025","format":false,"excerpt":"Sponsorship at WCEH 2025 offers you an opportunity to connect with the WordPress community in a meaningful way. Our sponsors gain exposure to a highly engaged audience of developers, agencies, and businesses, allowing them to build brand recognition and establish valuable relationships.","rel":"","context":"Similar post","block_context":{"text":"Similar post","link":""},"img":{"alt_text":"WordCamp Canada 2024","src":"https:\/\/i0.wp.com\/canada.wordcamp.org\/2025-fr\/files\/2025\/03\/wceh_venue2.jpg?fit=1000%2C750&ssl=1&resize=350%2C200","width":350,"height":200,"srcset":"https:\/\/i0.wp.com\/canada.wordcamp.org\/2025-fr\/files\/2025\/03\/wceh_venue2.jpg?fit=1000%2C750&ssl=1&resize=350%2C200 1x, https:\/\/i0.wp.com\/canada.wordcamp.org\/2025-fr\/files\/2025\/03\/wceh_venue2.jpg?fit=1000%2C750&ssl=1&resize=525%2C300 1.5x, https:\/\/i0.wp.com\/canada.wordcamp.org\/2025-fr\/files\/2025\/03\/wceh_venue2.jpg?fit=1000%2C750&ssl=1&resize=700%2C400 2x"},"classes":[]},{"id":10,"url":"https:\/\/canada.wordcamp.org\/2025-fr\/nos-commanditaires\/","url_meta":{"origin":2421,"position":1},"title":"Nos Commanditaires","author":"Rick Radko","date":"11 octobre 2024","format":false,"excerpt":"Consultez notre appel \u00e0 parrainages pour savoir comment contribuer \u00e0 la r\u00e9ussite du WordCamp de cette ann\u00e9e!","rel":"","context":"Similar post","block_context":{"text":"Similar post","link":""},"img":{"alt_text":"Parliament Hill","src":"https:\/\/i0.wp.com\/canada.wordcamp.org\/2025-fr\/files\/2025\/03\/getty-images-qkkSv6sH3aY-unsplash.jpg?fit=1200%2C781&ssl=1&resize=350%2C200","width":350,"height":200,"srcset":"https:\/\/i0.wp.com\/canada.wordcamp.org\/2025-fr\/files\/2025\/03\/getty-images-qkkSv6sH3aY-unsplash.jpg?fit=1200%2C781&ssl=1&resize=350%2C200 1x, https:\/\/i0.wp.com\/canada.wordcamp.org\/2025-fr\/files\/2025\/03\/getty-images-qkkSv6sH3aY-unsplash.jpg?fit=1200%2C781&ssl=1&resize=525%2C300 1.5x, https:\/\/i0.wp.com\/canada.wordcamp.org\/2025-fr\/files\/2025\/03\/getty-images-qkkSv6sH3aY-unsplash.jpg?fit=1200%2C781&ssl=1&resize=700%2C400 2x, https:\/\/i0.wp.com\/canada.wordcamp.org\/2025-fr\/files\/2025\/03\/getty-images-qkkSv6sH3aY-unsplash.jpg?fit=1200%2C781&ssl=1&resize=1050%2C600 3x"},"classes":[]},{"id":1855,"url":"https:\/\/canada.wordcamp.org\/2025-fr\/infolettre\/","url_meta":{"origin":2421,"position":2},"title":"Infolettre","author":"Rick Radko","date":"18 mars 2025","format":false,"excerpt":"Recevez des nouvelles et des mises \u00e0 jour de l'\u00e9quipe organisatrice du WCEH.","rel":"","context":"Similar post","block_context":{"text":"Similar post","link":""},"img":{"alt_text":"The WCEH '24 Speaker's dinner at Overflow Brewery","src":"https:\/\/i0.wp.com\/canada.wordcamp.org\/2025-fr\/files\/2025\/03\/WCEH24-16-of-504-min.jpeg?fit=1200%2C900&ssl=1&resize=350%2C200","width":350,"height":200,"srcset":"https:\/\/i0.wp.com\/canada.wordcamp.org\/2025-fr\/files\/2025\/03\/WCEH24-16-of-504-min.jpeg?fit=1200%2C900&ssl=1&resize=350%2C200 1x, https:\/\/i0.wp.com\/canada.wordcamp.org\/2025-fr\/files\/2025\/03\/WCEH24-16-of-504-min.jpeg?fit=1200%2C900&ssl=1&resize=525%2C300 1.5x, https:\/\/i0.wp.com\/canada.wordcamp.org\/2025-fr\/files\/2025\/03\/WCEH24-16-of-504-min.jpeg?fit=1200%2C900&ssl=1&resize=700%2C400 2x, https:\/\/i0.wp.com\/canada.wordcamp.org\/2025-fr\/files\/2025\/03\/WCEH24-16-of-504-min.jpeg?fit=1200%2C900&ssl=1&resize=1050%2C600 3x"},"classes":[]},{"id":1098,"url":"https:\/\/canada.wordcamp.org\/2025-fr\/appel-a-participation\/","url_meta":{"origin":2421,"position":3},"title":"Appel \u00e0 participation","author":"Rick Radko","date":"17 mars 2025","format":false,"excerpt":"Avant WordCamp Canada 2025, trois \u00ab appels \u00bb seront lanc\u00e9s aux membres de la communaut\u00e9 WordPress pour qu'ils s'impliquent dans la planification, l'ex\u00e9cution et le soutien financier n\u00e9cessaires \u00e0 la r\u00e9ussite d'un \u00e9v\u00e9nement.","rel":"","context":"Similar post","block_context":{"text":"Similar post","link":""},"img":{"alt_text":"","src":"https:\/\/i0.wp.com\/canada.wordcamp.org\/2025-fr\/files\/2025\/03\/WCEH24-489-of-504-min.jpeg?fit=1200%2C800&ssl=1&resize=350%2C200","width":350,"height":200,"srcset":"https:\/\/i0.wp.com\/canada.wordcamp.org\/2025-fr\/files\/2025\/03\/WCEH24-489-of-504-min.jpeg?fit=1200%2C800&ssl=1&resize=350%2C200 1x, https:\/\/i0.wp.com\/canada.wordcamp.org\/2025-fr\/files\/2025\/03\/WCEH24-489-of-504-min.jpeg?fit=1200%2C800&ssl=1&resize=525%2C300 1.5x, https:\/\/i0.wp.com\/canada.wordcamp.org\/2025-fr\/files\/2025\/03\/WCEH24-489-of-504-min.jpeg?fit=1200%2C800&ssl=1&resize=700%2C400 2x, https:\/\/i0.wp.com\/canada.wordcamp.org\/2025-fr\/files\/2025\/03\/WCEH24-489-of-504-min.jpeg?fit=1200%2C800&ssl=1&resize=1050%2C600 3x"},"classes":[]},{"id":367,"url":"https:\/\/canada.wordcamp.org\/2025-fr\/mises-a-jour\/","url_meta":{"origin":2421,"position":4},"title":"Derni\u00e8res mises \u00e0 jour","author":"Rick Radko","date":"10 mars 2025","format":false,"excerpt":"Les derni\u00e8res nouvelles de l'\u00e9quipe organisatrice du WCEH.","rel":"","context":"Similar post","block_context":{"text":"Similar post","link":""},"img":{"alt_text":"Parliament Hill","src":"https:\/\/i0.wp.com\/canada.wordcamp.org\/2025-fr\/files\/2025\/03\/kishore-uthamaraj-8tA7mFMPV_k-unsplash.jpg?fit=1200%2C800&ssl=1&resize=350%2C200","width":350,"height":200,"srcset":"https:\/\/i0.wp.com\/canada.wordcamp.org\/2025-fr\/files\/2025\/03\/kishore-uthamaraj-8tA7mFMPV_k-unsplash.jpg?fit=1200%2C800&ssl=1&resize=350%2C200 1x, https:\/\/i0.wp.com\/canada.wordcamp.org\/2025-fr\/files\/2025\/03\/kishore-uthamaraj-8tA7mFMPV_k-unsplash.jpg?fit=1200%2C800&ssl=1&resize=525%2C300 1.5x, https:\/\/i0.wp.com\/canada.wordcamp.org\/2025-fr\/files\/2025\/03\/kishore-uthamaraj-8tA7mFMPV_k-unsplash.jpg?fit=1200%2C800&ssl=1&resize=700%2C400 2x, https:\/\/i0.wp.com\/canada.wordcamp.org\/2025-fr\/files\/2025\/03\/kishore-uthamaraj-8tA7mFMPV_k-unsplash.jpg?fit=1200%2C800&ssl=1&resize=1050%2C600 3x"},"classes":[]},{"id":197,"url":"https:\/\/canada.wordcamp.org\/2025-fr\/bienvenue-a-wordcamp-canada-2025\/","url_meta":{"origin":2421,"position":5},"title":"Bienvenue \u00e0 WordCamp Canada 2025","author":"alexandrecw","date":"3 f\u00e9vrier 2025","format":false,"excerpt":"Le WordCamp Canada 2025 se tiendra les 16 et 17 octobre 2025, avec une vue magnifique sur la rivi\u00e8re Rideau, au Richcraft Hall de l'Universit\u00e9 Carleton. Ottawa, capitale du Canada, accueille des \u00e9tudiants de plus de 150 pays r\u00e9partis dans six coll\u00e8ges et universit\u00e9s. Avec sa riche sc\u00e8ne culturelle, ses\u2026","rel":"","context":"Similar post","block_context":{"text":"Similar post","link":""},"img":{"alt_text":"A scene from Sparks Street in Ottawa, a pedestrian street with people walking around and heading into and out of shops.","src":"https:\/\/i0.wp.com\/canada.wordcamp.org\/2025-fr\/files\/2025\/03\/keshav-singh-panesar-z0I1MhBtsWA-unsplash.jpg?fit=1200%2C960&ssl=1&resize=350%2C200","width":350,"height":200,"srcset":"https:\/\/i0.wp.com\/canada.wordcamp.org\/2025-fr\/files\/2025\/03\/keshav-singh-panesar-z0I1MhBtsWA-unsplash.jpg?fit=1200%2C960&ssl=1&resize=350%2C200 1x, https:\/\/i0.wp.com\/canada.wordcamp.org\/2025-fr\/files\/2025\/03\/keshav-singh-panesar-z0I1MhBtsWA-unsplash.jpg?fit=1200%2C960&ssl=1&resize=525%2C300 1.5x, https:\/\/i0.wp.com\/canada.wordcamp.org\/2025-fr\/files\/2025\/03\/keshav-singh-panesar-z0I1MhBtsWA-unsplash.jpg?fit=1200%2C960&ssl=1&resize=700%2C400 2x, https:\/\/i0.wp.com\/canada.wordcamp.org\/2025-fr\/files\/2025\/03\/keshav-singh-panesar-z0I1MhBtsWA-unsplash.jpg?fit=1200%2C960&ssl=1&resize=1050%2C600 3x"},"classes":[]}],"jetpack_sharing_enabled":true,"_links":{"self":[{"href":"https:\/\/canada.wordcamp.org\/2025-fr\/wp-json\/wp\/v2\/pages\/2421","targetHints":{"allow":["GET"]}}],"collection":[{"href":"https:\/\/canada.wordcamp.org\/2025-fr\/wp-json\/wp\/v2\/pages"}],"about":[{"href":"https:\/\/canada.wordcamp.org\/2025-fr\/wp-json\/wp\/v2\/types\/page"}],"author":[{"embeddable":true,"href":"https:\/\/canada.wordcamp.org\/2025-fr\/wp-json\/wp\/v2\/users\/13103557"}],"replies":[{"embeddable":true,"href":"https:\/\/canada.wordcamp.org\/2025-fr\/wp-json\/wp\/v2\/comments?post=2421"}],"version-history":[{"count":2,"href":"https:\/\/canada.wordcamp.org\/2025-fr\/wp-json\/wp\/v2\/pages\/2421\/revisions"}],"predecessor-version":[{"id":2424,"href":"https:\/\/canada.wordcamp.org\/2025-fr\/wp-json\/wp\/v2\/pages\/2421\/revisions\/2424"}],"up":[{"embeddable":true,"href":"https:\/\/canada.wordcamp.org\/2025-fr\/wp-json\/wp\/v2\/pages\/10"}],"wp:featuredmedia":[{"embeddable":true,"href":"https:\/\/canada.wordcamp.org\/2025-fr\/wp-json\/wp\/v2\/media\/2423"}],"wp:attachment":[{"href":"https:\/\/canada.wordcamp.org\/2025-fr\/wp-json\/wp\/v2\/media?parent=2421"}],"curies":[{"name":"wp","href":"https:\/\/api.w.org\/{rel}","templated":true}]}}